{"id":21086,"date":"2026-01-13T11:50:54","date_gmt":"2026-01-13T10:50:54","guid":{"rendered":"https:\/\/goos-e.com\/?page_id=21086"},"modified":"2026-01-13T17:18:33","modified_gmt":"2026-01-13T16:18:33","slug":"aktionen","status":"publish","type":"page","link":"https:\/\/goos-e.com\/de\/aktionen\/","title":{"rendered":"**Aktionen**"},"content":{"rendered":"\t\t<div data-elementor-type=\"wp-page\" data-elementor-id=\"21086\" class=\"elementor elementor-21086 elementor-21060\" data-elementor-post-type=\"page\">\n\t\t\t\t\t\t<section class=\"elementor-section elementor-top-section elementor-element elementor-element-d8d4f11 elementor-section-boxed elementor-section-height-default elementor-section-height-default\" data-id=\"d8d4f11\" data-element_type=\"section\" data-e-type=\"section\">\n\t\t\t\t\t\t<div class=\"elementor-container elementor-column-gap-default\">\n\t\t\t\t\t<div class=\"elementor-column elementor-col-100 elementor-top-column elementor-element elementor-element-290bcc2\" data-id=\"290bcc2\" data-element_type=\"column\" data-e-type=\"column\">\n\t\t\t<div class=\"elementor-widget-wrap elementor-element-populated\">\n\t\t\t\t\t\t<div class=\"elementor-element elementor-element-455e45a elementor-widget elementor-widget-heading\" data-id=\"455e45a\" data-element_type=\"widget\" data-e-type=\"widget\" data-widget_type=\"heading.default\">\n\t\t\t\t<div class=\"elementor-widget-container\">\n\t\t\t\t\t<h1 class=\"elementor-heading-title elementor-size-default\">Aktionen GOOS-E\u00ae<\/h1>\t\t\t\t<\/div>\n\t\t\t\t<\/div>\n\t\t\t\t<div class=\"elementor-element elementor-element-a49d48b elementor-widget elementor-widget-text-editor\" data-id=\"a49d48b\" data-element_type=\"widget\" data-e-type=\"widget\" data-widget_type=\"text-editor.default\">\n\t\t\t\t<div class=\"elementor-widget-container\">\n\t\t\t\t\t\t\t\t\tProfitiere jetzt von diesen aktuellen Aktionen:\t\t\t\t\t\t\t\t<\/div>\n\t\t\t\t<\/div>\n\t\t\t\t\t<\/div>\n\t\t<\/div>\n\t\t\t\t\t<\/div>\n\t\t<\/section>\n\t\t\t\t<section class=\"elementor-section elementor-top-section elementor-element elementor-element-f41d991 elementor-section-boxed elementor-section-height-default elementor-section-height-default\" data-id=\"f41d991\" data-element_type=\"section\" data-e-type=\"section\">\n\t\t\t\t\t\t<div class=\"elementor-container elementor-column-gap-default\">\n\t\t\t\t\t<div class=\"elementor-column elementor-col-100 elementor-top-column elementor-element elementor-element-010152a\" data-id=\"010152a\" data-element_type=\"column\" data-e-type=\"column\">\n\t\t\t<div class=\"elementor-widget-wrap elementor-element-populated\">\n\t\t\t\t\t\t<div class=\"elementor-element elementor-element-f71030f elementor-grid-mobile-2 elementor-product-loop-item--align-left elementor-product-loop-item--align-left elementor-grid-4 elementor-grid-tablet-3 elementor-products-grid elementor-wc-products elementor-widget elementor-widget-woocommerce-products\" data-id=\"f71030f\" data-element_type=\"widget\" data-e-type=\"widget\" data-widget_type=\"woocommerce-products.default\">\n\t\t\t\t<div class=\"elementor-widget-container\">\n\t\t\t\t\t<div class=\"woocommerce columns-4 \"><ul class=\"products elementor-grid columns-4\">\n<li class=\"product type-product post-20700 status-publish first instock product_cat-zubehoer product_cat-handyhalterungen product_tag-o-phone-houder product_tag-telefoonhouder-de product_tag-telefoonhouder-auto-de product_tag-telefoonhouder-bureau-de product_tag-telefoonhouder-muur product_tag-telefoonhouder-spiegel product_tag-telefoonhouder-tafel-de product_tag-telefoonhouder-trein product_tag-telefoonhouder-vliegtuig product_tag-telefoonstandaard has-post-thumbnail sale taxable shipping-taxable purchasable product-type-simple wpcis wpcis-swap\">\n\t<a href=\"https:\/\/goos-e.com\/de\/o-phone-handyhalter-halterung-dein-smarter-allround-handyhalter\/\" class=\"woocommerce-LoopProduct-link woocommerce-loop-product__link\">\n\t<span class=\"onsale\">Sale!<\/span>\n\t<img fetchpriority=\"high\" decoding=\"async\" width=\"300\" height=\"286\" src=\"https:\/\/goos-e.com\/wp-content\/uploads\/2025\/11\/Handyhalterung-O-Phone-Halter-Key-GOOS-E-300x286.png\" class=\"attachment-woocommerce_thumbnail size-woocommerce_thumbnail\" alt=\"Handyhalterung-O-Phone-Handyhalter-GOOS-EOS-E\" srcset=\"https:\/\/goos-e.com\/wp-content\/uploads\/2025\/11\/Handyhalterung-O-Phone-Halter-Key-GOOS-E-300x286.png 300w, https:\/\/goos-e.com\/wp-content\/uploads\/2025\/11\/Handyhalterung-O-Phone-Halter-Key-GOOS-E-200x190.png 200w, https:\/\/goos-e.com\/wp-content\/uploads\/2025\/11\/Handyhalterung-O-Phone-Halter-Key-GOOS-E.png 500w\" sizes=\"(max-width: 300px) 100vw, 300px\" \/><img decoding=\"async\" width=\"300\" height=\"300\" src=\"https:\/\/goos-e.com\/wp-content\/uploads\/2025\/08\/Telefoonhouder-auto-300x300.png\" class=\"attachment-woocommerce_thumbnail size-woocommerce_thumbnail wpcis-swap-image animate__animated\" alt=\"Telefoonhouder auto O-Phone houder GOOS-E\" srcset=\"https:\/\/goos-e.com\/wp-content\/uploads\/2025\/08\/Telefoonhouder-auto-300x300.png 300w, https:\/\/goos-e.com\/wp-content\/uploads\/2025\/08\/Telefoonhouder-auto-150x150.png 150w, https:\/\/goos-e.com\/wp-content\/uploads\/2025\/08\/Telefoonhouder-auto-200x200.png 200w, https:\/\/goos-e.com\/wp-content\/uploads\/2025\/08\/Telefoonhouder-auto-600x600.png 600w, https:\/\/goos-e.com\/wp-content\/uploads\/2025\/08\/Telefoonhouder-auto-100x100.png 100w, https:\/\/goos-e.com\/wp-content\/uploads\/2025\/08\/Telefoonhouder-auto-50x50.png 50w, https:\/\/goos-e.com\/wp-content\/uploads\/2025\/08\/Telefoonhouder-auto.png 625w\" sizes=\"(max-width: 300px) 100vw, 300px\" \/><span class=\"wpcis-swap-data\" data-in=\"animate__fadeIn\" data-out=\"animate__fadeOut\"><\/span><h2 class=\"woocommerce-loop-product__title\">O-Phone Handyhalterung &#8211; Dein smarter Allround-Handyhalter.<\/h2><div class=\"star-rating\" role=\"img\" aria-label=\"Rated 5.00 out of 5\"><span style=\"width:100%\">Rated <strong class=\"rating\">5.00<\/strong> out of 5<\/span><\/div>\n\t<span class=\"price\"><del aria-hidden=\"true\"><span class=\"woocommerce-Price-amount amount\"><bdi><span class=\"woocommerce-Price-currencySymbol\">&euro;<\/span>&nbsp;29.00<\/bdi><\/span><\/del> <span class=\"screen-reader-text\">Original price was: &euro;&nbsp;29.00.<\/span><ins aria-hidden=\"true\"><span class=\"woocommerce-Price-amount amount\"><bdi><span class=\"woocommerce-Price-currencySymbol\">&euro;<\/span>&nbsp;24.00<\/bdi><\/span><\/ins><span class=\"screen-reader-text\">Current price is: &euro;&nbsp;24.00.<\/span><\/span>\n<\/a><a href=\"\/de\/wp-json\/wp\/v2\/pages\/21086?add-to-cart=20700\" aria-describedby=\"woocommerce_loop_add_to_cart_link_describedby_20700\" data-quantity=\"1\" class=\"button product_type_simple add_to_cart_button ajax_add_to_cart\" data-product_id=\"20700\" data-product_sku=\"goose-O-Phone-holder\" aria-label=\"Add to cart: &ldquo;O-Phone Handyhalterung - Dein smarter Allround-Handyhalter.&rdquo;\" rel=\"nofollow\" data-success_message=\"&ldquo;O-Phone Handyhalterung - Dein smarter Allround-Handyhalter.&rdquo; has been added to your cart\" role=\"button\">In den Warenkorb<\/a>\t<span id=\"woocommerce_loop_add_to_cart_link_describedby_20700\" class=\"screen-reader-text\">\n\t\t\t<\/span>\n<span class=\"gtm4wp_productdata\" style=\"display:none; visibility:hidden;\" data-gtm4wp_product_data=\"{&quot;internal_id&quot;:20700,&quot;item_id&quot;:20700,&quot;item_name&quot;:&quot;O-Phone Handyhalterung - Dein smarter Allround-Handyhalter.&quot;,&quot;sku&quot;:&quot;goose-O-Phone-holder&quot;,&quot;price&quot;:24,&quot;stocklevel&quot;:null,&quot;stockstatus&quot;:&quot;instock&quot;,&quot;google_business_vertical&quot;:&quot;retail&quot;,&quot;item_category&quot;:&quot;Zubeh\\u00f6r&quot;,&quot;id&quot;:20700,&quot;productlink&quot;:&quot;https:\\\/\\\/goos-e.com\\\/de\\\/o-phone-handyhalter-halterung-dein-smarter-allround-handyhalter\\\/&quot;,&quot;item_list_name&quot;:&quot;General Product List&quot;,&quot;index&quot;:1,&quot;product_type&quot;:&quot;simple&quot;,&quot;item_brand&quot;:&quot;&quot;}\"><\/span><\/li>\n<li class=\"product type-product post-18386 status-publish instock product_cat-tablet-halterungen-ipadhalter product_cat-ipad-halter product_cat-ipad-halter-mit-klemme product_cat-tablethalter-ipad-halterung-mit-klemmvorrichtung product_tag-ipad-halter product_tag-ipad-halter-tisch product_tag-ipad-halterung-schreibtisch product_tag-tablet-halter product_tag-tablet-halter-schreibtisch product_tag-tablet-halterung-tisch product_tag-tablet-houder-super-sterk-de product_tag-tablet-halter-flexible product_tag-telefoonhouder-de product_tag-telefoonhouder-bureau-de product_tag-telefoonhouder-tafel-de has-post-thumbnail sale taxable shipping-taxable purchasable product-type-simple wpcis wpcis-swap\">\n\t<a href=\"https:\/\/goos-e.com\/de\/tablet-halterung-handyhalter-pro-2-in-1-55-cm-super-stark\/\" class=\"woocommerce-LoopProduct-link woocommerce-loop-product__link\">\n\t<span class=\"onsale\">Sale!<\/span>\n\t<img decoding=\"async\" width=\"300\" height=\"341\" src=\"https:\/\/goos-e.com\/wp-content\/uploads\/2025\/05\/Tablet-halterung-iPad-halter-Handyhalter-55cm-super-stark-GOOS-E-1-300x341.jpg\" class=\"attachment-woocommerce_thumbnail size-woocommerce_thumbnail\" alt=\"Tablet-halterung-iPad-halter-Handyhalter-55cm-super-stark-GOOS-E-\" srcset=\"https:\/\/goos-e.com\/wp-content\/uploads\/2025\/05\/Tablet-halterung-iPad-halter-Handyhalter-55cm-super-stark-GOOS-E-1-300x341.jpg 300w, https:\/\/goos-e.com\/wp-content\/uploads\/2025\/05\/Tablet-halterung-iPad-halter-Handyhalter-55cm-super-stark-GOOS-E-1-264x300.jpg 264w, https:\/\/goos-e.com\/wp-content\/uploads\/2025\/05\/Tablet-halterung-iPad-halter-Handyhalter-55cm-super-stark-GOOS-E-1-901x1024.jpg 901w, https:\/\/goos-e.com\/wp-content\/uploads\/2025\/05\/Tablet-halterung-iPad-halter-Handyhalter-55cm-super-stark-GOOS-E-1-768x873.jpg 768w, https:\/\/goos-e.com\/wp-content\/uploads\/2025\/05\/Tablet-halterung-iPad-halter-Handyhalter-55cm-super-stark-GOOS-E-1-176x200.jpg 176w, https:\/\/goos-e.com\/wp-content\/uploads\/2025\/05\/Tablet-halterung-iPad-halter-Handyhalter-55cm-super-stark-GOOS-E-1-600x682.jpg 600w, https:\/\/goos-e.com\/wp-content\/uploads\/2025\/05\/Tablet-halterung-iPad-halter-Handyhalter-55cm-super-stark-GOOS-E-1.jpg 1058w\" sizes=\"(max-width: 300px) 100vw, 300px\" \/><img loading=\"lazy\" decoding=\"async\" width=\"300\" height=\"362\" src=\"https:\/\/goos-e.com\/wp-content\/uploads\/2025\/05\/Tablet-houder-telefoonhouder-PRO-super-sterk-van-voren-GOOS-E-300x362.jpg\" class=\"attachment-woocommerce_thumbnail size-woocommerce_thumbnail wpcis-swap-image animate__animated\" alt=\"Tablet-houder-telefoonhouder-bureau-tafel-PRO-super-sterk-van-voren-GOOS-E\" srcset=\"https:\/\/goos-e.com\/wp-content\/uploads\/2025\/05\/Tablet-houder-telefoonhouder-PRO-super-sterk-van-voren-GOOS-E-300x362.jpg 300w, https:\/\/goos-e.com\/wp-content\/uploads\/2025\/05\/Tablet-houder-telefoonhouder-PRO-super-sterk-van-voren-GOOS-E-249x300.jpg 249w, https:\/\/goos-e.com\/wp-content\/uploads\/2025\/05\/Tablet-houder-telefoonhouder-PRO-super-sterk-van-voren-GOOS-E-166x200.jpg 166w, https:\/\/goos-e.com\/wp-content\/uploads\/2025\/05\/Tablet-houder-telefoonhouder-PRO-super-sterk-van-voren-GOOS-E.jpg 500w\" sizes=\"(max-width: 300px) 100vw, 300px\" \/><span class=\"wpcis-swap-data\" data-in=\"animate__fadeIn\" data-out=\"animate__fadeOut\"><\/span><h2 class=\"woocommerce-loop-product__title\">Tablet Halterung &#038; Handyhalter PRO (2 in 1) 55 cm SUPER STARK<\/h2><div class=\"star-rating\" role=\"img\" aria-label=\"Rated 4.83 out of 5\"><span style=\"width:96.6%\">Rated <strong class=\"rating\">4.83<\/strong> out of 5<\/span><\/div>\n\t<span class=\"price\"><del aria-hidden=\"true\"><span class=\"woocommerce-Price-amount amount\"><bdi><span class=\"woocommerce-Price-currencySymbol\">&euro;<\/span>&nbsp;64.00<\/bdi><\/span><\/del> <span class=\"screen-reader-text\">Original price was: &euro;&nbsp;64.00.<\/span><ins aria-hidden=\"true\"><span class=\"woocommerce-Price-amount amount\"><bdi><span class=\"woocommerce-Price-currencySymbol\">&euro;<\/span>&nbsp;54.00<\/bdi><\/span><\/ins><span class=\"screen-reader-text\">Current price is: &euro;&nbsp;54.00.<\/span><\/span>\n<\/a><a href=\"\/de\/wp-json\/wp\/v2\/pages\/21086?add-to-cart=18386\" aria-describedby=\"woocommerce_loop_add_to_cart_link_describedby_18386\" data-quantity=\"1\" class=\"button product_type_simple add_to_cart_button ajax_add_to_cart\" data-product_id=\"18386\" data-product_sku=\"goose-start-55-pro-XS\" aria-label=\"Add to cart: &ldquo;Tablet Halterung &amp; Handyhalter PRO (2 in 1) 55 cm SUPER STARK&rdquo;\" rel=\"nofollow\" data-success_message=\"&ldquo;Tablet Halterung &amp; Handyhalter PRO (2 in 1) 55 cm SUPER STARK&rdquo; has been added to your cart\" role=\"button\">In den Warenkorb<\/a>\t<span id=\"woocommerce_loop_add_to_cart_link_describedby_18386\" class=\"screen-reader-text\">\n\t\t\t<\/span>\n<span class=\"gtm4wp_productdata\" style=\"display:none; visibility:hidden;\" data-gtm4wp_product_data=\"{&quot;internal_id&quot;:18386,&quot;item_id&quot;:18386,&quot;item_name&quot;:&quot;Tablet Halterung &amp; Handyhalter PRO (2 in 1) 55 cm SUPER STARK&quot;,&quot;sku&quot;:&quot;goose-start-55-pro-XS&quot;,&quot;price&quot;:54,&quot;stocklevel&quot;:null,&quot;stockstatus&quot;:&quot;instock&quot;,&quot;google_business_vertical&quot;:&quot;retail&quot;,&quot;item_category&quot;:&quot;Tablet Halterung&quot;,&quot;id&quot;:18386,&quot;productlink&quot;:&quot;https:\\\/\\\/goos-e.com\\\/de\\\/tablet-halterung-handyhalter-pro-2-in-1-55-cm-super-stark\\\/&quot;,&quot;item_list_name&quot;:&quot;General Product List&quot;,&quot;index&quot;:2,&quot;product_type&quot;:&quot;simple&quot;,&quot;item_brand&quot;:&quot;&quot;}\"><\/span><\/li>\n<li class=\"product type-product post-6056 status-publish instock product_cat-tablet-halterungen-ipadhalter product_cat-tablet-halterungen-auto product_cat-ipad-halter product_cat-ipad-halterung-auto product_tag-auto-tablet-halterung product_tag-auto-tablet-halterung-handyhalter-pro product_tag-autohalterung-fur-tablet product_tag-ipad-halter-auto product_tag-tablet-halterung-auto product_tag-tablet-halterung-auto-flexible product_tag-tablet-halterung-pro-auto product_tag-telefoon-houder-auto-de product_tag-telefoonhouder-auto-de has-post-thumbnail sale taxable shipping-taxable purchasable product-type-simple wpcis wpcis-swap\">\n\t<a href=\"https:\/\/goos-e.com\/de\/tablet-halterung-auto-pro-xl\/\" class=\"woocommerce-LoopProduct-link woocommerce-loop-product__link\">\n\t<span class=\"onsale\">Sale!<\/span>\n\t<img loading=\"lazy\" decoding=\"async\" width=\"300\" height=\"300\" src=\"https:\/\/goos-e.com\/wp-content\/uploads\/2021\/03\/Tablet-Halterung-Auto-Handyhalter-Auto-iPad-Halterung-PRO-GOOS-E\u00ae-2-300x300.png\" class=\"attachment-woocommerce_thumbnail size-woocommerce_thumbnail\" alt=\"Tablet-Halterung-Auto-Handyhalter-Auto-iPad-Halterung-PRO-GOOS-E\u00ae\" srcset=\"https:\/\/goos-e.com\/wp-content\/uploads\/2021\/03\/Tablet-Halterung-Auto-Handyhalter-Auto-iPad-Halterung-PRO-GOOS-E\u00ae-2-300x300.png 300w, https:\/\/goos-e.com\/wp-content\/uploads\/2021\/03\/Tablet-Halterung-Auto-Handyhalter-Auto-iPad-Halterung-PRO-GOOS-E\u00ae-2-150x150.png 150w, https:\/\/goos-e.com\/wp-content\/uploads\/2021\/03\/Tablet-Halterung-Auto-Handyhalter-Auto-iPad-Halterung-PRO-GOOS-E\u00ae-2-768x768.png 768w, https:\/\/goos-e.com\/wp-content\/uploads\/2021\/03\/Tablet-Halterung-Auto-Handyhalter-Auto-iPad-Halterung-PRO-GOOS-E\u00ae-2-200x200.png 200w, https:\/\/goos-e.com\/wp-content\/uploads\/2021\/03\/Tablet-Halterung-Auto-Handyhalter-Auto-iPad-Halterung-PRO-GOOS-E\u00ae-2-600x600.png 600w, https:\/\/goos-e.com\/wp-content\/uploads\/2021\/03\/Tablet-Halterung-Auto-Handyhalter-Auto-iPad-Halterung-PRO-GOOS-E\u00ae-2-100x100.png 100w, https:\/\/goos-e.com\/wp-content\/uploads\/2021\/03\/Tablet-Halterung-Auto-Handyhalter-Auto-iPad-Halterung-PRO-GOOS-E\u00ae-2-50x50.png 50w, https:\/\/goos-e.com\/wp-content\/uploads\/2021\/03\/Tablet-Halterung-Auto-Handyhalter-Auto-iPad-Halterung-PRO-GOOS-E\u00ae-2-e1739218887597.png 500w\" sizes=\"(max-width: 300px) 100vw, 300px\" \/><img loading=\"lazy\" decoding=\"async\" width=\"300\" height=\"322\" src=\"https:\/\/goos-e.com\/wp-content\/uploads\/2021\/03\/Auto-tablet-houder-bijrijder-300x322.jpeg\" class=\"attachment-woocommerce_thumbnail size-woocommerce_thumbnail wpcis-swap-image animate__animated\" alt=\"Tablet houder auto + Telefoonhouder PRO GOOS-E\" srcset=\"https:\/\/goos-e.com\/wp-content\/uploads\/2021\/03\/Auto-tablet-houder-bijrijder-300x322.jpeg 300w, https:\/\/goos-e.com\/wp-content\/uploads\/2021\/03\/Auto-tablet-houder-bijrijder-279x300.jpeg 279w, https:\/\/goos-e.com\/wp-content\/uploads\/2021\/03\/Auto-tablet-houder-bijrijder-953x1024.jpeg 953w, https:\/\/goos-e.com\/wp-content\/uploads\/2021\/03\/Auto-tablet-houder-bijrijder-768x825.jpeg 768w, https:\/\/goos-e.com\/wp-content\/uploads\/2021\/03\/Auto-tablet-houder-bijrijder-186x200.jpeg 186w, https:\/\/goos-e.com\/wp-content\/uploads\/2021\/03\/Auto-tablet-houder-bijrijder-600x644.jpeg 600w, https:\/\/goos-e.com\/wp-content\/uploads\/2021\/03\/Auto-tablet-houder-bijrijder-e1738860880272.jpeg 745w\" sizes=\"(max-width: 300px) 100vw, 300px\" \/><span class=\"wpcis-swap-data\" data-in=\"animate__fadeIn\" data-out=\"animate__fadeOut\"><\/span><h2 class=\"woocommerce-loop-product__title\">Tablet Halterung Auto + Handy Halterung  Auto PRO (2 in 1) 6-13 Zoll &#8211; 55 cm<\/h2><div class=\"star-rating\" role=\"img\" aria-label=\"Rated 4.74 out of 5\"><span style=\"width:94.8%\">Rated <strong class=\"rating\">4.74<\/strong> out of 5<\/span><\/div>\n\t<span class=\"price\"><del aria-hidden=\"true\"><span class=\"woocommerce-Price-amount amount\"><bdi><span class=\"woocommerce-Price-currencySymbol\">&euro;<\/span>&nbsp;74.00<\/bdi><\/span><\/del> <span class=\"screen-reader-text\">Original price was: &euro;&nbsp;74.00.<\/span><ins aria-hidden=\"true\"><span class=\"woocommerce-Price-amount amount\"><bdi><span class=\"woocommerce-Price-currencySymbol\">&euro;<\/span>&nbsp;69.00<\/bdi><\/span><\/ins><span class=\"screen-reader-text\">Current price is: &euro;&nbsp;69.00.<\/span><\/span>\n<\/a><a href=\"\/de\/wp-json\/wp\/v2\/pages\/21086?add-to-cart=6056\" aria-describedby=\"woocommerce_loop_add_to_cart_link_describedby_6056\" data-quantity=\"1\" class=\"button product_type_simple add_to_cart_button ajax_add_to_cart\" data-product_id=\"6056\" data-product_sku=\"goose-car-Pro\" aria-label=\"Add to cart: &ldquo;Tablet Halterung Auto + Handy Halterung  Auto PRO (2 in 1) 6-13 Zoll - 55 cm&rdquo;\" rel=\"nofollow\" data-success_message=\"&ldquo;Tablet Halterung Auto + Handy Halterung  Auto PRO (2 in 1) 6-13 Zoll - 55 cm&rdquo; has been added to your cart\" role=\"button\">In den Warenkorb<\/a>\t<span id=\"woocommerce_loop_add_to_cart_link_describedby_6056\" class=\"screen-reader-text\">\n\t\t\t<\/span>\n<span class=\"gtm4wp_productdata\" style=\"display:none; visibility:hidden;\" data-gtm4wp_product_data=\"{&quot;internal_id&quot;:6056,&quot;item_id&quot;:6056,&quot;item_name&quot;:&quot;Tablet Halterung Auto + Handy Halterung  Auto PRO (2 in 1) 6-13 Zoll - 55 cm&quot;,&quot;sku&quot;:&quot;goose-car-Pro&quot;,&quot;price&quot;:69,&quot;stocklevel&quot;:null,&quot;stockstatus&quot;:&quot;instock&quot;,&quot;google_business_vertical&quot;:&quot;retail&quot;,&quot;item_category&quot;:&quot;Tablet Halterung&quot;,&quot;id&quot;:6056,&quot;productlink&quot;:&quot;https:\\\/\\\/goos-e.com\\\/de\\\/tablet-halterung-auto-pro-xl\\\/&quot;,&quot;item_list_name&quot;:&quot;General Product List&quot;,&quot;index&quot;:3,&quot;product_type&quot;:&quot;simple&quot;,&quot;item_brand&quot;:&quot;&quot;}\"><\/span><\/li>\n<\/ul>\n<\/div>\t\t\t\t<\/div>\n\t\t\t\t<\/div>\n\t\t\t\t\t<\/div>\n\t\t<\/div>\n\t\t\t\t\t<\/div>\n\t\t<\/section>\n\t\t\t\t<section class=\"elementor-section elementor-top-section elementor-element elementor-element-536f5d4 elementor-section-boxed elementor-section-height-default elementor-section-height-default\" data-id=\"536f5d4\" data-element_type=\"section\" data-e-type=\"section\" data-settings=\"{&quot;background_background&quot;:&quot;classic&quot;}\">\n\t\t\t\t\t\t<div class=\"elementor-container elementor-column-gap-custom\">\n\t\t\t\t\t<div class=\"elementor-column elementor-col-100 elementor-top-column elementor-element elementor-element-4702c3f\" data-id=\"4702c3f\" data-element_type=\"column\" data-e-type=\"column\">\n\t\t\t<div class=\"elementor-widget-wrap elementor-element-populated\">\n\t\t\t\t\t\t<div class=\"elementor-element elementor-element-52dd448 elementor-widget elementor-widget-heading\" data-id=\"52dd448\" data-element_type=\"widget\" data-e-type=\"widget\" data-settings=\"{&quot;_animation&quot;:&quot;none&quot;}\" data-widget_type=\"heading.default\">\n\t\t\t\t<div class=\"elementor-widget-container\">\n\t\t\t\t\t<h2 class=\"elementor-heading-title elementor-size-medium\">\ud83d\udc49 25% Bundle-Rabatt <\/h2>\t\t\t\t<\/div>\n\t\t\t\t<\/div>\n\t\t\t\t<div class=\"elementor-element elementor-element-222e3b2 elementor-widget elementor-widget-text-editor\" data-id=\"222e3b2\" data-element_type=\"widget\" data-e-type=\"widget\" data-widget_type=\"text-editor.default\">\n\t\t\t\t<div class=\"elementor-widget-container\">\n\t\t\t\t\t\t\t\t\t<p>Wusstest du das <strong>GOOS-E\u00ae v\u00f6llig modular<\/strong> ist? Du kannst es auch ganz einfach zusammenstellen oder ausbauen.  <\/p><p>Au\u00dferdem erh\u00e4ltst du <strong>25% Rabatt<\/strong> auf alle Zubeh\u00f6r.<\/p><p>Zum Beispiel ein <strong>zus\u00e4tzlicher Hals<\/strong> oder eine <strong><a href=\"https:\/\/goos-e.com\/nl\/tablet-houder-klem\/\" target=\"_blank\" rel=\"noopener\">praktische 2-Wege-Klemme<\/a><\/strong> zur Verwendung an Ihrem Schreibtisch. Au\u00dferdem k\u00f6nnen Sie Ihren GOOS-E\u00ae dank eines stabilen Standfu\u00dfes \u00fcberall aufstellen. <a href=\"https:\/\/goos-e.com\/nl\/tablet-houder-voet\/\" target=\"_blank\" rel=\"noopener\"><strong>stabilen Sockel<\/strong><\/a> Hinzuf\u00fcgen eines stabilen Standfu\u00dfes. Oder nehmen Sie es mit auf die Reise und erstellen Sie Ihren eigenen <strong>Tablet-Halter f\u00fcr das Auto<\/strong> mit Hilfe einer zus\u00e4tzlichen <a href=\"https:\/\/goos-e.com\/nl\/auto-houder-klem-tablet\/\" target=\"_blank\" rel=\"noopener\"><strong>Autositz-Clip<\/strong><\/a>.  <\/p><p>Auf diese Weise kannst du deinen GOOS-E\u00ae ganz einfach an mehreren Stellen verwenden<\/p><p>Wie praktisch ist das denn? \ud83d\ude09<\/p><ol><li>W\u00e4hle dein GOOS-E\u00ae <\/li><li>F\u00fcge dein Wunsch-<strong><a href=\"https:\/\/goos-e.com\/de\/zubehoer\/\" target=\"_blank\" rel=\"noopener\">Zubeh\u00f6r<\/a><\/strong> hinzu<\/li><li>Du erh\u00e4ltst <strong>25% Rabatt<\/strong> auf dein Zubeh\u00f6r!<\/li><\/ol><p> <\/p><p><strong>Geniesse einfach noch mehr Flexibilit\u00e4t \ud83e\udd17<\/strong><\/p>\t\t\t\t\t\t\t\t<\/div>\n\t\t\t\t<\/div>\n\t\t\t\t\t<\/div>\n\t\t<\/div>\n\t\t\t\t\t<\/div>\n\t\t<\/section>\n\t\t\t\t<\/div>\n\t\t","protected":false},"excerpt":{"rendered":"<p>Aktionen GOOS-E\u00ae Profitiere jetzt von diesen aktuellen Aktionen: \ud83d\udc49 25% Bundle-Rabatt Wusstest du das GOOS-E\u00ae v\u00f6llig modular ist? Du kannst es auch ganz einfach zusammenstellen oder ausbauen. Au\u00dferdem erh\u00e4ltst du 25% Rabatt auf alle Zubeh\u00f6r. Zum Beispiel ein zus\u00e4tzlicher Hals oder eine praktische 2-Wege-Klemme zur Verwendung an Ihrem Schreibtisch. Au\u00dferdem k\u00f6nnen Sie Ihren GOOS-E\u00ae dank [&hellip;]<\/p>\n","protected":false},"author":1,"featured_media":0,"parent":0,"menu_order":0,"comment_status":"closed","ping_status":"closed","template":"","meta":{"footnotes":""},"class_list":["post-21086","page","type-page","status-publish","hentry"],"_links":{"self":[{"href":"https:\/\/goos-e.com\/de\/wp-json\/wp\/v2\/pages\/21086","targetHints":{"allow":["GET"]}}],"collection":[{"href":"https:\/\/goos-e.com\/de\/wp-json\/wp\/v2\/pages"}],"about":[{"href":"https:\/\/goos-e.com\/de\/wp-json\/wp\/v2\/types\/page"}],"author":[{"embeddable":true,"href":"https:\/\/goos-e.com\/de\/wp-json\/wp\/v2\/users\/1"}],"replies":[{"embeddable":true,"href":"https:\/\/goos-e.com\/de\/wp-json\/wp\/v2\/comments?post=21086"}],"version-history":[{"count":5,"href":"https:\/\/goos-e.com\/de\/wp-json\/wp\/v2\/pages\/21086\/revisions"}],"predecessor-version":[{"id":21134,"href":"https:\/\/goos-e.com\/de\/wp-json\/wp\/v2\/pages\/21086\/revisions\/21134"}],"wp:attachment":[{"href":"https:\/\/goos-e.com\/de\/wp-json\/wp\/v2\/media?parent=21086"}],"curies":[{"name":"wp","href":"https:\/\/api.w.org\/{rel}","templated":true}]}}