{"id":3122,"date":"2021-03-22T07:36:24","date_gmt":"2021-03-22T07:36:24","guid":{"rendered":"https:\/\/goose.nanowp.com\/?page_id=3122"},"modified":"2025-02-21T11:39:50","modified_gmt":"2025-02-21T10:39:50","slug":"impressum","status":"publish","type":"page","link":"https:\/\/goos-e.com\/de\/impressum\/","title":{"rendered":"Impressum GOOS-E\u00ae"},"content":{"rendered":"\t\t<div data-elementor-type=\"wp-page\" data-elementor-id=\"3122\" class=\"elementor elementor-3122\" data-elementor-post-type=\"page\">\n\t\t\t\t\t\t<section class=\"elementor-section elementor-top-section elementor-element elementor-element-0ddf6cf elementor-section-boxed elementor-section-height-default elementor-section-height-default\" data-id=\"0ddf6cf\" data-element_type=\"section\" data-e-type=\"section\">\n\t\t\t\t\t\t<div class=\"elementor-container elementor-column-gap-default\">\n\t\t\t\t\t<div class=\"elementor-column elementor-col-100 elementor-top-column elementor-element elementor-element-e8de6da\" data-id=\"e8de6da\" data-element_type=\"column\" data-e-type=\"column\">\n\t\t\t<div class=\"elementor-widget-wrap elementor-element-populated\">\n\t\t\t\t\t\t<div class=\"elementor-element elementor-element-d9127a7 elementor-widget elementor-widget-heading\" data-id=\"d9127a7\" data-element_type=\"widget\" data-e-type=\"widget\" data-widget_type=\"heading.default\">\n\t\t\t\t<div class=\"elementor-widget-container\">\n\t\t\t\t\t<p class=\"elementor-heading-title elementor-size-default\">Impressum GOOS-E\u00ae<\/p>\t\t\t\t<\/div>\n\t\t\t\t<\/div>\n\t\t\t\t\t<\/div>\n\t\t<\/div>\n\t\t\t\t\t<\/div>\n\t\t<\/section>\n\t\t\t\t<section class=\"elementor-section elementor-top-section elementor-element elementor-element-1eb11d8 elementor-section-boxed elementor-section-height-default elementor-section-height-default\" data-id=\"1eb11d8\" data-element_type=\"section\" data-e-type=\"section\">\n\t\t\t\t\t\t<div class=\"elementor-container elementor-column-gap-default\">\n\t\t\t\t\t<div class=\"elementor-column elementor-col-100 elementor-top-column elementor-element elementor-element-82ec924\" data-id=\"82ec924\" data-element_type=\"column\" data-e-type=\"column\">\n\t\t\t<div class=\"elementor-widget-wrap elementor-element-populated\">\n\t\t\t\t\t\t<div class=\"elementor-element elementor-element-f08c52d elementor-widget elementor-widget-text-editor\" data-id=\"f08c52d\" data-element_type=\"widget\" data-e-type=\"widget\" data-widget_type=\"text-editor.default\">\n\t\t\t\t<div class=\"elementor-widget-container\">\n\t\t\t\t\t\t\t\t\t<p>GOOS-E\u00ae ist ein Produkt und eine Marke von G-Inspired b.v. \u2013 Functional Design Muiden. Adresse: Kruitbosrand 2, 1398 DE\u00a0 Muiden Niederlande.\u00a0<\/p><p>F\u00fcr Informationen zur Retoure schaue <a href=\"https:\/\/goos-e.com\/de\/umtausch-ruckgabe\/\">Umtausch und R\u00fcckgabe.<\/a><\/p><p>Gesch\u00e4ftsf\u00fchrer: Gerardus Vorstenbosch (Geertjan).\u00a0<\/p><p>Handelskammernummer: 57218714<\/p><p>Steuernummer: NL852487277 B01<\/p><p>IBAN: NL73RABO 0375633375 \/ BIC: RABONL2U<\/p><p><strong>Kontakt:<\/strong><\/p><p>Email:\u00a0<a href=\"mailto:info@goos-e.com\">info@goos-e.com<\/a><\/p><p><a href=\"https:\/\/www.goos-e.com\/de\">www.goos-e.com\/de<\/a><\/p>\t\t\t\t\t\t\t\t<\/div>\n\t\t\t\t<\/div>\n\t\t\t\t\t<\/div>\n\t\t<\/div>\n\t\t\t\t\t<\/div>\n\t\t<\/section>\n\t\t\t\t<\/div>\n\t\t","protected":false},"excerpt":{"rendered":"<p>GOOS-E\u00ae ist ein Produkt und eine Marke von G-Inspired b.v. \u2013 Functional Design Muiden. Adresse: Kruitbosrand 2, 1398 DE\u00a0 Muiden Niederlande. F\u00fcr Informationen zur Retoure schaue Umtausch und R\u00fcckgabe. Gesch\u00e4ftsf\u00fchrer: Gerardus Vorstenbosch (Geertjan). Handelskammernummer: 57218714 Steuernummer: NL852487277 B01 IBAN: NL73RABO 0375633375 \/ BIC: RABONL2U Kontakt: Email:\u00a0info@goos-e.com www.goos-e.com\/de<\/p>\n","protected":false},"author":3,"featured_media":0,"parent":0,"menu_order":0,"comment_status":"closed","ping_status":"closed","template":"elementor_theme","meta":{"footnotes":""},"class_list":["post-3122","page","type-page","status-publish","hentry"],"_links":{"self":[{"href":"https:\/\/goos-e.com\/de\/wp-json\/wp\/v2\/pages\/3122","targetHints":{"allow":["GET"]}}],"collection":[{"href":"https:\/\/goos-e.com\/de\/wp-json\/wp\/v2\/pages"}],"about":[{"href":"https:\/\/goos-e.com\/de\/wp-json\/wp\/v2\/types\/page"}],"author":[{"embeddable":true,"href":"https:\/\/goos-e.com\/de\/wp-json\/wp\/v2\/users\/3"}],"replies":[{"embeddable":true,"href":"https:\/\/goos-e.com\/de\/wp-json\/wp\/v2\/comments?post=3122"}],"version-history":[{"count":0,"href":"https:\/\/goos-e.com\/de\/wp-json\/wp\/v2\/pages\/3122\/revisions"}],"wp:attachment":[{"href":"https:\/\/goos-e.com\/de\/wp-json\/wp\/v2\/media?parent=3122"}],"curies":[{"name":"wp","href":"https:\/\/api.w.org\/{rel}","templated":true}]}}