{"id":5960,"date":"2021-06-15T05:37:06","date_gmt":"2021-06-15T03:37:06","guid":{"rendered":"https:\/\/goose.nanowp.com\/das-goos-e-affiliate-programm\/"},"modified":"2024-03-07T09:12:00","modified_gmt":"2024-03-07T08:12:00","slug":"goos-e-affiliate-programm","status":"publish","type":"page","link":"https:\/\/goos-e.com\/de\/goos-e-affiliate-programm\/","title":{"rendered":"Affiliate-Programm von GOOS-E\u00ae"},"content":{"rendered":"\t\t<div data-elementor-type=\"wp-page\" data-elementor-id=\"5960\" class=\"elementor elementor-5960 elementor-2902\" data-elementor-post-type=\"page\">\n\t\t\t\t\t\t<section class=\"elementor-section elementor-top-section elementor-element elementor-element-560bc168 elementor-section-boxed elementor-section-height-default elementor-section-height-default\" data-id=\"560bc168\" data-element_type=\"section\" data-e-type=\"section\">\n\t\t\t\t\t\t<div class=\"elementor-container elementor-column-gap-default\">\n\t\t\t\t\t<div class=\"elementor-column elementor-col-33 elementor-top-column elementor-element elementor-element-25efad86\" data-id=\"25efad86\" data-element_type=\"column\" data-e-type=\"column\">\n\t\t\t<div class=\"elementor-widget-wrap elementor-element-populated\">\n\t\t\t\t\t\t<div class=\"elementor-element elementor-element-1c3095ed elementor-nav-menu--dropdown-mobile elementor-nav-menu__text-align-aside elementor-nav-menu--toggle elementor-nav-menu--burger elementor-widget elementor-widget-nav-menu\" data-id=\"1c3095ed\" data-element_type=\"widget\" data-e-type=\"widget\" data-settings=\"{&quot;layout&quot;:&quot;vertical&quot;,&quot;submenu_icon&quot;:{&quot;value&quot;:&quot;&lt;i class=\\&quot;fas fa-caret-down\\&quot; aria-hidden=\\&quot;true\\&quot;&gt;&lt;\\\/i&gt;&quot;,&quot;library&quot;:&quot;fa-solid&quot;},&quot;toggle&quot;:&quot;burger&quot;}\" data-widget_type=\"nav-menu.default\">\n\t\t\t\t<div class=\"elementor-widget-container\">\n\t\t\t\t\t\t\t\t<nav aria-label=\"Menu\" class=\"elementor-nav-menu--main elementor-nav-menu__container elementor-nav-menu--layout-vertical e--pointer-none\">\n\t\t\t\t<ul id=\"menu-1-1c3095ed\" class=\"elementor-nav-menu sm-vertical\"><li class=\"menu-item menu-item-type-post_type menu-item-object-page menu-item-3402\"><a href=\"https:\/\/goos-e.com\/de\/bestellung-lieferung\/\" class=\"elementor-item\">Bestellung und Lieferung<\/a><\/li>\n<li class=\"menu-item menu-item-type-post_type menu-item-object-page menu-item-3403\"><a href=\"https:\/\/goos-e.com\/de\/haufig-gestellte-fragen\/\" class=\"elementor-item\">H\u00e4ufig gestellte Fragen zum GOOS-E\u00ae findest du hier.<\/a><\/li>\n<li class=\"menu-item menu-item-type-post_type menu-item-object-page menu-item-3404\"><a href=\"https:\/\/goos-e.com\/de\/umtausch-ruckgabe\/\" class=\"elementor-item\">Umtauschen oder zur\u00fcckgeben<\/a><\/li>\n<li class=\"menu-item menu-item-type-post_type menu-item-object-page menu-item-5990\"><a href=\"https:\/\/goos-e.com\/de\/garantie-und-reklamationen\/\" class=\"elementor-item\">Garantie und Reklamationen<\/a><\/li>\n<li class=\"menu-item menu-item-type-post_type menu-item-object-page menu-item-3405\"><a href=\"https:\/\/goos-e.com\/de\/allgemeine-geschaftsbedingungen\/\" class=\"elementor-item\">Impressum &#038; AGB<\/a><\/li>\n<li class=\"menu-item menu-item-type-post_type menu-item-object-page menu-item-3406\"><a href=\"https:\/\/goos-e.com\/de\/sicherheit-datenschutz\/\" class=\"elementor-item\">Sicherheit und Datenschutz<\/a><\/li>\n<li class=\"menu-item menu-item-type-post_type menu-item-object-page menu-item-3407\"><a href=\"https:\/\/goos-e.com\/de\/cookie-erklarung\/\" class=\"elementor-item\">Unsere Cookie Erkl\u00e4rung<\/a><\/li>\n<li class=\"menu-item menu-item-type-post_type menu-item-object-page menu-item-5998\"><a href=\"https:\/\/goos-e.com\/de\/reseller-werden\/\" class=\"elementor-item\">Reseller werden<\/a><\/li>\n<li class=\"menu-item menu-item-type-post_type menu-item-object-page menu-item-5962\"><a href=\"https:\/\/goos-e.com\/de\/goos-e-affiliate-programm\/\" class=\"elementor-item\">Affiliate Programm<\/a><\/li>\n<li class=\"menu-item menu-item-type-post_type menu-item-object-page menu-item-3408\"><a href=\"https:\/\/goos-e.com\/de\/haftungsausschluss\/\" class=\"elementor-item\">Haftungsausschluss<\/a><\/li>\n<\/ul>\t\t\t<\/nav>\n\t\t\t\t\t<div class=\"elementor-menu-toggle\" role=\"button\" tabindex=\"0\" aria-label=\"Menu Toggle\" aria-expanded=\"false\">\n\t\t\t<i aria-hidden=\"true\" role=\"presentation\" class=\"elementor-menu-toggle__icon--open eicon-menu-bar\"><\/i><i aria-hidden=\"true\" role=\"presentation\" class=\"elementor-menu-toggle__icon--close eicon-close\"><\/i>\t\t<\/div>\n\t\t\t\t\t<nav class=\"elementor-nav-menu--dropdown elementor-nav-menu__container\" aria-hidden=\"true\">\n\t\t\t\t<ul id=\"menu-2-1c3095ed\" class=\"elementor-nav-menu sm-vertical\"><li class=\"menu-item menu-item-type-post_type menu-item-object-page menu-item-3402\"><a href=\"https:\/\/goos-e.com\/de\/bestellung-lieferung\/\" class=\"elementor-item\" tabindex=\"-1\">Bestellung und Lieferung<\/a><\/li>\n<li class=\"menu-item menu-item-type-post_type menu-item-object-page menu-item-3403\"><a href=\"https:\/\/goos-e.com\/de\/haufig-gestellte-fragen\/\" class=\"elementor-item\" tabindex=\"-1\">H\u00e4ufig gestellte Fragen zum GOOS-E\u00ae findest du hier.<\/a><\/li>\n<li class=\"menu-item menu-item-type-post_type menu-item-object-page menu-item-3404\"><a href=\"https:\/\/goos-e.com\/de\/umtausch-ruckgabe\/\" class=\"elementor-item\" tabindex=\"-1\">Umtauschen oder zur\u00fcckgeben<\/a><\/li>\n<li class=\"menu-item menu-item-type-post_type menu-item-object-page menu-item-5990\"><a href=\"https:\/\/goos-e.com\/de\/garantie-und-reklamationen\/\" class=\"elementor-item\" tabindex=\"-1\">Garantie und Reklamationen<\/a><\/li>\n<li class=\"menu-item menu-item-type-post_type menu-item-object-page menu-item-3405\"><a href=\"https:\/\/goos-e.com\/de\/allgemeine-geschaftsbedingungen\/\" class=\"elementor-item\" tabindex=\"-1\">Impressum &#038; AGB<\/a><\/li>\n<li class=\"menu-item menu-item-type-post_type menu-item-object-page menu-item-3406\"><a href=\"https:\/\/goos-e.com\/de\/sicherheit-datenschutz\/\" class=\"elementor-item\" tabindex=\"-1\">Sicherheit und Datenschutz<\/a><\/li>\n<li class=\"menu-item menu-item-type-post_type menu-item-object-page menu-item-3407\"><a href=\"https:\/\/goos-e.com\/de\/cookie-erklarung\/\" class=\"elementor-item\" tabindex=\"-1\">Unsere Cookie Erkl\u00e4rung<\/a><\/li>\n<li class=\"menu-item menu-item-type-post_type menu-item-object-page menu-item-5998\"><a href=\"https:\/\/goos-e.com\/de\/reseller-werden\/\" class=\"elementor-item\" tabindex=\"-1\">Reseller werden<\/a><\/li>\n<li class=\"menu-item menu-item-type-post_type menu-item-object-page menu-item-5962\"><a href=\"https:\/\/goos-e.com\/de\/goos-e-affiliate-programm\/\" class=\"elementor-item\" tabindex=\"-1\">Affiliate Programm<\/a><\/li>\n<li class=\"menu-item menu-item-type-post_type menu-item-object-page menu-item-3408\"><a href=\"https:\/\/goos-e.com\/de\/haftungsausschluss\/\" class=\"elementor-item\" tabindex=\"-1\">Haftungsausschluss<\/a><\/li>\n<\/ul>\t\t\t<\/nav>\n\t\t\t\t\t\t<\/div>\n\t\t\t\t<\/div>\n\t\t\t\t\t<\/div>\n\t\t<\/div>\n\t\t\t\t<div class=\"elementor-column elementor-col-66 elementor-top-column elementor-element elementor-element-730f248c\" data-id=\"730f248c\" data-element_type=\"column\" data-e-type=\"column\">\n\t\t\t<div class=\"elementor-widget-wrap elementor-element-populated\">\n\t\t\t\t\t\t<div class=\"elementor-element elementor-element-779fa7f6 elementor-widget elementor-widget-heading\" data-id=\"779fa7f6\" data-element_type=\"widget\" data-e-type=\"widget\" data-widget_type=\"heading.default\">\n\t\t\t\t<div class=\"elementor-widget-container\">\n\t\t\t\t\t<h1 class=\"elementor-heading-title elementor-size-default\">Affiliate-Programm von GOOS-E\u00ae<\/h1>\t\t\t\t<\/div>\n\t\t\t\t<\/div>\n\t\t\t\t<div class=\"elementor-element elementor-element-148938a elementor-widget elementor-widget-text-editor\" data-id=\"148938a\" data-element_type=\"widget\" data-e-type=\"widget\" data-widget_type=\"text-editor.default\">\n\t\t\t\t<div class=\"elementor-widget-container\">\n\t\t\t\t\t\t\t\t\t<p>M\u00f6chten Sie die einzigartige GOOS-E\u00ae Tablet-Halterung auf Ihrer Website, in Ihrem Blog oder auf Ihrem Kanal bewerben? Melden Sie sich f\u00fcr unser Affiliate-Programm in Zusammenarbeit mit TradeTracker.com an.<\/p><p><strong>Warum sollten Sie sich f\u00fcr unser Partnerprogramm entscheiden?<\/strong><\/p><ul><li>Attraktive Geb\u00fchren<\/li><li>Hoher Verkaufswert<\/li><li>Schnelle Auszahlung Ihrer Einnahmen<\/li><li>Umsatz nicht nur auf Verkauf, sondern auch f\u00fcr Website-Traffic<\/li><li>Viele Werbematerialien<\/li><\/ul><p><strong>Was ist Affiliate-Marketing?<\/strong><\/p><p>Als Affiliate-Partner bewerben Sie GOOS-E\u00ae-Produkte auf Ihrer eigenen Website. Sie platzieren die Werbeaktion in Form eines Textes (Artikel, Blog), eines Banners oder \u00fcber das Laden eines Produktfeeds. Wenn Sie \u00fcber Ihre Website einen Besucher zu GOOS-E\u00ae schicken, erhalten Sie eine prozentuale Verg\u00fctung. Wenn dieser Besucher au\u00dferdem eine Bestellung aufgibt, wird die Verg\u00fctung erh\u00f6ht.<\/p><p>Gemeinsam mit TradeTracker unterst\u00fctzen wir Sie nicht nur mit den richtigen Werbematerialien, sondern auch bei der Gestaltung von Ideen f\u00fcr Inhalte.<\/p>\t\t\t\t\t\t\t\t<\/div>\n\t\t\t\t<\/div>\n\t\t\t\t\t<\/div>\n\t\t<\/div>\n\t\t\t\t\t<\/div>\n\t\t<\/section>\n\t\t\t\t<\/div>\n\t\t","protected":false},"excerpt":{"rendered":"<p>M\u00f6chten Sie die einzigartige GOOS-E\u00ae Tablet-Halterung auf Ihrer Website, in Ihrem Blog oder auf Ihrem Kanal bewerben? Melden Sie sich f\u00fcr unser Affiliate-Programm in Zusammenarbeit mit TradeTracker.com an. Warum sollten Sie sich f\u00fcr unser Partnerprogramm entscheiden? Attraktive Geb\u00fchren Hoher Verkaufswert Schnelle Auszahlung Ihrer Einnahmen Umsatz nicht nur auf Verkauf, sondern auch f\u00fcr Website-Traffic Viele Werbematerialien [&hellip;]<\/p>\n","protected":false},"author":3,"featured_media":0,"parent":0,"menu_order":0,"comment_status":"closed","ping_status":"closed","template":"elementor_theme","meta":{"footnotes":""},"class_list":["post-5960","page","type-page","status-publish","hentry"],"_links":{"self":[{"href":"https:\/\/goos-e.com\/de\/wp-json\/wp\/v2\/pages\/5960","targetHints":{"allow":["GET"]}}],"collection":[{"href":"https:\/\/goos-e.com\/de\/wp-json\/wp\/v2\/pages"}],"about":[{"href":"https:\/\/goos-e.com\/de\/wp-json\/wp\/v2\/types\/page"}],"author":[{"embeddable":true,"href":"https:\/\/goos-e.com\/de\/wp-json\/wp\/v2\/users\/3"}],"replies":[{"embeddable":true,"href":"https:\/\/goos-e.com\/de\/wp-json\/wp\/v2\/comments?post=5960"}],"version-history":[{"count":0,"href":"https:\/\/goos-e.com\/de\/wp-json\/wp\/v2\/pages\/5960\/revisions"}],"wp:attachment":[{"href":"https:\/\/goos-e.com\/de\/wp-json\/wp\/v2\/media?parent=5960"}],"curies":[{"name":"wp","href":"https:\/\/api.w.org\/{rel}","templated":true}]}}