{"id":5964,"date":"2021-06-15T05:40:42","date_gmt":"2021-06-15T05:40:42","guid":{"rendered":"https:\/\/goose.nanowp.com\/ueber-uns\/"},"modified":"2024-04-14T14:45:48","modified_gmt":"2024-04-14T12:45:48","slug":"goos-e-ueber-uns","status":"publish","type":"page","link":"https:\/\/goos-e.com\/de\/goos-e-ueber-uns\/","title":{"rendered":"\u00dcber uns"},"content":{"rendered":"\t\t<div data-elementor-type=\"wp-page\" data-elementor-id=\"5964\" class=\"elementor elementor-5964 elementor-4722\" data-elementor-post-type=\"page\">\n\t\t\t\t\t\t<section class=\"elementor-section elementor-top-section elementor-element elementor-element-5bc4d17 elementor-section-boxed elementor-section-height-default elementor-section-height-default\" data-id=\"5bc4d17\" data-element_type=\"section\" data-e-type=\"section\" data-settings=\"{&quot;background_background&quot;:&quot;classic&quot;}\">\n\t\t\t\t\t\t<div class=\"elementor-container elementor-column-gap-custom\">\n\t\t\t\t\t<div class=\"elementor-column elementor-col-100 elementor-top-column elementor-element elementor-element-d9a0ac9\" data-id=\"d9a0ac9\" data-element_type=\"column\" data-e-type=\"column\">\n\t\t\t<div class=\"elementor-widget-wrap elementor-element-populated\">\n\t\t\t\t\t\t<div class=\"elementor-element elementor-element-fa0e3cf elementor-widget elementor-widget-heading\" data-id=\"fa0e3cf\" data-element_type=\"widget\" data-e-type=\"widget\" data-widget_type=\"heading.default\">\n\t\t\t\t<div class=\"elementor-widget-container\">\n\t\t\t\t\t<h1 class=\"elementor-heading-title elementor-size-default\">\u00dcber uns GOOS-E\u00ae<\/h1>\t\t\t\t<\/div>\n\t\t\t\t<\/div>\n\t\t\t\t\t<\/div>\n\t\t<\/div>\n\t\t\t\t\t<\/div>\n\t\t<\/section>\n\t\t\t\t<section class=\"elementor-section elementor-top-section elementor-element elementor-element-0c69395 elementor-section-content-middle elementor-reverse-mobile elementor-section-boxed elementor-section-height-default elementor-section-height-default\" data-id=\"0c69395\" data-element_type=\"section\" data-e-type=\"section\">\n\t\t\t\t\t\t<div class=\"elementor-container elementor-column-gap-no\">\n\t\t\t\t\t<div class=\"elementor-column elementor-col-66 elementor-top-column elementor-element elementor-element-f3bfc69\" data-id=\"f3bfc69\" data-element_type=\"column\" data-e-type=\"column\">\n\t\t\t<div class=\"elementor-widget-wrap elementor-element-populated\">\n\t\t\t\t\t\t<section class=\"elementor-section elementor-inner-section elementor-element elementor-element-25c27f0 elementor-section-boxed elementor-section-height-default elementor-section-height-default\" data-id=\"25c27f0\" data-element_type=\"section\" data-e-type=\"section\">\n\t\t\t\t\t\t<div class=\"elementor-container elementor-column-gap-custom\">\n\t\t\t\t\t<div class=\"elementor-column elementor-col-100 elementor-inner-column elementor-element elementor-element-d72cee0\" data-id=\"d72cee0\" data-element_type=\"column\" data-e-type=\"column\">\n\t\t\t<div class=\"elementor-widget-wrap elementor-element-populated\">\n\t\t\t\t\t\t<div class=\"elementor-element elementor-element-6aaffb1 elementor-widget elementor-widget-text-editor\" data-id=\"6aaffb1\" data-element_type=\"widget\" data-e-type=\"widget\" data-widget_type=\"text-editor.default\">\n\t\t\t\t<div class=\"elementor-widget-container\">\n\t\t\t\t\t\t\t\t\t<p><strong>Kleine Story ..\u00a0<\/strong><\/p><p>Die Idee f\u00fcr GOOS-E\u00ae wurde w\u00e4hrend einer kurzen Krankheit meiner Frau geboren. Wir suchten nach einer L\u00f6sung, um \u00fcber das iPad optimal mit Familie und Freunden in Kontakt zu bleiben.\u00a0<\/p><p>Wir w\u00fcnchten uns eine Halterung, die flexibel genug war, um <strong>\u00fcberal in einer bequemen Position, ohne Schmerzen und freih\u00e4ndig den Bildschirm sehen zu k\u00f6nnen.<\/strong> Vom Bett aus. Aber auch vom Sofa und so weiter. Es stellte sich heraus, dass es eine zuverl\u00e4ssige und flexible L\u00f6sung passend zum sch\u00f6ne iPad nicht gab. Die Idee f\u00fcr GOOS-E\u00ae wurde geboren.<\/p><p>Meine Frau hat sich v\u00f6llig erholt. Und unsere Tochter Lisa ist inzwischen einer von vielen GOOS-E\u00ae Fans. \ud83e\udd17<\/p><p>\u00a0<\/p><p><strong>Der Name GOOS-E\u00ae\u00a0<\/strong><\/p><p><strong>GOOS-E\u00ae wird \u201eGoezie\u201c ausgesprochen<\/strong>. Der Name ist ein Hinweis auf den extrem <strong>flexiblen Schwanenhals, auf Englisch \u201eGooseneck\u201c<\/strong> genannt. Und der eigenwilligen Gans. Inzwischen ist unsere \u201eGans\u201c zu vielen Menschen im In- und Ausland, Weltweit geflogen. Wir erhalten oft Nachrichten von zufrieden Nutzern. Manchmal mit neuen hilfreiche Anwendungen. Das ist etwas, auf das wir ziemlich stolz sind.<\/p><p>\u00a0<\/p><p><strong>Unsere Mission<\/strong><\/p><p>Wir leben immer mehr Digital. Unsere Mission ist es um<strong> Menschen \u00fcberal optimal und bequem zu verbinden.<\/strong> Familie, Freunde, Kunden und Kollegen, alle Miteinander. \u00dcber das iPad, das Tablet oder das Handy.<\/p><p><strong>Mit maximalem Komfort, Leichtigkeit und vor allem mit Freude.<\/strong><\/p><p>Ganz einfach, genau so wie du es willst.\u00a0<strong> \ud83d\ude4f\ud83c\udffb<\/strong><\/p>\t\t\t\t\t\t\t\t<\/div>\n\t\t\t\t<\/div>\n\t\t\t\t\t<\/div>\n\t\t<\/div>\n\t\t\t\t\t<\/div>\n\t\t<\/section>\n\t\t\t\t\t<\/div>\n\t\t<\/div>\n\t\t\t\t<div class=\"elementor-column elementor-col-33 elementor-top-column elementor-element elementor-element-166a89d\" data-id=\"166a89d\" data-element_type=\"column\" data-e-type=\"column\">\n\t\t\t<div class=\"elementor-widget-wrap elementor-element-populated\">\n\t\t\t\t\t\t<div class=\"elementor-element elementor-element-907586f elementor-widget elementor-widget-image\" data-id=\"907586f\" data-element_type=\"widget\" data-e-type=\"widget\" data-widget_type=\"image.default\">\n\t\t\t\t<div class=\"elementor-widget-container\">\n\t\t\t\t\t\t\t\t\t\t\t\t\t\t\t<img fetchpriority=\"high\" decoding=\"async\" width=\"800\" height=\"773\" src=\"https:\/\/goos-e.com\/wp-content\/uploads\/2021\/09\/richter-geertjan-vorstenbosch-GOOS-E-1024x990.jpg\" class=\"attachment-large size-large wp-image-7736\" alt=\"richter GOOS-E\" srcset=\"https:\/\/goos-e.com\/wp-content\/uploads\/2021\/09\/richter-geertjan-vorstenbosch-GOOS-E-1024x990.jpg 1024w, https:\/\/goos-e.com\/wp-content\/uploads\/2021\/09\/richter-geertjan-vorstenbosch-GOOS-E-300x290.jpg 300w, https:\/\/goos-e.com\/wp-content\/uploads\/2021\/09\/richter-geertjan-vorstenbosch-GOOS-E-768x743.jpg 768w, https:\/\/goos-e.com\/wp-content\/uploads\/2021\/09\/richter-geertjan-vorstenbosch-GOOS-E-200x193.jpg 200w, https:\/\/goos-e.com\/wp-content\/uploads\/2021\/09\/richter-geertjan-vorstenbosch-GOOS-E-600x580.jpg 600w, https:\/\/goos-e.com\/wp-content\/uploads\/2021\/09\/richter-geertjan-vorstenbosch-GOOS-E.jpg 1417w\" sizes=\"(max-width: 800px) 100vw, 800px\" \/>\t\t\t\t\t\t\t\t\t\t\t\t\t\t\t<\/div>\n\t\t\t\t<\/div>\n\t\t\t\t\t<\/div>\n\t\t<\/div>\n\t\t\t\t\t<\/div>\n\t\t<\/section>\n\t\t\t\t<section class=\"elementor-section elementor-top-section elementor-element elementor-element-b5867f1 elementor-section-content-middle elementor-section-boxed elementor-section-height-default elementor-section-height-default\" data-id=\"b5867f1\" data-element_type=\"section\" data-e-type=\"section\">\n\t\t\t\t\t\t<div class=\"elementor-container elementor-column-gap-no\">\n\t\t\t\t\t<div class=\"elementor-column elementor-col-100 elementor-top-column elementor-element elementor-element-ef83a56\" data-id=\"ef83a56\" data-element_type=\"column\" data-e-type=\"column\">\n\t\t\t<div class=\"elementor-widget-wrap elementor-element-populated\">\n\t\t\t\t\t\t<div class=\"elementor-element elementor-element-4920c1c elementor-widget elementor-widget-spacer\" data-id=\"4920c1c\" data-element_type=\"widget\" data-e-type=\"widget\" data-widget_type=\"spacer.default\">\n\t\t\t\t<div class=\"elementor-widget-container\">\n\t\t\t\t\t\t\t<div class=\"elementor-spacer\">\n\t\t\t<div class=\"elementor-spacer-inner\"><\/div>\n\t\t<\/div>\n\t\t\t\t\t\t<\/div>\n\t\t\t\t<\/div>\n\t\t\t\t\t<\/div>\n\t\t<\/div>\n\t\t\t\t\t<\/div>\n\t\t<\/section>\n\t\t\t\t<\/div>\n\t\t","protected":false},"excerpt":{"rendered":"<p>\u00dcber uns GOOS-E\u00ae Kleine Story ..\u00a0 Die Idee f\u00fcr GOOS-E\u00ae wurde w\u00e4hrend einer kurzen Krankheit meiner Frau geboren. Wir suchten nach einer L\u00f6sung, um \u00fcber das iPad optimal mit Familie und Freunden in Kontakt zu bleiben.\u00a0 Wir w\u00fcnchten uns eine Halterung, die flexibel genug war, um \u00fcberal in einer bequemen Position, ohne Schmerzen und freih\u00e4ndig [&hellip;]<\/p>\n","protected":false},"author":3,"featured_media":0,"parent":0,"menu_order":0,"comment_status":"closed","ping_status":"closed","template":"elementor_theme","meta":{"footnotes":""},"class_list":["post-5964","page","type-page","status-publish","hentry"],"_links":{"self":[{"href":"https:\/\/goos-e.com\/de\/wp-json\/wp\/v2\/pages\/5964","targetHints":{"allow":["GET"]}}],"collection":[{"href":"https:\/\/goos-e.com\/de\/wp-json\/wp\/v2\/pages"}],"about":[{"href":"https:\/\/goos-e.com\/de\/wp-json\/wp\/v2\/types\/page"}],"author":[{"embeddable":true,"href":"https:\/\/goos-e.com\/de\/wp-json\/wp\/v2\/users\/3"}],"replies":[{"embeddable":true,"href":"https:\/\/goos-e.com\/de\/wp-json\/wp\/v2\/comments?post=5964"}],"version-history":[{"count":0,"href":"https:\/\/goos-e.com\/de\/wp-json\/wp\/v2\/pages\/5964\/revisions"}],"wp:attachment":[{"href":"https:\/\/goos-e.com\/de\/wp-json\/wp\/v2\/media?parent=5964"}],"curies":[{"name":"wp","href":"https:\/\/api.w.org\/{rel}","templated":true}]}}