{"id":5976,"date":"2021-06-15T05:49:31","date_gmt":"2021-06-15T05:49:31","guid":{"rendered":"https:\/\/goose.nanowp.com\/unternehmen\/"},"modified":"2026-01-13T17:19:57","modified_gmt":"2026-01-13T16:19:57","slug":"unternehmen-und-oeffentliche-einrichtungen","status":"publish","type":"page","link":"https:\/\/goos-e.com\/de\/unternehmen-und-oeffentliche-einrichtungen\/","title":{"rendered":"B2B"},"content":{"rendered":"\t\t<div data-elementor-type=\"wp-page\" data-elementor-id=\"5976\" class=\"elementor elementor-5976 elementor-4703\" data-elementor-post-type=\"page\">\n\t\t\t\t\t\t<section class=\"elementor-section elementor-top-section elementor-element elementor-element-5bc4d17 elementor-section-boxed elementor-section-height-default elementor-section-height-default\" data-id=\"5bc4d17\" data-element_type=\"section\" data-e-type=\"section\" data-settings=\"{&quot;background_background&quot;:&quot;classic&quot;}\">\n\t\t\t\t\t\t<div class=\"elementor-container elementor-column-gap-custom\">\n\t\t\t\t\t<div class=\"elementor-column elementor-col-100 elementor-top-column elementor-element elementor-element-d9a0ac9\" data-id=\"d9a0ac9\" data-element_type=\"column\" data-e-type=\"column\">\n\t\t\t<div class=\"elementor-widget-wrap elementor-element-populated\">\n\t\t\t\t\t\t<div class=\"elementor-element elementor-element-fa0e3cf elementor-widget elementor-widget-heading\" data-id=\"fa0e3cf\" data-element_type=\"widget\" data-e-type=\"widget\" data-widget_type=\"heading.default\">\n\t\t\t\t<div class=\"elementor-widget-container\">\n\t\t\t\t\t<h1 class=\"elementor-heading-title elementor-size-default\">Unternehmen <\/h1>\t\t\t\t<\/div>\n\t\t\t\t<\/div>\n\t\t\t\t\t<\/div>\n\t\t<\/div>\n\t\t\t\t\t<\/div>\n\t\t<\/section>\n\t\t\t\t<section class=\"elementor-section elementor-top-section elementor-element elementor-element-0c69395 elementor-section-content-middle elementor-reverse-mobile elementor-section-boxed elementor-section-height-default elementor-section-height-default\" data-id=\"0c69395\" data-element_type=\"section\" data-e-type=\"section\">\n\t\t\t\t\t\t<div class=\"elementor-container elementor-column-gap-no\">\n\t\t\t\t\t<div class=\"elementor-column elementor-col-66 elementor-top-column elementor-element elementor-element-f3bfc69\" data-id=\"f3bfc69\" data-element_type=\"column\" data-e-type=\"column\">\n\t\t\t<div class=\"elementor-widget-wrap elementor-element-populated\">\n\t\t\t\t\t\t<section class=\"elementor-section elementor-inner-section elementor-element elementor-element-25c27f0 elementor-section-boxed elementor-section-height-default elementor-section-height-default\" data-id=\"25c27f0\" data-element_type=\"section\" data-e-type=\"section\">\n\t\t\t\t\t\t<div class=\"elementor-container elementor-column-gap-custom\">\n\t\t\t\t\t<div class=\"elementor-column elementor-col-100 elementor-inner-column elementor-element elementor-element-d72cee0\" data-id=\"d72cee0\" data-element_type=\"column\" data-e-type=\"column\">\n\t\t\t<div class=\"elementor-widget-wrap elementor-element-populated\">\n\t\t\t\t\t\t<div class=\"elementor-element elementor-element-6aaffb1 elementor-widget elementor-widget-text-editor\" data-id=\"6aaffb1\" data-element_type=\"widget\" data-e-type=\"widget\" data-widget_type=\"text-editor.default\">\n\t\t\t\t<div class=\"elementor-widget-container\">\n\t\t\t\t\t\t\t\t\t<p>Sind Sie auf der Suche nach einer <strong>Tablet Halterung, iPad Halter oder Handyhalter L\u00f6sung<\/strong> f\u00fcr Ihre Firma, Organisation oder Ihr Unternehmen?<\/p><p>GOOS-E\u00ae bietet eine breite Auswahl an praktischen L\u00f6sungen f\u00fcr Ihren mobilen Bildschirm.<\/p><p><strong style=\"font-size: 1rem;\">Auch Kauf auf Rechnung ist dabei m\u00f6glich. <\/strong><\/p><p>\ud83d\udc49<strong style=\"font-size: 1rem;\"><a href=\"mailto:info@goos-e.com\">Kontaktieren Sie uns bitte mit Ihren Wunsch.<\/a><\/strong><\/p><p><strong style=\"font-size: 1rem;\">\u00a0<\/strong><\/p><p><strong style=\"font-size: 1rem;\">Vorteile GOOS-E\u00ae<\/strong><\/p><p>Immer \u00f6fter f\u00e4llt uns auf, dass es angenehm ist, beide H\u00e4nde frei zu haben. Zum Beispiel w\u00e4hrend einer <strong>Videokonferenz<\/strong> oder Online-Meetings. Oder, dass ein zus\u00e4tzlicher Bildschirm gew\u00fcnscht wird, zum Beispiel f\u00fcr die Kalenderverwaltung oder eine andere Anwendung. Wo immer iPads, Tablets oder Handys verwendet werden, kann GOOS-E\u00ae sie unterst\u00fctzen.<\/p><p><strong>Einige Vorteile von GOOS-E\u00ae<\/strong><\/p><ul><li><b>Immer der beste Blickwinkel<\/b><\/li><li><b>Eine optimale K\u00f6rper-Haltung, gute Ergonomie<\/b><\/li><li><b>Stets beide H\u00e4nde v\u00f6llig frei<\/b><\/li><li><b>Und geeignet f\u00fcr viele (Arbeits-) Situationen<\/b><\/li><\/ul>\t\t\t\t\t\t\t\t<\/div>\n\t\t\t\t<\/div>\n\t\t\t\t<div class=\"elementor-element elementor-element-7187985 elementor-align-center elementor-widget elementor-widget-button\" data-id=\"7187985\" data-element_type=\"widget\" data-e-type=\"widget\" data-widget_type=\"button.default\">\n\t\t\t\t<div class=\"elementor-widget-container\">\n\t\t\t\t\t\t\t\t\t<div class=\"elementor-button-wrapper\">\n\t\t\t\t\t<a class=\"elementor-button elementor-button-link elementor-size-sm\" href=\"https:\/\/goos-e.com\/de\/shop\">\n\t\t\t\t\t\t<span class=\"elementor-button-content-wrapper\">\n\t\t\t\t\t\t\t\t\t<span class=\"elementor-button-text\">BESTELLEN<\/span>\n\t\t\t\t\t<\/span>\n\t\t\t\t\t<\/a>\n\t\t\t\t<\/div>\n\t\t\t\t\t\t\t\t<\/div>\n\t\t\t\t<\/div>\n\t\t\t\t\t<\/div>\n\t\t<\/div>\n\t\t\t\t\t<\/div>\n\t\t<\/section>\n\t\t\t\t\t<\/div>\n\t\t<\/div>\n\t\t\t\t<div class=\"elementor-column elementor-col-33 elementor-top-column elementor-element elementor-element-166a89d\" data-id=\"166a89d\" data-element_type=\"column\" data-e-type=\"column\">\n\t\t\t<div class=\"elementor-widget-wrap elementor-element-populated\">\n\t\t\t\t\t\t<div class=\"elementor-element elementor-element-907586f elementor-widget elementor-widget-image\" data-id=\"907586f\" data-element_type=\"widget\" data-e-type=\"widget\" data-widget_type=\"image.default\">\n\t\t\t\t<div class=\"elementor-widget-container\">\n\t\t\t\t\t\t\t\t\t\t\t\t\t\t\t<img fetchpriority=\"high\" decoding=\"async\" width=\"800\" height=\"800\" src=\"https:\/\/goos-e.com\/wp-content\/uploads\/2021\/04\/tablet-telefoon-houder-zakelijk-goose-1024x1024.jpg\" class=\"attachment-large size-large wp-image-4712\" alt=\"Zakelijk iPad of tablet gebruik GOOS-E\" srcset=\"https:\/\/goos-e.com\/wp-content\/uploads\/2021\/04\/tablet-telefoon-houder-zakelijk-goose-1024x1024.jpg 1024w, https:\/\/goos-e.com\/wp-content\/uploads\/2021\/04\/tablet-telefoon-houder-zakelijk-goose-300x300.jpg 300w, https:\/\/goos-e.com\/wp-content\/uploads\/2021\/04\/tablet-telefoon-houder-zakelijk-goose-150x150.jpg 150w, https:\/\/goos-e.com\/wp-content\/uploads\/2021\/04\/tablet-telefoon-houder-zakelijk-goose-768x768.jpg 768w, https:\/\/goos-e.com\/wp-content\/uploads\/2021\/04\/tablet-telefoon-houder-zakelijk-goose-1536x1536.jpg 1536w, https:\/\/goos-e.com\/wp-content\/uploads\/2021\/04\/tablet-telefoon-houder-zakelijk-goose-200x200.jpg 200w, https:\/\/goos-e.com\/wp-content\/uploads\/2021\/04\/tablet-telefoon-houder-zakelijk-goose-600x600.jpg 600w, https:\/\/goos-e.com\/wp-content\/uploads\/2021\/04\/tablet-telefoon-houder-zakelijk-goose-100x100.jpg 100w, https:\/\/goos-e.com\/wp-content\/uploads\/2021\/04\/tablet-telefoon-houder-zakelijk-goose.jpg 1600w\" sizes=\"(max-width: 800px) 100vw, 800px\" \/>\t\t\t\t\t\t\t\t\t\t\t\t\t\t\t<\/div>\n\t\t\t\t<\/div>\n\t\t\t\t\t<\/div>\n\t\t<\/div>\n\t\t\t\t\t<\/div>\n\t\t<\/section>\n\t\t\t\t<section class=\"elementor-section elementor-top-section elementor-element elementor-element-b5867f1 elementor-section-content-middle elementor-section-boxed elementor-section-height-default elementor-section-height-default\" data-id=\"b5867f1\" data-element_type=\"section\" data-e-type=\"section\">\n\t\t\t\t\t\t<div class=\"elementor-container elementor-column-gap-no\">\n\t\t\t\t\t<div class=\"elementor-column elementor-col-33 elementor-top-column elementor-element elementor-element-eeed80a\" data-id=\"eeed80a\" data-element_type=\"column\" data-e-type=\"column\">\n\t\t\t<div class=\"elementor-widget-wrap elementor-element-populated\">\n\t\t\t\t\t\t<div class=\"elementor-element elementor-element-2c55025 elementor-widget elementor-widget-image\" data-id=\"2c55025\" data-element_type=\"widget\" data-e-type=\"widget\" data-widget_type=\"image.default\">\n\t\t\t\t<div class=\"elementor-widget-container\">\n\t\t\t\t\t\t\t\t\t\t\t\t\t\t\t<img decoding=\"async\" width=\"800\" height=\"800\" src=\"https:\/\/goos-e.com\/wp-content\/uploads\/2021\/04\/tablet-houder-zorg-zakelijk-goose-1024x1024.jpg\" class=\"attachment-large size-large wp-image-4715\" alt=\"iPad of tablet gebruik in ziekenhuis of de zorg GOOS-E\" srcset=\"https:\/\/goos-e.com\/wp-content\/uploads\/2021\/04\/tablet-houder-zorg-zakelijk-goose-1024x1024.jpg 1024w, https:\/\/goos-e.com\/wp-content\/uploads\/2021\/04\/tablet-houder-zorg-zakelijk-goose-300x300.jpg 300w, https:\/\/goos-e.com\/wp-content\/uploads\/2021\/04\/tablet-houder-zorg-zakelijk-goose-150x150.jpg 150w, https:\/\/goos-e.com\/wp-content\/uploads\/2021\/04\/tablet-houder-zorg-zakelijk-goose-768x768.jpg 768w, https:\/\/goos-e.com\/wp-content\/uploads\/2021\/04\/tablet-houder-zorg-zakelijk-goose-1536x1536.jpg 1536w, https:\/\/goos-e.com\/wp-content\/uploads\/2021\/04\/tablet-houder-zorg-zakelijk-goose-200x200.jpg 200w, https:\/\/goos-e.com\/wp-content\/uploads\/2021\/04\/tablet-houder-zorg-zakelijk-goose-600x600.jpg 600w, https:\/\/goos-e.com\/wp-content\/uploads\/2021\/04\/tablet-houder-zorg-zakelijk-goose-100x100.jpg 100w, https:\/\/goos-e.com\/wp-content\/uploads\/2021\/04\/tablet-houder-zorg-zakelijk-goose.jpg 1600w\" sizes=\"(max-width: 800px) 100vw, 800px\" \/>\t\t\t\t\t\t\t\t\t\t\t\t\t\t\t<\/div>\n\t\t\t\t<\/div>\n\t\t\t\t\t<\/div>\n\t\t<\/div>\n\t\t\t\t<div class=\"elementor-column elementor-col-66 elementor-top-column elementor-element elementor-element-ef83a56\" data-id=\"ef83a56\" data-element_type=\"column\" data-e-type=\"column\">\n\t\t\t<div class=\"elementor-widget-wrap elementor-element-populated\">\n\t\t\t\t\t\t<section class=\"elementor-section elementor-inner-section elementor-element elementor-element-9c8f038 elementor-section-boxed elementor-section-height-default elementor-section-height-default\" data-id=\"9c8f038\" data-element_type=\"section\" data-e-type=\"section\">\n\t\t\t\t\t\t<div class=\"elementor-container elementor-column-gap-custom\">\n\t\t\t\t\t<div class=\"elementor-column elementor-col-100 elementor-inner-column elementor-element elementor-element-625d55f\" data-id=\"625d55f\" data-element_type=\"column\" data-e-type=\"column\">\n\t\t\t<div class=\"elementor-widget-wrap elementor-element-populated\">\n\t\t\t\t\t\t<div class=\"elementor-element elementor-element-c51d8ae elementor-widget elementor-widget-text-editor\" data-id=\"c51d8ae\" data-element_type=\"widget\" data-e-type=\"widget\" data-widget_type=\"text-editor.default\">\n\t\t\t\t<div class=\"elementor-widget-container\">\n\t\t\t\t\t\t\t\t\t<p>Neben B2C produzieren wir auch f\u00fcr <strong>Gesch\u00e4ftliche oder B2B-Kunden<\/strong>. Denke hierbei an \u00f6ffentliche Einrichtungen, Produktionsunternehmen, Dienstleistungsorganisationen und Verwaltungen. Aber auch zunehmend an <a href=\"https:\/\/goos-e.com\/de\/ipad-schule\/\"><strong>Schulen<\/strong><\/a><strong>, <a href=\"https:\/\/goos-e.com\/de\/ipad-im-krankenhaus\/\">Krankenh\u00e4user<\/a> <\/strong>und Gesundheitseinrichtungen.<\/p><p>Sind Sie auf der Suche nach einer guten, mobilen Bildschirml\u00f6sung f\u00fcr Ihr Unternehmen oder Organisation?<\/p><p><a href=\"mailto:info@goos-e.com\">Kontaktiere<\/a>\u00a0uns. Auch f\u00fcr ein <strong>Angebot<\/strong> oder <strong>Kauf auf Rechnung<\/strong> schicken Sie uns gerne eine E-Mail mit Ihren W\u00fcnchen und Firmendaten.<\/p><p><strong>Wir freuen uns und denken gerne mit Ihnen mit!<\/strong><\/p>\t\t\t\t\t\t\t\t<\/div>\n\t\t\t\t<\/div>\n\t\t\t\t\t<\/div>\n\t\t<\/div>\n\t\t\t\t\t<\/div>\n\t\t<\/section>\n\t\t\t\t\t<\/div>\n\t\t<\/div>\n\t\t\t\t\t<\/div>\n\t\t<\/section>\n\t\t\t\t<\/div>\n\t\t","protected":false},"excerpt":{"rendered":"<p>Unternehmen Sind Sie auf der Suche nach einer Tablet Halterung, iPad Halter oder Handyhalter L\u00f6sung f\u00fcr Ihre Firma, Organisation oder Ihr Unternehmen? GOOS-E\u00ae bietet eine breite Auswahl an praktischen L\u00f6sungen f\u00fcr Ihren mobilen Bildschirm. Auch Kauf auf Rechnung ist dabei m\u00f6glich. \ud83d\udc49Kontaktieren Sie uns bitte mit Ihren Wunsch. \u00a0 Vorteile GOOS-E\u00ae Immer \u00f6fter f\u00e4llt uns [&hellip;]<\/p>\n","protected":false},"author":3,"featured_media":0,"parent":0,"menu_order":0,"comment_status":"closed","ping_status":"closed","template":"elementor_theme","meta":{"footnotes":""},"class_list":["post-5976","page","type-page","status-publish","hentry"],"_links":{"self":[{"href":"https:\/\/goos-e.com\/de\/wp-json\/wp\/v2\/pages\/5976","targetHints":{"allow":["GET"]}}],"collection":[{"href":"https:\/\/goos-e.com\/de\/wp-json\/wp\/v2\/pages"}],"about":[{"href":"https:\/\/goos-e.com\/de\/wp-json\/wp\/v2\/types\/page"}],"author":[{"embeddable":true,"href":"https:\/\/goos-e.com\/de\/wp-json\/wp\/v2\/users\/3"}],"replies":[{"embeddable":true,"href":"https:\/\/goos-e.com\/de\/wp-json\/wp\/v2\/comments?post=5976"}],"version-history":[{"count":1,"href":"https:\/\/goos-e.com\/de\/wp-json\/wp\/v2\/pages\/5976\/revisions"}],"predecessor-version":[{"id":21135,"href":"https:\/\/goos-e.com\/de\/wp-json\/wp\/v2\/pages\/5976\/revisions\/21135"}],"wp:attachment":[{"href":"https:\/\/goos-e.com\/de\/wp-json\/wp\/v2\/media?parent=5976"}],"curies":[{"name":"wp","href":"https:\/\/api.w.org\/{rel}","templated":true}]}}