{"id":6032,"date":"2021-06-15T09:14:45","date_gmt":"2021-06-15T09:14:45","guid":{"rendered":"https:\/\/goose.nanowp.com\/der-ideale-schwanenhals-fuer-deine-situation\/"},"modified":"2025-02-24T16:01:10","modified_gmt":"2025-02-24T15:01:10","slug":"schwanenhals-tablet-handy-halter","status":"publish","type":"page","link":"https:\/\/goos-e.com\/de\/schwanenhals-tablet-handy-halter\/","title":{"rendered":"Der ideale Schwanenhals f\u00fcr deine Situation."},"content":{"rendered":"\t\t<div data-elementor-type=\"wp-page\" data-elementor-id=\"6032\" class=\"elementor elementor-6032 elementor-5043\" data-elementor-post-type=\"page\">\n\t\t\t\t\t\t<section class=\"elementor-section elementor-top-section elementor-element elementor-element-554de5c elementor-section-boxed elementor-section-height-default elementor-section-height-default\" data-id=\"554de5c\" data-element_type=\"section\" data-e-type=\"section\" data-settings=\"{&quot;background_background&quot;:&quot;classic&quot;}\">\n\t\t\t\t\t\t<div class=\"elementor-container elementor-column-gap-custom\">\n\t\t\t\t\t<div class=\"elementor-column elementor-col-100 elementor-top-column elementor-element elementor-element-4c61b70\" data-id=\"4c61b70\" data-element_type=\"column\" data-e-type=\"column\">\n\t\t\t<div class=\"elementor-widget-wrap elementor-element-populated\">\n\t\t\t\t\t\t<div class=\"elementor-element elementor-element-2a06509 elementor-widget elementor-widget-heading\" data-id=\"2a06509\" data-element_type=\"widget\" data-e-type=\"widget\" data-widget_type=\"heading.default\">\n\t\t\t\t<div class=\"elementor-widget-container\">\n\t\t\t\t\t<h1 class=\"elementor-heading-title elementor-size-default\">Der ideale Schwanenhals f\u00fcr deine Situation.<\/h1>\t\t\t\t<\/div>\n\t\t\t\t<\/div>\n\t\t\t\t<div class=\"elementor-element elementor-element-8e79732 elementor-widget elementor-widget-text-editor\" data-id=\"8e79732\" data-element_type=\"widget\" data-e-type=\"widget\" data-widget_type=\"text-editor.default\">\n\t\t\t\t<div class=\"elementor-widget-container\">\n\t\t\t\t\t\t\t\t\t<p>Jede Situation ist anders. Deshalb bieten wir dir die Wahl aus verschiedenen<\/p>\n<p>GOOS-E-H\u00e4lse, auch &#8220;Schwanenh\u00e4lse&#8221; genannt. Alle sehr stabil<\/p>\n<p>und dennoch flexibel f\u00fcr optimalen Komfort.<\/p>\n\t\t\t\t\t\t\t\t<\/div>\n\t\t\t\t<\/div>\n\t\t\t\t<div class=\"elementor-element elementor-element-7c09cbc elementor-widget elementor-widget-heading\" data-id=\"7c09cbc\" data-element_type=\"widget\" data-e-type=\"widget\" data-widget_type=\"heading.default\">\n\t\t\t\t<div class=\"elementor-widget-container\">\n\t\t\t\t\t<h2 class=\"elementor-heading-title elementor-size-medium\">Der Einfachheit halber listen wir sie einfach auf:<\/h2>\t\t\t\t<\/div>\n\t\t\t\t<\/div>\n\t\t\t\t\t<\/div>\n\t\t<\/div>\n\t\t\t\t\t<\/div>\n\t\t<\/section>\n\t\t\t\t<section class=\"elementor-section elementor-top-section elementor-element elementor-element-ebeb597 elementor-section-boxed elementor-section-height-default elementor-section-height-default\" data-id=\"ebeb597\" data-element_type=\"section\" data-e-type=\"section\">\n\t\t\t\t\t\t<div class=\"elementor-container elementor-column-gap-default\">\n\t\t\t\t\t<div class=\"elementor-column elementor-col-25 elementor-top-column elementor-element elementor-element-7fcc601e\" data-id=\"7fcc601e\" data-element_type=\"column\" data-e-type=\"column\">\n\t\t\t<div class=\"elementor-widget-wrap elementor-element-populated\">\n\t\t\t\t\t\t<div class=\"elementor-element elementor-element-750a8ae2 elementor-widget elementor-widget-image\" data-id=\"750a8ae2\" data-element_type=\"widget\" data-e-type=\"widget\" data-widget_type=\"image.default\">\n\t\t\t\t<div class=\"elementor-widget-container\">\n\t\t\t\t\t\t\t\t\t\t\t\t\t\t\t<img fetchpriority=\"high\" decoding=\"async\" width=\"800\" height=\"800\" src=\"https:\/\/goos-e.com\/wp-content\/uploads\/2021\/05\/zwanenhals-tablet-telefoon-35cm-1024x1024.jpg\" class=\"attachment-large size-large wp-image-5269\" alt=\"\" srcset=\"https:\/\/goos-e.com\/wp-content\/uploads\/2021\/05\/zwanenhals-tablet-telefoon-35cm-1024x1024.jpg 1024w, https:\/\/goos-e.com\/wp-content\/uploads\/2021\/05\/zwanenhals-tablet-telefoon-35cm-300x300.jpg 300w, https:\/\/goos-e.com\/wp-content\/uploads\/2021\/05\/zwanenhals-tablet-telefoon-35cm-150x150.jpg 150w, https:\/\/goos-e.com\/wp-content\/uploads\/2021\/05\/zwanenhals-tablet-telefoon-35cm-768x768.jpg 768w, https:\/\/goos-e.com\/wp-content\/uploads\/2021\/05\/zwanenhals-tablet-telefoon-35cm-1536x1536.jpg 1536w, https:\/\/goos-e.com\/wp-content\/uploads\/2021\/05\/zwanenhals-tablet-telefoon-35cm-200x200.jpg 200w, https:\/\/goos-e.com\/wp-content\/uploads\/2021\/05\/zwanenhals-tablet-telefoon-35cm-600x600.jpg 600w, https:\/\/goos-e.com\/wp-content\/uploads\/2021\/05\/zwanenhals-tablet-telefoon-35cm-100x100.jpg 100w, https:\/\/goos-e.com\/wp-content\/uploads\/2021\/05\/zwanenhals-tablet-telefoon-35cm.jpg 1600w\" sizes=\"(max-width: 800px) 100vw, 800px\" \/>\t\t\t\t\t\t\t\t\t\t\t\t\t\t\t<\/div>\n\t\t\t\t<\/div>\n\t\t\t\t<div class=\"elementor-element elementor-element-48abed2d elementor-widget elementor-widget-heading\" data-id=\"48abed2d\" data-element_type=\"widget\" data-e-type=\"widget\" data-widget_type=\"heading.default\">\n\t\t\t\t<div class=\"elementor-widget-container\">\n\t\t\t\t\t<h3 class=\"elementor-heading-title elementor-size-default\">Schwanenhals 35 cm<\/h3>\t\t\t\t<\/div>\n\t\t\t\t<\/div>\n\t\t\t\t<div class=\"elementor-element elementor-element-36b2654a elementor-widget elementor-widget-text-editor\" data-id=\"36b2654a\" data-element_type=\"widget\" data-e-type=\"widget\" data-widget_type=\"text-editor.default\">\n\t\t\t\t<div class=\"elementor-widget-container\">\n\t\t\t\t\t\t\t\t\t<p><strong>Robust &amp; stabil.<\/strong><\/p><p>Ideal auf einem Tisch oder Schreibtisch. Oder, wenn du viel auf den Bildschirm tippen musst. Du brauchst nicht unbedingt mehr L\u00e4nge. Die Halterung ist sch\u00f6n und stabil. Der flexible Hals erfordert etwas mehr Kraft beim Biegen, aber der Bildschirm bleibt daf\u00fcr super stabil. Wird eingesetzt am\u00a0<a href=\"https:\/\/goos-e.com\/de\/tablet-halterung-komplettpaket-pro-xl-9-bis-14-zoll-35-cm\/\" target=\"_blank\" rel=\"noopener\">GOOS-E 35 mit Standfu\u00df,<\/a>\u00a0und\u00a0<a href=\"https:\/\/goos-e.com\/de\/tablethalter-ipad-halterung-schwanenhals-35-cm\/\" target=\"_blank\" rel=\"noopener\">mit Klemme<\/a>.\u00a0<\/p>\t\t\t\t\t\t\t\t<\/div>\n\t\t\t\t<\/div>\n\t\t\t\t\t<\/div>\n\t\t<\/div>\n\t\t\t\t<div class=\"elementor-column elementor-col-25 elementor-top-column elementor-element elementor-element-2792c6a1\" data-id=\"2792c6a1\" data-element_type=\"column\" data-e-type=\"column\">\n\t\t\t<div class=\"elementor-widget-wrap elementor-element-populated\">\n\t\t\t\t\t\t<div class=\"elementor-element elementor-element-580cc471 elementor-widget elementor-widget-image\" data-id=\"580cc471\" data-element_type=\"widget\" data-e-type=\"widget\" data-widget_type=\"image.default\">\n\t\t\t\t<div class=\"elementor-widget-container\">\n\t\t\t\t\t\t\t\t\t\t\t\t\t\t\t<img decoding=\"async\" width=\"800\" height=\"800\" src=\"https:\/\/goos-e.com\/wp-content\/uploads\/2021\/05\/zwanenhals-tablet-telefoon-55cm-1024x1024.jpg\" class=\"attachment-large size-large wp-image-5272\" alt=\"\" srcset=\"https:\/\/goos-e.com\/wp-content\/uploads\/2021\/05\/zwanenhals-tablet-telefoon-55cm-1024x1024.jpg 1024w, https:\/\/goos-e.com\/wp-content\/uploads\/2021\/05\/zwanenhals-tablet-telefoon-55cm-300x300.jpg 300w, https:\/\/goos-e.com\/wp-content\/uploads\/2021\/05\/zwanenhals-tablet-telefoon-55cm-150x150.jpg 150w, https:\/\/goos-e.com\/wp-content\/uploads\/2021\/05\/zwanenhals-tablet-telefoon-55cm-768x768.jpg 768w, https:\/\/goos-e.com\/wp-content\/uploads\/2021\/05\/zwanenhals-tablet-telefoon-55cm-1536x1536.jpg 1536w, https:\/\/goos-e.com\/wp-content\/uploads\/2021\/05\/zwanenhals-tablet-telefoon-55cm-200x200.jpg 200w, https:\/\/goos-e.com\/wp-content\/uploads\/2021\/05\/zwanenhals-tablet-telefoon-55cm-600x600.jpg 600w, https:\/\/goos-e.com\/wp-content\/uploads\/2021\/05\/zwanenhals-tablet-telefoon-55cm-100x100.jpg 100w, https:\/\/goos-e.com\/wp-content\/uploads\/2021\/05\/zwanenhals-tablet-telefoon-55cm.jpg 1600w\" sizes=\"(max-width: 800px) 100vw, 800px\" \/>\t\t\t\t\t\t\t\t\t\t\t\t\t\t\t<\/div>\n\t\t\t\t<\/div>\n\t\t\t\t<div class=\"elementor-element elementor-element-16e0b0aa elementor-widget elementor-widget-heading\" data-id=\"16e0b0aa\" data-element_type=\"widget\" data-e-type=\"widget\" data-widget_type=\"heading.default\">\n\t\t\t\t<div class=\"elementor-widget-container\">\n\t\t\t\t\t<h3 class=\"elementor-heading-title elementor-size-default\">Schwanenhals 55 cm<\/h3>\t\t\t\t<\/div>\n\t\t\t\t<\/div>\n\t\t\t\t<div class=\"elementor-element elementor-element-47105981 elementor-widget elementor-widget-text-editor\" data-id=\"47105981\" data-element_type=\"widget\" data-e-type=\"widget\" data-widget_type=\"text-editor.default\">\n\t\t\t\t<div class=\"elementor-widget-container\">\n\t\t\t\t\t\t\t\t\t<p><strong>Unser Multitalent.<\/strong><\/p><p>Er ist die perfekte Begleitung auf dem Tisch, aber auch neben dem Bett oder dem Sofa.\u00a0 Und sogar im Auto. Falls du nur ein wenig mehr L\u00e4nge brauchst. Zum Beispiel, wenn du deinen Bildschirm haupts\u00e4chlich f\u00fcr z.B. \u00a0Videokonferenzen oder Filme brauchst.<\/p><p><strong>Verf\u00fcgbar in 2 Varianten:<\/strong><\/p><p><strong>Full Flex.<\/strong><\/p><p>Mit anderen Worten, v\u00f6llig flexibel und biegsam. Ideal an vielen verschiedenen Stellen. Wird in den meisten GOOS-E&#8217;s mit 55-cm-H\u00e4lsen verwendet.<\/p><p><strong>Fix &amp; flex.<\/strong><\/p><p>Der erste Teil <strong>20 cm ist fest<\/strong> + <strong>35 cm flexibel<\/strong>. Der untere Teil ist also nicht flexibel. Dieser Hals ist daher etwas steifer \/ st\u00e4rker und wird mit dem <a href=\"https:\/\/goos-e.com\/de\/tablet-halterung-auto-pro-xl\/\" target=\"_blank\" rel=\"noopener\">Autohalter PRO 55<\/a> f\u00fcr zus\u00e4tzliche Stabilit\u00e4t verwendet.<\/p>\t\t\t\t\t\t\t\t<\/div>\n\t\t\t\t<\/div>\n\t\t\t\t\t<\/div>\n\t\t<\/div>\n\t\t\t\t<div class=\"elementor-column elementor-col-25 elementor-top-column elementor-element elementor-element-1a22c457\" data-id=\"1a22c457\" data-element_type=\"column\" data-e-type=\"column\">\n\t\t\t<div class=\"elementor-widget-wrap elementor-element-populated\">\n\t\t\t\t\t\t<div class=\"elementor-element elementor-element-2a5d13b9 elementor-widget elementor-widget-image\" data-id=\"2a5d13b9\" data-element_type=\"widget\" data-e-type=\"widget\" data-widget_type=\"image.default\">\n\t\t\t\t<div class=\"elementor-widget-container\">\n\t\t\t\t\t\t\t\t\t\t\t\t\t\t\t<img decoding=\"async\" width=\"800\" height=\"800\" src=\"https:\/\/goos-e.com\/wp-content\/uploads\/2021\/05\/zwanenhals-tablet-telefoon-75cm-1024x1024.jpg\" class=\"attachment-large size-large wp-image-5275\" alt=\"\" srcset=\"https:\/\/goos-e.com\/wp-content\/uploads\/2021\/05\/zwanenhals-tablet-telefoon-75cm-1024x1024.jpg 1024w, https:\/\/goos-e.com\/wp-content\/uploads\/2021\/05\/zwanenhals-tablet-telefoon-75cm-300x300.jpg 300w, https:\/\/goos-e.com\/wp-content\/uploads\/2021\/05\/zwanenhals-tablet-telefoon-75cm-150x150.jpg 150w, https:\/\/goos-e.com\/wp-content\/uploads\/2021\/05\/zwanenhals-tablet-telefoon-75cm-768x768.jpg 768w, https:\/\/goos-e.com\/wp-content\/uploads\/2021\/05\/zwanenhals-tablet-telefoon-75cm-1536x1536.jpg 1536w, https:\/\/goos-e.com\/wp-content\/uploads\/2021\/05\/zwanenhals-tablet-telefoon-75cm-200x200.jpg 200w, https:\/\/goos-e.com\/wp-content\/uploads\/2021\/05\/zwanenhals-tablet-telefoon-75cm-600x600.jpg 600w, https:\/\/goos-e.com\/wp-content\/uploads\/2021\/05\/zwanenhals-tablet-telefoon-75cm-100x100.jpg 100w, https:\/\/goos-e.com\/wp-content\/uploads\/2021\/05\/zwanenhals-tablet-telefoon-75cm.jpg 1600w\" sizes=\"(max-width: 800px) 100vw, 800px\" \/>\t\t\t\t\t\t\t\t\t\t\t\t\t\t\t<\/div>\n\t\t\t\t<\/div>\n\t\t\t\t<div class=\"elementor-element elementor-element-11519b0f elementor-widget elementor-widget-heading\" data-id=\"11519b0f\" data-element_type=\"widget\" data-e-type=\"widget\" data-widget_type=\"heading.default\">\n\t\t\t\t<div class=\"elementor-widget-container\">\n\t\t\t\t\t<h3 class=\"elementor-heading-title elementor-size-default\">Schwanenhals 75 cm<\/h3>\t\t\t\t<\/div>\n\t\t\t\t<\/div>\n\t\t\t\t<div class=\"elementor-element elementor-element-48f1ce04 elementor-widget elementor-widget-text-editor\" data-id=\"48f1ce04\" data-element_type=\"widget\" data-e-type=\"widget\" data-widget_type=\"text-editor.default\">\n\t\t\t\t<div class=\"elementor-widget-container\">\n\t\t\t\t\t\t\t\t\t<p><strong>Lang &amp; neugierig<\/strong><\/p><p>Mit diesem extra langen Schwanenhals kannst du dein Tablet oder Handy auf den Boden stellen. Zum Beispiel vor deinem Sofa, neben deinem Bett. Oder mit Klemme an deine Bettkante oder ans Regal klemmen. Durch die L\u00e4nge hast du eine gro\u00dfe Reichweite.<\/p><p>\u00a0<\/p><p><strong>Fix &amp; Flex<\/strong><\/p><p>Die ersten <strong>20 cm <\/strong>vom Schwanenhals sind gerade<strong> (also nicht biegbar, fix).<\/strong><\/p><p>Die restlichen<strong> 55 cm<\/strong> bis zum Bildschirm, ist dieser Hals <strong>voll flexibel.<\/strong><\/p><p>Tipp: W\u00e4hlst du einen GOOS-E mit einem stabilen Standfu\u00df, kannst du ihn auf (Pflanzen-)Rollen stellen und er rollt \u00fcberall mit hin \ud83d\ude09<\/p>\t\t\t\t\t\t\t\t<\/div>\n\t\t\t\t<\/div>\n\t\t\t\t\t<\/div>\n\t\t<\/div>\n\t\t\t\t<div class=\"elementor-column elementor-col-25 elementor-top-column elementor-element elementor-element-3d0ad0f\" data-id=\"3d0ad0f\" data-element_type=\"column\" data-e-type=\"column\">\n\t\t\t<div class=\"elementor-widget-wrap elementor-element-populated\">\n\t\t\t\t\t\t<div class=\"elementor-element elementor-element-a22212d elementor-widget elementor-widget-image\" data-id=\"a22212d\" data-element_type=\"widget\" data-e-type=\"widget\" data-widget_type=\"image.default\">\n\t\t\t\t<div class=\"elementor-widget-container\">\n\t\t\t\t\t\t\t\t\t\t\t\t\t\t\t<img loading=\"lazy\" decoding=\"async\" width=\"500\" height=\"500\" src=\"https:\/\/goos-e.com\/wp-content\/uploads\/2024\/12\/Zwanenhals-100-cm-Tablet-houder-tablet-standaard-iPad-telefoon-GOOS-E-1.jpg\" class=\"attachment-large size-large wp-image-16963\" alt=\"Schwanenhals-100-cm-Tablet-Halterung-Tablet-Staender-iPad-Handy-GOOS-E\" srcset=\"https:\/\/goos-e.com\/wp-content\/uploads\/2024\/12\/Zwanenhals-100-cm-Tablet-houder-tablet-standaard-iPad-telefoon-GOOS-E-1.jpg 500w, https:\/\/goos-e.com\/wp-content\/uploads\/2024\/12\/Zwanenhals-100-cm-Tablet-houder-tablet-standaard-iPad-telefoon-GOOS-E-1-300x300.jpg 300w, https:\/\/goos-e.com\/wp-content\/uploads\/2024\/12\/Zwanenhals-100-cm-Tablet-houder-tablet-standaard-iPad-telefoon-GOOS-E-1-150x150.jpg 150w, https:\/\/goos-e.com\/wp-content\/uploads\/2024\/12\/Zwanenhals-100-cm-Tablet-houder-tablet-standaard-iPad-telefoon-GOOS-E-1-200x200.jpg 200w, https:\/\/goos-e.com\/wp-content\/uploads\/2024\/12\/Zwanenhals-100-cm-Tablet-houder-tablet-standaard-iPad-telefoon-GOOS-E-1-100x100.jpg 100w, https:\/\/goos-e.com\/wp-content\/uploads\/2024\/12\/Zwanenhals-100-cm-Tablet-houder-tablet-standaard-iPad-telefoon-GOOS-E-1-50x50.jpg 50w\" sizes=\"(max-width: 500px) 100vw, 500px\" \/>\t\t\t\t\t\t\t\t\t\t\t\t\t\t\t<\/div>\n\t\t\t\t<\/div>\n\t\t\t\t<div class=\"elementor-element elementor-element-1363751 elementor-widget elementor-widget-heading\" data-id=\"1363751\" data-element_type=\"widget\" data-e-type=\"widget\" data-widget_type=\"heading.default\">\n\t\t\t\t<div class=\"elementor-widget-container\">\n\t\t\t\t\t<h3 class=\"elementor-heading-title elementor-size-default\">Schwanenhals 100 cm<\/h3>\t\t\t\t<\/div>\n\t\t\t\t<\/div>\n\t\t\t\t<div class=\"elementor-element elementor-element-711c678 elementor-widget elementor-widget-text-editor\" data-id=\"711c678\" data-element_type=\"widget\" data-e-type=\"widget\" data-widget_type=\"text-editor.default\">\n\t\t\t\t<div class=\"elementor-widget-container\">\n\t\t\t\t\t\t\t\t\t<p><strong>Maximaler Genuss.\u00a0<\/strong><\/p><p>Unser allerneuester Hals ist ganz 100 cm lang. Ideal, um ihn vor dir auf eine flache Oberfl\u00e4che zu stellen. Zum Beispiel vor deinem Sofa, deinem (Boxspring-)Bett oder Sessel. Dein Bildschirm kommt sch\u00f6n hoch und noch n\u00e4her an dein Gesicht heran. Maximales Vergn\u00fcgen! Er ist au\u00dferdem \u00e4u\u00dferst stilvoll.\u00a0<\/p><p><strong>Fix &amp; Flex<\/strong><\/p><p>Die ersten <strong>45 cm<\/strong> des Schwanenhalses sind gerade <strong>(nicht biegbar, fix<\/strong>).<\/p><p>Die restlichen <strong>55 cm<\/strong> bis zum Tablet oder Handy <strong>sind v\u00f6llig flexibel und biegbar.<\/strong><\/p><p>Je nach Gewicht deines Bildschirms kannst du den Hals entweder leicht oder etwas weiter biegen.<\/p><p>Er wird eingesetzt beim <strong><a href=\"https:\/\/goos-e.com\/de\/tablet-halterung-ipadhalter-schwanenhals-100-cm\/\" target=\"_blank\" rel=\"noopener\">GOOS-E 1oo cm.<\/a><\/strong><\/p><p><strong>Tipp:<\/strong> Du kannst ihn sogar noch ein wenig l\u00e4nger machen, indem du ihn auf eine (Pflanzen-)Rolle stellst. Das macht ihn auch mobil \ud83d\ude09.<\/p>\t\t\t\t\t\t\t\t<\/div>\n\t\t\t\t<\/div>\n\t\t\t\t\t<\/div>\n\t\t<\/div>\n\t\t\t\t\t<\/div>\n\t\t<\/section>\n\t\t\t\t<section class=\"elementor-section elementor-top-section elementor-element elementor-element-e952798 elementor-section-boxed elementor-section-height-default elementor-section-height-default\" data-id=\"e952798\" data-element_type=\"section\" data-e-type=\"section\" data-settings=\"{&quot;background_background&quot;:&quot;classic&quot;}\">\n\t\t\t\t\t\t<div class=\"elementor-container elementor-column-gap-custom\">\n\t\t\t\t\t<div class=\"elementor-column elementor-col-100 elementor-top-column elementor-element elementor-element-b53725e\" data-id=\"b53725e\" data-element_type=\"column\" data-e-type=\"column\">\n\t\t\t<div class=\"elementor-widget-wrap elementor-element-populated\">\n\t\t\t\t\t\t<div class=\"elementor-element elementor-element-8b6283a elementor-widget elementor-widget-heading\" data-id=\"8b6283a\" data-element_type=\"widget\" data-e-type=\"widget\" data-widget_type=\"heading.default\">\n\t\t\t\t<div class=\"elementor-widget-container\">\n\t\t\t\t\t<h2 class=\"elementor-heading-title elementor-size-medium\">Stark &amp; Stabil, und modular<\/h2>\t\t\t\t<\/div>\n\t\t\t\t<\/div>\n\t\t\t\t<div class=\"elementor-element elementor-element-b3d5cf1 elementor-widget elementor-widget-text-editor\" data-id=\"b3d5cf1\" data-element_type=\"widget\" data-e-type=\"widget\" data-widget_type=\"text-editor.default\">\n\t\t\t\t<div class=\"elementor-widget-container\">\n\t\t\t\t\t\t\t\t\t<p>GOOS-E\u00ae Schwanenh\u00e4lse sind <strong>stark und stabil<\/strong>. Das bedeutet, dass sie auch nach vielen Biegebewegungen nicht durchh\u00e4ngen. Sie bleiben immer fest in Position. Auch, wenn dein Tablet einen Tick gr\u00f6\u00dfer oder schwerer ist. Das macht GOOS-E so einzigartig.\u00a0<\/p><p>Und auch der Wechsel zwischen verschiedenen H\u00e4lsen ist absolut kein Problem.<\/p><p>GOOS-E ist n\u00e4mlich <strong>ein modulares System.<\/strong> So kannst du mehrere Kombinationen f\u00fcr verschiedene Situationen erstellen.<\/p><p>Wie praktisch und bequem ist das?<\/p>\t\t\t\t\t\t\t\t<\/div>\n\t\t\t\t<\/div>\n\t\t\t\t\t<\/div>\n\t\t<\/div>\n\t\t\t\t\t<\/div>\n\t\t<\/section>\n\t\t\t\t<section class=\"elementor-section elementor-top-section elementor-element elementor-element-b5867f1 elementor-section-content-middle elementor-section-boxed elementor-section-height-default elementor-section-height-default\" data-id=\"b5867f1\" data-element_type=\"section\" data-e-type=\"section\">\n\t\t\t\t\t\t<div class=\"elementor-container elementor-column-gap-no\">\n\t\t\t\t\t<div class=\"elementor-column elementor-col-33 elementor-top-column elementor-element elementor-element-eeed80a\" data-id=\"eeed80a\" data-element_type=\"column\" data-e-type=\"column\">\n\t\t\t<div class=\"elementor-widget-wrap elementor-element-populated\">\n\t\t\t\t\t\t<div class=\"elementor-element elementor-element-2c55025 elementor-widget elementor-widget-image\" data-id=\"2c55025\" data-element_type=\"widget\" data-e-type=\"widget\" data-widget_type=\"image.default\">\n\t\t\t\t<div class=\"elementor-widget-container\">\n\t\t\t\t\t\t\t\t\t\t\t\t\t\t\t<img loading=\"lazy\" decoding=\"async\" width=\"800\" height=\"800\" src=\"https:\/\/goos-e.com\/wp-content\/uploads\/2021\/05\/tablet-halzen-goose-1024x1024.jpg\" class=\"attachment-large size-large wp-image-5053\" alt=\"Soorten tablet halzen GOOS-E\" srcset=\"https:\/\/goos-e.com\/wp-content\/uploads\/2021\/05\/tablet-halzen-goose-1024x1024.jpg 1024w, https:\/\/goos-e.com\/wp-content\/uploads\/2021\/05\/tablet-halzen-goose-300x300.jpg 300w, https:\/\/goos-e.com\/wp-content\/uploads\/2021\/05\/tablet-halzen-goose-150x150.jpg 150w, https:\/\/goos-e.com\/wp-content\/uploads\/2021\/05\/tablet-halzen-goose-768x768.jpg 768w, https:\/\/goos-e.com\/wp-content\/uploads\/2021\/05\/tablet-halzen-goose-1536x1536.jpg 1536w, https:\/\/goos-e.com\/wp-content\/uploads\/2021\/05\/tablet-halzen-goose-200x200.jpg 200w, https:\/\/goos-e.com\/wp-content\/uploads\/2021\/05\/tablet-halzen-goose-600x600.jpg 600w, https:\/\/goos-e.com\/wp-content\/uploads\/2021\/05\/tablet-halzen-goose-100x100.jpg 100w, https:\/\/goos-e.com\/wp-content\/uploads\/2021\/05\/tablet-halzen-goose.jpg 1600w\" sizes=\"(max-width: 800px) 100vw, 800px\" \/>\t\t\t\t\t\t\t\t\t\t\t\t\t\t\t<\/div>\n\t\t\t\t<\/div>\n\t\t\t\t\t<\/div>\n\t\t<\/div>\n\t\t\t\t<div class=\"elementor-column elementor-col-66 elementor-top-column elementor-element elementor-element-ef83a56\" data-id=\"ef83a56\" data-element_type=\"column\" data-e-type=\"column\">\n\t\t\t<div class=\"elementor-widget-wrap elementor-element-populated\">\n\t\t\t\t\t\t<section class=\"elementor-section elementor-inner-section elementor-element elementor-element-9c8f038 elementor-section-boxed elementor-section-height-default elementor-section-height-default\" data-id=\"9c8f038\" data-element_type=\"section\" data-e-type=\"section\">\n\t\t\t\t\t\t<div class=\"elementor-container elementor-column-gap-custom\">\n\t\t\t\t\t<div class=\"elementor-column elementor-col-100 elementor-inner-column elementor-element elementor-element-625d55f\" data-id=\"625d55f\" data-element_type=\"column\" data-e-type=\"column\">\n\t\t\t<div class=\"elementor-widget-wrap elementor-element-populated\">\n\t\t\t\t\t\t<div class=\"elementor-element elementor-element-28c97a8 elementor-widget elementor-widget-heading\" data-id=\"28c97a8\" data-element_type=\"widget\" data-e-type=\"widget\" data-widget_type=\"heading.default\">\n\t\t\t\t<div class=\"elementor-widget-container\">\n\t\t\t\t\t<h2 class=\"elementor-heading-title elementor-size-medium\">Einfach zu biegen &amp; reinigen<\/h2>\t\t\t\t<\/div>\n\t\t\t\t<\/div>\n\t\t\t\t<div class=\"elementor-element elementor-element-c51d8ae elementor-widget elementor-widget-text-editor\" data-id=\"c51d8ae\" data-element_type=\"widget\" data-e-type=\"widget\" data-widget_type=\"text-editor.default\">\n\t\t\t\t<div class=\"elementor-widget-container\">\n\t\t\t\t\t\t\t\t\t<p>Wie am besten zu biegen?\u00a0<\/p><p><strong>Step 1<\/strong><\/p><p><strong>Biege mit 2 H\u00e4nde\u00a0den Schwanenhals einfach zurecht<\/strong> (mit leichte Kraftaufwand). Auf diese Weise passt du ihn an die gew\u00fcnschte Sichth\u00f6he und Position an.\u00a0<\/p><p><strong>Step 2\u00a0<\/strong><\/p><p>Dann nimmst du den Bildschirm und drehst dein iPad oder Handy in den idealen Betrachtungswinkel, bzw. machst das <strong>&#8220;Feintuning&#8221; (360 Grad drehbar).<\/strong><\/p><p>So, dass du immer die bequemste Position einstellst.<span style=\"font-size: 1rem;\">\u00a0<\/span><\/p><p>Jeder GOOS-E Schwanenhals hat eine <strong>Silikongummischicht<\/strong> f\u00fcr einen guten Griff. Und dabei ist der Hals leicht zu reinigen.\u00a0<\/p><p><span style=\"font-size: 1rem;\">Hast du noch Zweifel oder hast du noch Fragen? Dann nehme einfach Kontakt mit uns auf.<\/span><\/p><p>Unter <strong><a href=\"https:\/\/goos-e.com\/de\/zubehoer\/\">Zubeh\u00f6r<\/a><\/strong> k\u00f6nnen den meisten Schwanenh\u00e4lse auch separat bestellt werden.\u00a0<\/p>\t\t\t\t\t\t\t\t<\/div>\n\t\t\t\t<\/div>\n\t\t\t\t\t<\/div>\n\t\t<\/div>\n\t\t\t\t\t<\/div>\n\t\t<\/section>\n\t\t\t\t\t<\/div>\n\t\t<\/div>\n\t\t\t\t\t<\/div>\n\t\t<\/section>\n\t\t\t\t<section class=\"elementor-section elementor-top-section elementor-element elementor-element-f101b91 elementor-section-boxed elementor-section-height-default elementor-section-height-default\" data-id=\"f101b91\" data-element_type=\"section\" data-e-type=\"section\">\n\t\t\t\t\t\t<div class=\"elementor-container elementor-column-gap-default\">\n\t\t\t\t\t<div class=\"elementor-column elementor-col-100 elementor-top-column elementor-element elementor-element-0b1b8ea\" data-id=\"0b1b8ea\" data-element_type=\"column\" data-e-type=\"column\">\n\t\t\t<div class=\"elementor-widget-wrap\">\n\t\t\t\t\t\t\t<\/div>\n\t\t<\/div>\n\t\t\t\t\t<\/div>\n\t\t<\/section>\n\t\t\t\t<\/div>\n\t\t","protected":false},"excerpt":{"rendered":"<p>Jede Situation ist anders. Deshalb bieten wir dir die Wahl aus verschiedenen GOOS-E-H\u00e4lse, auch &#8220;Schwanenh\u00e4lse&#8221; genannt. Alle sehr stabil und dennoch flexibel f\u00fcr optimalen Komfort. Der Einfachheit halber listen wir sie einfach auf: Schwanenhals 35 cm Robust &amp; stabil. Ideal auf einem Tisch oder Schreibtisch. Oder, wenn du viel auf den Bildschirm tippen musst. Du [&hellip;]<\/p>\n","protected":false},"author":3,"featured_media":0,"parent":0,"menu_order":0,"comment_status":"closed","ping_status":"closed","template":"","meta":{"footnotes":""},"class_list":["post-6032","page","type-page","status-publish","hentry"],"_links":{"self":[{"href":"https:\/\/goos-e.com\/de\/wp-json\/wp\/v2\/pages\/6032","targetHints":{"allow":["GET"]}}],"collection":[{"href":"https:\/\/goos-e.com\/de\/wp-json\/wp\/v2\/pages"}],"about":[{"href":"https:\/\/goos-e.com\/de\/wp-json\/wp\/v2\/types\/page"}],"author":[{"embeddable":true,"href":"https:\/\/goos-e.com\/de\/wp-json\/wp\/v2\/users\/3"}],"replies":[{"embeddable":true,"href":"https:\/\/goos-e.com\/de\/wp-json\/wp\/v2\/comments?post=6032"}],"version-history":[{"count":0,"href":"https:\/\/goos-e.com\/de\/wp-json\/wp\/v2\/pages\/6032\/revisions"}],"wp:attachment":[{"href":"https:\/\/goos-e.com\/de\/wp-json\/wp\/v2\/media?parent=6032"}],"curies":[{"name":"wp","href":"https:\/\/api.w.org\/{rel}","templated":true}]}}