{"id":11327,"date":"2022-10-07T16:15:01","date_gmt":"2022-10-07T14:15:01","guid":{"rendered":"https:\/\/goos-e.com\/tablet-houder-telefoonhouder-pro-55-met-klem\/"},"modified":"2026-01-26T18:35:42","modified_gmt":"2026-01-26T17:35:42","slug":"tablet-halterung-handyhalter-pro-55-cm-mit-klemme","status":"publish","type":"product","link":"https:\/\/goos-e.com\/de\/tablet-halterung-handyhalter-pro-55-cm-mit-klemme\/","title":{"rendered":"Tablet Halterung + Handyhalter PRO (2 in 1)  55 cm"},"content":{"rendered":"<p><strong>Mit diesem Tablet-Halterung &amp; Handyhalter PRO 55 cm kannst du deinen Bildschirm immer genau so platzieren, wie du willst.<\/strong><\/p>\n<h2>Teile Tablet Halterung PRO<\/h2>\n<p>\u2705 Der <strong>PRO Halter<\/strong> wurde erneuert.\u00a0Dank des einzigartigen 3-Punkt-Designs ist dieser Halter jetzt sowohl f\u00fcr das Handy als auch f\u00fcr das Tablet geeignet. <strong>Von 6 bis zum 14 Zoll. <\/strong>Auch eine H\u00fclle past (bis zu 16 mm dick). Ein Federsystem fixiert dein iPad oder Smartphone einfach, schnell und sicher. Kurzum, ein intelligenter und kompakter Halter!<\/p>\n<p>&nbsp;<\/p>\n<p>\u2705 Mit der praktischen <strong>2-Wege-Klemme<\/strong> aus Metall kannst du dein iPad, Tablet oder Telefon fast \u00fcberall befestigen. Sowohl waagerecht, zum Beispiel an deinem Schreibtisch. Oder senkrecht stehend, z. B. auf deinem Bettkannte.<\/p>\n<p>&nbsp;<\/p>\n<p>\u2705 Der biegsame <strong>Schwanenhals<\/strong> ist leistungsstark und dennoch flexibel. Mit 2 H\u00e4nden kann man es in jede erdenkliche Position biegen. So erf\u00e4hrst du optimale Ergonomie und Komfort. Und keine Sorge. Dieser flexible Schwanenhals ist robust und h\u00e4ngt nicht durch. Nicht einmal nach vielen Biegungen. Wir haben dass getestet \ud83e\udd13.<\/p>\n<p>&nbsp;<\/p>\n<p><strong>\ud83d\udca1 Tipp :\u00a0 25% Bundle-Rabatt.<\/strong><\/p>\n<p>Willst du deinen Bildschirm auch mal hinstellen oder im Auto benutzen? Dann f\u00fcge einen <strong><a href=\"https:\/\/goos-e.com\/de\/tablet-halterung-standfuss\/\">stabilen Fuss<\/a><\/strong> oder <strong><a href=\"https:\/\/goos-e.com\/de\/tablet-halterung-auto-klemmvorrichting\/\">Auto-Sitzklemme<\/a> <\/strong>unter Zubeh\u00f6r hinzu. GOOS-E\u00ae ist ein modulares System. Du erh\u00e4ltst <strong>25% Rabatt<\/strong> an der Kasse auf alle Zubeh\u00f6r.<\/p>\n<p>F\u00fcr maximalen Komfort und stilvolles, funktionales Design w\u00e4hle diesen Tablet-Halter Telefonhalter PRO.<\/p>\n<p>&nbsp;<\/p>\n<p><strong>\ud83d\udc49 Jetzt bestellen und bald genie\u00dfen!<\/strong><\/p>\n","protected":false},"excerpt":{"rendered":"<ul>\n<li><strong>Tablet Halterung + Handyhalter 6-14 Zoll<\/strong><\/li>\n<li><strong>Starker flexibler Schwanenhals 55 cm<\/strong><\/li>\n<li><strong>Optimale Bildschirmposition &#8211; 360\u00ba<\/strong><\/li>\n<li><strong>Maximaler ergonomischer Komfort<\/strong><\/li>\n<li><strong>Sicheres und stilvolles NL-Design<\/strong><\/li>\n<\/ul>\n<p>&nbsp;<\/p>\n<p>\ud83d\udc49 <strong>Momentan ausverkauft.\u00a0 Wohl<\/strong> <b>direkt lieferbar <a href=\"https:\/\/goos-e.com\/de\/tablet-halterung-handyhalter-pro-2-in-1-55-cm-super-stark\/\">GOOS-E 55 cm PRO extra stark.\u00a0<\/a><\/b><\/p>\n","protected":false},"featured_media":13815,"comment_status":"open","ping_status":"closed","template":"","meta":[],"product_brand":[],"product_cat":[58,222,224,60],"product_tag":[396,397,404,423,409,434,387,459,448,595,596,597],"woo-feed-brand":[],"class_list":{"0":"post-11327","1":"product","2":"type-product","3":"status-publish","4":"has-post-thumbnail","6":"product_cat-tablet-halterungen-ipadhalter","7":"product_cat-ipad-halter","8":"product_cat-ipad-halter-mit-klemme","9":"product_cat-tablethalter-ipad-halterung-mit-klemmvorrichtung","10":"product_tag-design-tablet-halterung","11":"product_tag-dutch-design-de","12":"product_tag-ipad-halter","13":"product_tag-ipad-halter-tisch","14":"product_tag-ipad-halterung-schreibtisch","15":"product_tag-tablet-halter","16":"product_tag-tablet-halter-schreibtisch","17":"product_tag-tablet-halterung-tisch","18":"product_tag-tablet-halter-flexible","19":"product_tag-telefoonhouder-de","20":"product_tag-telefoonhouder-bureau-de","21":"product_tag-telefoonhouder-tafel-de","23":"first","24":"outofstock","25":"taxable","26":"shipping-taxable","27":"purchasable","28":"product-type-simple"},"_links":{"self":[{"href":"https:\/\/goos-e.com\/de\/wp-json\/wp\/v2\/product\/11327","targetHints":{"allow":["GET"]}}],"collection":[{"href":"https:\/\/goos-e.com\/de\/wp-json\/wp\/v2\/product"}],"about":[{"href":"https:\/\/goos-e.com\/de\/wp-json\/wp\/v2\/types\/product"}],"replies":[{"embeddable":true,"href":"https:\/\/goos-e.com\/de\/wp-json\/wp\/v2\/comments?post=11327"}],"wp:featuredmedia":[{"embeddable":true,"href":"https:\/\/goos-e.com\/de\/wp-json\/wp\/v2\/media\/13815"}],"wp:attachment":[{"href":"https:\/\/goos-e.com\/de\/wp-json\/wp\/v2\/media?parent=11327"}],"wp:term":[{"taxonomy":"product_brand","embeddable":true,"href":"https:\/\/goos-e.com\/de\/wp-json\/wp\/v2\/product_brand?post=11327"},{"taxonomy":"product_cat","embeddable":true,"href":"https:\/\/goos-e.com\/de\/wp-json\/wp\/v2\/product_cat?post=11327"},{"taxonomy":"product_tag","embeddable":true,"href":"https:\/\/goos-e.com\/de\/wp-json\/wp\/v2\/product_tag?post=11327"},{"taxonomy":"woo-feed-brand","embeddable":true,"href":"https:\/\/goos-e.com\/de\/wp-json\/wp\/v2\/woo-feed-brand?post=11327"}],"curies":[{"name":"wp","href":"https:\/\/api.w.org\/{rel}","templated":true}]}}