{"id":11381,"date":"2022-11-25T18:49:45","date_gmt":"2022-11-25T17:49:45","guid":{"rendered":"https:\/\/goos-e.com\/tablet-halterung-handyhalter-pro-schwarz\/"},"modified":"2026-02-21T21:44:04","modified_gmt":"2026-02-21T20:44:04","slug":"tablet-halterung-handyhalter-pro-schwarz","status":"publish","type":"product","link":"https:\/\/goos-e.com\/de\/tablet-halterung-handyhalter-pro-schwarz\/","title":{"rendered":"Tablet Halterung + Handyhalter PRO (2 in 1) 6-14 Zoll &#8211; schwarz"},"content":{"rendered":"<p>Dieser Tablet Halterung + Handyhalter PRO ist f\u00fcr Tablets, iPads und Handys von 6 bis 14 Zoll geeignet. Es passt auch eine H\u00fclle (bis zu 16 mm dick). Also ein extrem praktischer 2-in-1-Halter. Deshalb auch der gro\u00dfe Favorit \ud83d\ude09<\/p>\n<h2>Vorteile dieser PRO Halterung<\/h2>\n<p>\u2705 Der stilvolle Halter hat ein einzigartiges <strong>3-Punkt-Design.<\/strong> So kannst du dein Tablet &amp; Telefon ganz einfach in der Halterung befestigen.<\/p>\n<p>\u2705 Dieser Halterung kann um <strong>360 Grad gedreht und gekippt<\/strong> werden. So findest du immer die optimale und bequemste Sichtposition.<\/p>\n<p>\u2705 Ein <strong>4-faches Federsystem<\/strong> sichert deinen Bildschirm <strong>einfach, schnell und sicher.\u00a0<\/strong><\/p>\n<p>Hast du etwas weniger Kraft, oder suchst du einen Halter haubts\u00e4chlich f\u00fcr ein gro\u00dfes Tablet oder iPad? Schaue ggf. auch unseren <a href=\"https:\/\/goos-e.com\/de\/tablet-halterung-handyhalter-pro-leicht-gefedert\/\" target=\"_blank\" rel=\"noopener\">PRO Halter &#8211; leicht gefedert<\/a> an.<\/p>\n<p>Bestelle deinen ultimativen Halter hier \ud83d\udc49<\/p>\n<p>&nbsp;<\/p>\n","protected":false},"excerpt":{"rendered":"<p>Dieser Tablet Halterung + Handyhalter PRO ist f\u00fcr Tablets, iPads und Handys von 6 bis 14 Zoll geeignet. Es passt auch eine H\u00fclle (bis zu 16 mm dick). Also ein extrem praktischer 2-in-1-Halter. Deshalb auch der gro\u00dfe Favorit \ud83d\ude09<\/p>\n<h2>Vorteile dieser PRO Halterung<\/h2>\n<p>\u2705 Der stilvolle Halter hat ein einzigartiges <strong>3-Punkt-Design.<\/strong> So kannst du dein Tablet &amp; Telefon ganz einfach in der Halterung befestigen.<\/p>\n<p>\u2705 Dieser Halterung kann um <strong>360 Grad gedreht und gekippt<\/strong> werden. So findest du immer die optimale und bequemste Sichtposition.<\/p>\n<p>\u2705 Ein <strong>4-faches Federsystem<\/strong> sichert deinen Bildschirm <strong>einfach, schnell und sicher.\u00a0<\/strong><\/p>\n<p>Hast du etwas weniger Kraft, oder suchst du einen Halter haubts\u00e4chlich f\u00fcr ein gro\u00dfes Tablet oder iPad? Schaue ggf. auch unseren <a href=\"https:\/\/goos-e.com\/de\/tablet-halterung-handyhalter-pro-leicht-gefedert\/\" target=\"_blank\" rel=\"noopener\">PRO Halter &#8211; leicht gefedert<\/a> an.<\/p>\n<p>Bestelle deinen ultimativen Halter hier \ud83d\udc49<\/p>\n","protected":false},"featured_media":13196,"comment_status":"open","ping_status":"closed","template":"","meta":[],"product_brand":[],"product_cat":[63],"product_tag":[576,532,439],"woo-feed-brand":[],"class_list":{"0":"post-11381","1":"product","2":"type-product","3":"status-publish","4":"has-post-thumbnail","6":"product_cat-zubehoer","7":"product_tag-handyhalter","8":"product_tag-ipad-halterung","9":"product_tag-tablet-halter-pro","11":"first","12":"instock","13":"taxable","14":"shipping-taxable","15":"purchasable","16":"product-type-simple"},"_links":{"self":[{"href":"https:\/\/goos-e.com\/de\/wp-json\/wp\/v2\/product\/11381","targetHints":{"allow":["GET"]}}],"collection":[{"href":"https:\/\/goos-e.com\/de\/wp-json\/wp\/v2\/product"}],"about":[{"href":"https:\/\/goos-e.com\/de\/wp-json\/wp\/v2\/types\/product"}],"replies":[{"embeddable":true,"href":"https:\/\/goos-e.com\/de\/wp-json\/wp\/v2\/comments?post=11381"}],"wp:featuredmedia":[{"embeddable":true,"href":"https:\/\/goos-e.com\/de\/wp-json\/wp\/v2\/media\/13196"}],"wp:attachment":[{"href":"https:\/\/goos-e.com\/de\/wp-json\/wp\/v2\/media?parent=11381"}],"wp:term":[{"taxonomy":"product_brand","embeddable":true,"href":"https:\/\/goos-e.com\/de\/wp-json\/wp\/v2\/product_brand?post=11381"},{"taxonomy":"product_cat","embeddable":true,"href":"https:\/\/goos-e.com\/de\/wp-json\/wp\/v2\/product_cat?post=11381"},{"taxonomy":"product_tag","embeddable":true,"href":"https:\/\/goos-e.com\/de\/wp-json\/wp\/v2\/product_tag?post=11381"},{"taxonomy":"woo-feed-brand","embeddable":true,"href":"https:\/\/goos-e.com\/de\/wp-json\/wp\/v2\/woo-feed-brand?post=11381"}],"curies":[{"name":"wp","href":"https:\/\/api.w.org\/{rel}","templated":true}]}}