{"id":11873,"date":"2023-01-06T13:48:25","date_gmt":"2023-01-06T12:48:25","guid":{"rendered":"https:\/\/goos-e.com\/tablet-houder-telefoonhouder-pro-35-cm-met-kleine-voet\/"},"modified":"2025-11-10T11:15:28","modified_gmt":"2025-11-10T10:15:28","slug":"tablet-halterung-handyhalter-pro-35-cm-mit-kleiner-fuss","status":"publish","type":"product","link":"https:\/\/goos-e.com\/de\/tablet-halterung-handyhalter-pro-35-cm-mit-kleiner-fuss\/","title":{"rendered":"Tablet Halterung + Handyhalter PRO (2 in 1) mit Schwanenhals 35 cm &#8220;klein &#038; fein&#8221;."},"content":{"rendered":"<ul>\n<li><strong>Tablet-Halterung + Handyhalter 6-14 Zoll<\/strong><\/li>\n<li><strong>Kurzen starker Schwanenhals 35 <\/strong><\/li>\n<li><strong>Kleiner Standfuss 1 kg<\/strong><\/li>\n<li><strong>Optimale Bildschirmeinstellung &#8211; 360 Grad<\/strong><\/li>\n<li><strong>Maximaler ergonomischer Komfort<\/strong><\/li>\n<li><strong>Sicheres und stilvolles NL-Design<\/strong><\/li>\n<\/ul>\n<p>&nbsp;<\/p>\n<p><strong>Dieser Tablet-Halterung + Handyhalter PRO 35 cm<\/strong> ist klein &amp; fein <strong>\ud83d\ude03\u00a0 <\/strong>Stell es auf deinen Tisch, neben dein PC oder Macbook, zum Beispiele w\u00e4hrend eines Online-Meetings. Du wirst es stundenlang genie\u00dfen k\u00f6nnen!<\/p>\n<p>\u2705 Der <strong>PRO Halter<\/strong> wurde erneuert.\u00a0Dank des einzigartigen 3-Punkt-Designs ist dieser Halter jetzt sowohl f\u00fcr das Handy als auch f\u00fcr das Tablet geeignet. <strong>Von 6 bis zum 14 Zoll. <\/strong>Auch eine H\u00fclle past (bis zu 16 mm dick). Ein Federsystem fixiert dein iPad oder Smartphone einfach, schnell und sicher. Kurzum, ein intelligenter und kompakter Halter!<\/p>\n<p>\u2705 Der kleine <strong>Standfu\u00df<\/strong> von rund 1 kg ist stabil<\/p>\n<p>\u2705 Der kurze kr\u00e4ftige <strong>Schwanenhals<\/strong> ist leistungsstark. Mit 2 H\u00e4nden kann man es in jede erdenkliche Position biegen. So erf\u00e4hrst du optimale Ergonomie und Komfort.<\/p>\n<p>M\u00f6chtest du dein Tablet oder Telefon auch irgendwo festklemmen k\u00f6nnen? Dann f\u00fcge eine Klemme unter <a href=\"https:\/\/goos-e.com\/de\/zubehoer\/\"><strong>Zubeh\u00f6r<\/strong><\/a> hinzu (du erh\u00e4ltst 25% Rabatt an der Kasse).<\/p>\n<p>F\u00fcr maximalen Komfort und stilvolles, funktionales Design w\u00e4hlst du diesen feinen GOOS-E Tablet-Halterung + Handyhalter PRO 35 cm.<\/p>\n<p>&nbsp;<\/p>\n","protected":false},"excerpt":{"rendered":"<ul>\n<li><strong>Tablet-Halterung + Handyhalter 6-14 Zoll<\/strong><\/li>\n<li><strong>Kurzen starker Schwanenhals 35 <\/strong><\/li>\n<li><strong>Kleiner Standfuss 1 kg<\/strong><\/li>\n<li><strong>Optimale Bildschirmposition &#8211; 360\u00ba<\/strong><\/li>\n<li><strong>Maximaler ergonomischer Komfort<\/strong><\/li>\n<li><strong>Sicheres und stilvolles NL-Design<\/strong><\/li>\n<\/ul>\n<p>&nbsp;<\/p>\n<p><strong>Dieser Tablet-Halterung + Handyhalter PRO 35 cm<\/strong> ist klein &amp; fein <strong>\ud83d\ude03 <\/strong>Stell es auf deinen Tisch, neben dein PC oder Macbook, zum Beispiele w\u00e4hrend eines Online-Meetings. Du wirst es stundenlang genie\u00dfen k\u00f6nnen!<\/p>\n<p>\u2705 Der <strong>PRO Halter<\/strong> wurde erneuert.\u00a0Dank des einzigartigen 3-Punkt-Designs ist dieser Halter jetzt sowohl f\u00fcr das Handy als auch f\u00fcr das Tablet geeignet. <strong>Von 6 bis zum 14 Zoll. <\/strong>Auch eine H\u00fclle past (bis zu 16 mm dick). Ein Federsystem fixiert dein iPad oder Smartphone einfach, schnell und sicher. Kurzum, ein intelligenter und kompakter Halter!<\/p>\n<p>\u2705 Der kleine <strong>Standfu\u00df<\/strong> von rund 1 kg ist stabil.<\/p>\n<p>\u2705 Der kurze kr\u00e4ftige <strong>Schwanenhals<\/strong> ist leistungsstark. Mit 2 H\u00e4nden kann man es in jede erdenkliche Position biegen. So erf\u00e4hrst du optimale Ergonomie und Komfort.<\/p>\n<p>M\u00f6chtest du dein Tablet oder Telefon auch irgendwo festklemmen k\u00f6nnen? Dann f\u00fcge eine Klemme unter <a href=\"https:\/\/goos-e.com\/de\/zubehoer\/\"><strong>Zubeh\u00f6r<\/strong><\/a> hinzu (du erh\u00e4ltst 25% Rabatt an der Kasse).<\/p>\n<p>F\u00fcr maximalen Komfort und stilvolles, funktionales Design w\u00e4hlst du diesen feinen GOOS-E Tablet-Halterung + Handyhalter PRO 35 cm.<\/p>\n<p>&nbsp;<\/p>\n","protected":false},"featured_media":11874,"comment_status":"open","ping_status":"closed","template":"","meta":[],"product_brand":[],"product_cat":[58,222,59],"product_tag":[419,423,409,416,387,437,459,463,596,597],"woo-feed-brand":[],"class_list":{"0":"post-11873","1":"product","2":"type-product","3":"status-publish","4":"has-post-thumbnail","6":"product_cat-tablet-halterungen-ipadhalter","7":"product_cat-ipad-halter","8":"product_cat-tablet-halterung-ipadhalter-standfuss","9":"product_tag-ipad-halter-35-cm","10":"product_tag-ipad-halter-tisch","11":"product_tag-ipad-halterung-schreibtisch","12":"product_tag-ipad-staender-35-cm","13":"product_tag-tablet-halter-schreibtisch","14":"product_tag-tablet-halterung-35-cm","15":"product_tag-tablet-halterung-tisch","16":"product_tag-tablet-staender-35-cm","17":"product_tag-telefoonhouder-bureau-de","18":"product_tag-telefoonhouder-tafel-de","20":"first","21":"outofstock","22":"taxable","23":"shipping-taxable","24":"purchasable","25":"product-type-simple"},"_links":{"self":[{"href":"https:\/\/goos-e.com\/de\/wp-json\/wp\/v2\/product\/11873","targetHints":{"allow":["GET"]}}],"collection":[{"href":"https:\/\/goos-e.com\/de\/wp-json\/wp\/v2\/product"}],"about":[{"href":"https:\/\/goos-e.com\/de\/wp-json\/wp\/v2\/types\/product"}],"replies":[{"embeddable":true,"href":"https:\/\/goos-e.com\/de\/wp-json\/wp\/v2\/comments?post=11873"}],"wp:featuredmedia":[{"embeddable":true,"href":"https:\/\/goos-e.com\/de\/wp-json\/wp\/v2\/media\/11874"}],"wp:attachment":[{"href":"https:\/\/goos-e.com\/de\/wp-json\/wp\/v2\/media?parent=11873"}],"wp:term":[{"taxonomy":"product_brand","embeddable":true,"href":"https:\/\/goos-e.com\/de\/wp-json\/wp\/v2\/product_brand?post=11873"},{"taxonomy":"product_cat","embeddable":true,"href":"https:\/\/goos-e.com\/de\/wp-json\/wp\/v2\/product_cat?post=11873"},{"taxonomy":"product_tag","embeddable":true,"href":"https:\/\/goos-e.com\/de\/wp-json\/wp\/v2\/product_tag?post=11873"},{"taxonomy":"woo-feed-brand","embeddable":true,"href":"https:\/\/goos-e.com\/de\/wp-json\/wp\/v2\/woo-feed-brand?post=11873"}],"curies":[{"name":"wp","href":"https:\/\/api.w.org\/{rel}","templated":true}]}}