{"id":13135,"date":"2023-07-05T13:03:07","date_gmt":"2023-07-05T11:03:07","guid":{"rendered":"https:\/\/goos-e.com\/buisklem-2-weg-los\/"},"modified":"2026-03-30T10:44:15","modified_gmt":"2026-03-30T08:44:15","slug":"rohrklemme-2-wege","status":"publish","type":"product","link":"https:\/\/goos-e.com\/de\/rohrklemme-2-wege\/","title":{"rendered":"Rohr Stange Klemme (2-Wege)"},"content":{"rendered":"<p>Runde Rohre und Stangen sind oft glitschig und bieten wenig Halt. Kein Problem f\u00fcr diese kr\u00e4ftige Rohrschelle. Sie klemmt n\u00e4mlich \u00fcberall sicher. Selbst ein langer Schwanenhals bleibt fest an seinem Platz.<\/p>\n<p>Stecke den flexiblen Schwanenhals GOOS-E\u00ae in diese Klemme. Dann bringst du deinen Tablet- oder Handy-Bildschirm in genau die richtige Position. Maximaler Komfort ist garantiert!<\/p>\n<h2>In 6 Positionen verstellbar<\/h2>\n<p>Dank der cleveren Kreuzverschraubung kannst du die Klemme mit einem <strong>Kreuzschraubendreher<\/strong> drehen. So kannst du den Schwanenhals ganz einfach an einem horizontalen und vertikalen Rohr oder Stange befestigen. Und sogar auch schr\u00e4g einstellen.<\/p>\n<p>&nbsp;<\/p>\n<p><strong>Hinweis: GOOS-E\u00ae ist ein einzigartiges modulares System.<\/strong> Das bedeutet, dass du dich deine ideale Halterung selbst zusammenstellen k\u00f6nntest. Teile von anderen Marken passen leider nicht \ud83d\ude05.<\/p>\n<p>Bestelle diese Tablet Halterung <strong>Rohr Stange Klemme<\/strong> jetzt hier und erlebe das volle Sehvergn\u00fcgen!<\/p>\n<p>&nbsp;<\/p>\n","protected":false},"excerpt":{"rendered":"<p>Diese einzigartige Tablet Halterung <strong>Rohr Stange Klemme<\/strong> fixiert jeden GOOS-E\u00ae Schwanenhals fest an einem Rund-Rohr oder Stange. Zum Beispiel an deinem Bett, Schrank, Boot, Rollstuhl, Bett Aufzugstange, Heimtrainer oder Crosstrainer.<\/p>\n<p>Suchst du ein komplettes Set mit Hals und Halter? Dann finde hier das <strong><a href=\"https:\/\/goos-e.com\/de\/tablet-halterung-rohr-stange-pro-2-in-1-55-cm\/\">GOOS-E Tablet-Halterung Rohr Stange<\/a> Paket.<\/strong><\/p>\n<p>&nbsp;<\/p>\n<p><strong>Vorteile Rohr-Stange Klemme (einzeln)<\/strong><\/p>\n<ul>\n<li><strong>Geeignet f\u00fcr jedes Rundrohr \u2300 20-40 mm<\/strong><\/li>\n<li><strong>In 6 Positionen verstellbar\u00a0<\/strong><\/li>\n<li><strong>Sehr starke &amp; sichere Befestigung<\/strong><\/li>\n<li><strong>F\u00fcr maximalen Sichtkomfort<\/strong><\/li>\n<\/ul>\n<p>&nbsp;<\/p>\n<p><strong>NEU jetzt auch verf\u00fcgbar <a href=\"https:\/\/goos-e.com\/de\/rohr-stange-klemme-xl\/\" target=\"_blank\" rel=\"noopener\">XL-Rohrklemme<\/a><\/strong>.<\/p>\n<p><strong>\ud83d\udc49 Bestelle jetzt deine Rohr Stange Klemme.\u00a0<\/strong><\/p>\n","protected":false},"featured_media":13134,"comment_status":"open","ping_status":"closed","template":"","meta":[],"product_brand":[],"product_cat":[63],"product_tag":[427,428,413,408,375,376,383,378,446,386,389,385,637,638],"woo-feed-brand":[],"class_list":{"0":"post-13135","1":"product","2":"type-product","3":"status-publish","4":"has-post-thumbnail","6":"product_cat-zubehoer","7":"product_tag-aufzugstange-klemme","8":"product_tag-bettgalgen-klemme","9":"product_tag-ipad-halter-stange","10":"product_tag-ipad-halterung-rohr","11":"product_tag-rohr-klemme","12":"product_tag-rohr-klemme-tablet","13":"product_tag-rohr-klemme-tablet-de","14":"product_tag-rohr-stange-klemme-ipad","15":"product_tag-tablet-halter-rohr","16":"product_tag-tablet-halter-stange","17":"product_tag-tablet-halter-stange-de","18":"product_tag-tablet-halterung-rohr-stange","19":"product_tag-telefoonhouder-buis","20":"product_tag-telefoonhouder-stang","22":"first","23":"instock","24":"taxable","25":"shipping-taxable","26":"purchasable","27":"product-type-simple"},"_links":{"self":[{"href":"https:\/\/goos-e.com\/de\/wp-json\/wp\/v2\/product\/13135","targetHints":{"allow":["GET"]}}],"collection":[{"href":"https:\/\/goos-e.com\/de\/wp-json\/wp\/v2\/product"}],"about":[{"href":"https:\/\/goos-e.com\/de\/wp-json\/wp\/v2\/types\/product"}],"replies":[{"embeddable":true,"href":"https:\/\/goos-e.com\/de\/wp-json\/wp\/v2\/comments?post=13135"}],"wp:featuredmedia":[{"embeddable":true,"href":"https:\/\/goos-e.com\/de\/wp-json\/wp\/v2\/media\/13134"}],"wp:attachment":[{"href":"https:\/\/goos-e.com\/de\/wp-json\/wp\/v2\/media?parent=13135"}],"wp:term":[{"taxonomy":"product_brand","embeddable":true,"href":"https:\/\/goos-e.com\/de\/wp-json\/wp\/v2\/product_brand?post=13135"},{"taxonomy":"product_cat","embeddable":true,"href":"https:\/\/goos-e.com\/de\/wp-json\/wp\/v2\/product_cat?post=13135"},{"taxonomy":"product_tag","embeddable":true,"href":"https:\/\/goos-e.com\/de\/wp-json\/wp\/v2\/product_tag?post=13135"},{"taxonomy":"woo-feed-brand","embeddable":true,"href":"https:\/\/goos-e.com\/de\/wp-json\/wp\/v2\/woo-feed-brand?post=13135"}],"curies":[{"name":"wp","href":"https:\/\/api.w.org\/{rel}","templated":true}]}}