{"id":13947,"date":"2023-11-24T15:44:02","date_gmt":"2023-11-24T14:44:02","guid":{"rendered":"https:\/\/goos-e.com\/tablet-halterung-ipadhalter-schwanenhals-75-cm-copy\/"},"modified":"2026-02-01T00:39:00","modified_gmt":"2026-01-31T23:39:00","slug":"tablet-halterung-ipadhalter-schwanenhals-100-cm","status":"publish","type":"product","link":"https:\/\/goos-e.com\/de\/tablet-halterung-ipadhalter-schwanenhals-100-cm\/","title":{"rendered":"Tablet Halterung + Handyhalter PRO (2 in  1) mit Schwanenhals 100 cm"},"content":{"rendered":"<p><strong>NEU: Tablet St\u00e4nder 100 cm f\u00fcr maximaler Komfort von Tablet &amp; Handy!!\u00a0<\/strong><\/p>\n<h3>Die Teile<\/h3>\n<p>\u2705 Der <strong>PRO Halter<\/strong> wurde erneuert.\u00a0Dank des einzigartigen 3-Punkt-Designs ist dieser Halter jetzt sowohl f\u00fcr das Handy als auch f\u00fcr das Tablet geeignet. <strong>Von 6 bis zum 14 Zoll. <\/strong>Auch eine H\u00fclle past (bis zu 16 mm dick). Ein Federsystem fixiert dein iPad oder Smartphone einfach, schnell und sicher. Kurzum, ein intelligenter und kompakter Halter!<\/p>\n<p>\u2705 Der <strong>stabile Standfu\u00df<\/strong> hat eine sch\u00f6ne runde Form und wiegt ca. 4,8 kg. Stelle ihn auf eine ebene Flur oder Boden und er bleibt elegant und fest stehen.<\/p>\n<p>\u2705\u00a0 Der extralange, flexible <strong>Schwanenhals<\/strong> ist kr\u00e4ftig und dennoch leicht biegbar. Er ist mit einer sch\u00f6nen Silikonschicht versehen. Das macht ihn besonders anmutig.<\/p>\n<p><strong>Die ersten 45 cm ist er gerade,<\/strong> die restlichen 55 cm biegst du mit 2 H\u00e4nden in jede erdenkliche Position. Je nach Gewicht des Tablets kannst du den Hals leicht oder auch etwas weiter in die gew\u00fcnschte Position biegen. So erlebst du immer optimale Ergonomie und maximalen Sehkomfort.<\/p>\n<p>Der Hals ist flexibel biegbar. Dadurch kann er sich beim Tippen leicht bewegen (je nach Gewicht deines Bildschirms). Wenn du viel tippst, halte den Bildschirm kurz. Wir empfehlen ein <strong>maximales Gewicht von 800 Gramm<\/strong>.<\/p>\n<p>&nbsp;<\/p>\n<p><strong>25% Zubeh\u00f6r-Rabatt<\/strong><\/p>\n<p>M\u00f6chtest du dein Tablet oder Telefon auch irgendwo festklemmen k\u00f6nnen? Dann f\u00fcge eine Klemme unter <a href=\"https:\/\/goos-e.com\/de\/zubehoer\/\"><strong>Zubeh\u00f6r<\/strong><\/a> hinzu. Du erh\u00e4ltst <strong>25% Rabatt<\/strong> an der Kasse auf alle Accessoires.<\/p>\n<p><strong>\ud83d\udca1 Tipp:<\/strong> Stell diesen Halter auch auf einen (Pflanzen-)Roller und er rollt \u00fcberall mit dir hin.<\/p>\n<p>&nbsp;<\/p>\n<p><strong>\ud83d\udc49 Kurz gesagt, suchst du maximalen Komfort und ein stilvolles, funktionales Design?\u00a0 <\/strong><\/p>\n<p><strong>Bestelle jetzt deine GOOS-E Tablet Halterung &#8211; iPad St\u00e4nder PRO 100 cm.<\/strong><\/p>\n","protected":false},"excerpt":{"rendered":"<p><strong>NEU: Tablet St\u00e4nder 100 cm f\u00fcr maximaler Komfort von Tablet, Handy &amp; E-Reader !! <\/strong><\/p>\n<p>Mit diesem Tablet Halterung &#8211;\u00a0 iPad St\u00e4nder PRO 100 cm kannst du deinen Bildschirm immer genau so platzieren, wie du willst. Stell es vor deinen Stuhl, dein Sofa, dein Bett oder dein sch\u00f6nes Bad &#8230; du wirst es stundenlang genie\u00dfen k\u00f6nnen !\ud83d\ude03<\/p>\n<h3>Die Vorteile<\/h3>\n<ul>\n<li><strong>PRO-Halter: Tablet Halterung + Handyhalter + E-reader 6-14 Zoll<\/strong><\/li>\n<li><strong>Langer starker Schwanenhals 100 cm<\/strong><\/li>\n<li><strong>Stabilen Standfuss 4,8 kg<\/strong><\/li>\n<li><strong>Optimale Schirmeinstellung &#8211; 360\u00ba<\/strong><\/li>\n<li><strong>Maximaler ergonomischer Komfort<\/strong><\/li>\n<li><strong><strong>Sicheres &amp; stilvolles NL-Design<\/strong><\/strong><\/li>\n<\/ul>\n<p>&nbsp;<\/p>\n<p>\ud83d\udc49<strong> Suchst du nach hohem Komfort?\u00a0 <\/strong><\/p>\n<p><strong>Bestelle hier deine GOOS-E Tablet Halterung &#8211; iPad St\u00e4nder PRO 100 cm<\/strong>. \ud83d\ude0a<\/p>\n<p>&nbsp;<\/p>\n","protected":false},"featured_media":13949,"comment_status":"open","ping_status":"closed","template":"","meta":[],"product_brand":[],"product_cat":[58,223,59],"product_tag":[534,533,532,536,415,432,537,535,540,538,539,462],"woo-feed-brand":[],"class_list":{"0":"post-13947","1":"product","2":"type-product","3":"status-publish","4":"has-post-thumbnail","6":"product_cat-tablet-halterungen-ipadhalter","7":"product_cat-ipad-halter-mit-stabiler-basis","8":"product_cat-tablet-halterung-ipadhalter-standfuss","9":"product_tag-handy-staender","10":"product_tag-handystaender","11":"product_tag-ipad-halterung","12":"product_tag-ipad-halterung-bett","13":"product_tag-ipad-staender","14":"product_tag-tablet-halterung","15":"product_tag-tablet-halterung-bank","16":"product_tag-tablet-halterung-bett","17":"product_tag-tablet-halterung-sessel","18":"product_tag-tablet-halterung-sofa","19":"product_tag-tablet-halterung-stuhl","20":"product_tag-tablet-staender","22":"first","23":"instock","24":"taxable","25":"shipping-taxable","26":"purchasable","27":"product-type-simple"},"_links":{"self":[{"href":"https:\/\/goos-e.com\/de\/wp-json\/wp\/v2\/product\/13947","targetHints":{"allow":["GET"]}}],"collection":[{"href":"https:\/\/goos-e.com\/de\/wp-json\/wp\/v2\/product"}],"about":[{"href":"https:\/\/goos-e.com\/de\/wp-json\/wp\/v2\/types\/product"}],"replies":[{"embeddable":true,"href":"https:\/\/goos-e.com\/de\/wp-json\/wp\/v2\/comments?post=13947"}],"wp:featuredmedia":[{"embeddable":true,"href":"https:\/\/goos-e.com\/de\/wp-json\/wp\/v2\/media\/13949"}],"wp:attachment":[{"href":"https:\/\/goos-e.com\/de\/wp-json\/wp\/v2\/media?parent=13947"}],"wp:term":[{"taxonomy":"product_brand","embeddable":true,"href":"https:\/\/goos-e.com\/de\/wp-json\/wp\/v2\/product_brand?post=13947"},{"taxonomy":"product_cat","embeddable":true,"href":"https:\/\/goos-e.com\/de\/wp-json\/wp\/v2\/product_cat?post=13947"},{"taxonomy":"product_tag","embeddable":true,"href":"https:\/\/goos-e.com\/de\/wp-json\/wp\/v2\/product_tag?post=13947"},{"taxonomy":"woo-feed-brand","embeddable":true,"href":"https:\/\/goos-e.com\/de\/wp-json\/wp\/v2\/woo-feed-brand?post=13947"}],"curies":[{"name":"wp","href":"https:\/\/api.w.org\/{rel}","templated":true}]}}