{"id":14993,"date":"2024-03-22T18:54:31","date_gmt":"2024-03-22T17:54:31","guid":{"rendered":"https:\/\/goos-e.com\/fahrrad-telefonhalter\/"},"modified":"2025-10-23T21:14:12","modified_gmt":"2025-10-23T19:14:12","slug":"handyhalterung-fahrrad","status":"publish","type":"product","link":"https:\/\/goos-e.com\/de\/handyhalterung-fahrrad\/","title":{"rendered":"Handyhalterung Fahrrad PLUS"},"content":{"rendered":"<p><strong>NEU:<\/strong> Bist du auf der Suche nach einem praktischen Handyhalterung Fahrrad mit maximaler Sichtbarkeit w\u00e4hrend deiner Radtour?<\/p>\n<p>Dieser stilvolle Handyhalter Fahrrad bringt dein Handy-Bildschirm einfach etwas \u00a0n\u00e4her. So kannst du den Bildschirm besser ablesen. Ideal f\u00fcr die Navigation w\u00e4hrend der Fahrt mit Google Maps, zum Beispiel, oder jede andere Route Programm. Oder um einen klaren Blick auf den Bildschirm zu haben, wenn du sportlich mit dem Fahrrad oder Heimtrainer unterwegs sind. Und mit dieser Handyhalterung wird das Telefonieren und Radfahren ohne H\u00e4nde sicherer und macht mehr Spa\u00df!<\/p>\n<p>&nbsp;<\/p>\n<h2>Die Vorteile<\/h2>\n<p>\u2705 \u00a0Universalhalterung f\u00fcr alle Handymarken<\/p>\n<p>\u2705 \u00a0Stabiles und elegantes Design<\/p>\n<p>\u2705 \u00a0Sto\u00dfsicher<\/p>\n<p>\u2705 \u00a0Praktische Sicht-vergr\u00f6\u00dferer, bringt den Bildschirm bis auf 7 cm n\u00e4her<\/p>\n<p>\u2705 \u00a0F\u00fcr jede Art von Lenker \u2300 2 -3 cm:<\/p>\n<p>Fahrrad, Heimtrainer, Roller, Moped oder Kinderwagen<\/p>\n<p>&nbsp;<\/p>\n<h3><strong>Optimale Sichtbarkeit, maximale Lesbarkeit<\/strong><\/h3>\n<p>&nbsp;<\/p>\n<p>Der Bildschirm dieses Handyhalterung f\u00fcrs Fahrrad kann um 360 Grad gedreht und geneigt werden. So hast du immer den perfekten Blickwinkel. Au\u00dferdem kannst du den Bildschirm bis zu 7 cm n\u00e4her einstellen. Mit anderen Worten: du kannst den Abstand selbst bestimmen. So genie\u00dft du optimale Sicht und hervorragende Ablesbarkeit.<\/p>\n<p>&nbsp;<\/p>\n<h3><strong>F\u00fcr viele Lenkertypen<\/strong><\/h3>\n<p>&nbsp;<\/p>\n<p>Dank der drei mitgelieferten Gummis ist dieser Fahrradhalter f\u00fcr alle Lenkertypen zwischen \u2300 2,0 und 3,0 cm Dicke geeignet. Pr\u00fcfe kurz vor der Bestellung deine Lenkergr\u00f6\u00dfe. Dank der Gummis ist der Halter immer fest angebracht. Er ist leicht zu montieren. Ein kleiner handlicher Schl\u00fcsselsatz ist schon dabei.<\/p>\n<p>&nbsp;<\/p>\n<p>&nbsp;<\/p>\n<h3><strong>\u00a0F\u00fcr alle Handymarken<\/strong><\/h3>\n<p><strong>\u00a0<\/strong><\/p>\n<p>Diese Handyhalter ist geeignet f\u00fcr alle Marken von Handys mit und ohne H\u00fclle.<\/p>\n<p>&nbsp;<\/p>\n<p>Dank der starke Gummi-Gurte kannst du jedes Smartphone sicher befestigen. Es absorbiert auch St\u00f6\u00dfe auf der Stra\u00dfe tadellos. W\u00e4hrend einer (manchmal) &#8220;holprigen&#8221; Fahrt, sch\u00f6n oder? \ud83d\ude0a<\/p>\n<p>&nbsp;<\/p>\n<p>&nbsp;<\/p>\n<h3><strong>Hochwertiges Design<\/strong><\/h3>\n<p>&nbsp;<\/p>\n<p>GOOS-E\u00ae Handyhalterung Fahrrad hat ein leichtes und elegantes Design. Robust und sicher. Aber auch stilvoll dank seiner Kurven und feiner Verarbeitung.<\/p>\n<p>&nbsp;<\/p>\n<p>Kurzum, mit diesem Handyhalter Fahrrad bist du garantiert sicher und komfortabel unterwegs.<\/p>\n<p>&nbsp;<\/p>\n<p><strong>Bestelle es hier<\/strong> \ud83d\udc49<\/p>\n<p>&nbsp;<\/p>\n","protected":false},"excerpt":{"rendered":"<p><strong>NEU:<\/strong> Bist du auf der Suche nach einem praktischen <strong>Handyhalterung Fahrrad mit maximaler Sichtbarkeit<\/strong> w\u00e4hrend deiner Radtour?<\/p>\n<p>Dieser stilvolle <strong>Handyhalter Fahrrad PLUS<\/strong> bringt dein Handy-Bildschirm einfach etwas \u00a0n\u00e4her. So kannst du den Bildschirm besser ablesen. <strong>Ideal f\u00fcr die Navigation<\/strong> w\u00e4hrend der Fahrt mit Google Maps, zum Beispiel, oder jede andere Route Programm. Oder um einen klaren Blick auf den Bildschirm zu haben, wenn du sportlich mit dem Fahrrad oder Heimtrainer unterwegs sind. Und mit dieser Handyhalterung wird das Telefonieren und Radfahren ohne H\u00e4nde sicherer und macht mehr Spa\u00df!<\/p>\n<h2><strong>Die Vorteile<\/strong><\/h2>\n<p><strong>\u2705 \u00a0Universalhalter f\u00fcr Handys 4 &#8211; 6.7 Zoll<\/strong><\/p>\n<p><strong>\u2705 \u00a0Stabiles und elegantes Design<\/strong><\/p>\n<p><strong>\u2705 \u00a0Sto\u00dfsicher<\/strong><\/p>\n<p><strong>\u2705\u00a0 Sicht-vergr\u00f6\u00dferer, bis 7 cm n\u00e4her<\/strong><\/p>\n<p><strong>\u2705 \u00a0F\u00fcr jede Art von Lenker \u2300 2 -3 cm:<\/strong><\/p>\n<p>&nbsp;<\/p>\n<p><strong>F\u00fcr Fahrrad, Heimtrainer, Roller, Moped oder Kinderwagen.<\/strong><\/p>\n<p>&nbsp;<\/p>\n<h3><strong>PLUS. Optimale Sichtbarkeit, maximale Lesbarkeit<\/strong><\/h3>\n<p>Der Bildschirm dieses Handyhalterung f\u00fcrs Fahrrad kann um <strong>360 Grad gedreht und geneigt<\/strong> werden. So hast du immer den perfekten Blickwinkel. Au\u00dferdem kannst du den <strong>Bildschirm bis zu 7 cm n\u00e4her<\/strong> einstellen. Mit anderen Worten: du kannst den Abstand selbst bestimmen. So genie\u00dft du optimale Sicht und hervorragende Ablesbarkeit. Is das kein PLUS? \ud83d\ude09<\/p>\n<h3><strong>F\u00fcr viele Lenkertypen<\/strong><\/h3>\n<p>Dank der drei mitgelieferten Gummis ist dieser Fahrradhalter f\u00fcr alle Lenkertypen zwischen \u2300 2,0 und 3,0 cm Dicke geeignet. Pr\u00fcfe kurz vor der Bestellung deine Lenkergr\u00f6\u00dfe. Dank der Gummis ist der Halter immer fest angebracht. Er ist leicht zu montieren. Ein kleiner handlicher Schl\u00fcsselsatz ist schon dabei.<\/p>\n<h3><strong>\u00a0F\u00fcr alle Handymarken<\/strong><\/h3>\n<p>Diese Handyhalter ist geeignet f\u00fcr alle Marken von Handys mit und ohne H\u00fclle. <strong>Von 4 bis zum 6.7 Zoll.\u00a0<\/strong><\/p>\n<p>Mit den starken Gummib\u00e4ndern kannst du jedes Smartphone einfach und sicher befestigen. Es absorbiert auch St\u00f6\u00dfe auf der Stra\u00dfe tadellos. W\u00e4hrend einer (manchmal) &#8220;holprigen&#8221; Fahrt, sch\u00f6n oder? \ud83d\ude0a<\/p>\n<h3><strong>Hochwertiges Design<\/strong><\/h3>\n<p>GOOS-E\u00ae Handyhalterung Fahrrad hat ein leichtes und elegantes Design. Robust und sicher. Aber auch stilvoll dank seiner Kurven und feiner Verarbeitung.<\/p>\n<p>Kurzum, mit diesem Handyhalter Fahrrad bist du garantiert sicher und komfortabel unterwegs.<\/p>\n<p><strong>\ud83d\udc49\u00a0 Jetzt bestellen.\u00a0<\/strong><\/p>\n","protected":false},"featured_media":15307,"comment_status":"open","ping_status":"closed","template":"","meta":[],"product_brand":[],"product_cat":[62],"product_tag":[472,474,473,479,475,476,477,478],"woo-feed-brand":[],"class_list":{"0":"post-14993","1":"product","2":"type-product","3":"status-publish","4":"has-post-thumbnail","6":"product_cat-handyhalterungen","7":"product_tag-fahrrad-handyhalter","8":"product_tag-fahrradhalter","9":"product_tag-handyhalter-fahrrad","10":"product_tag-handyhalter-heimtrainer-de","11":"product_tag-handyhalter-heimtrainer","12":"product_tag-handyhalter-moped","13":"product_tag-handyhalterung-rennrad","14":"product_tag-kinderwagen-telefonhalter","16":"first","17":"onbackorder","18":"taxable","19":"shipping-taxable","20":"purchasable","21":"product-type-simple"},"_links":{"self":[{"href":"https:\/\/goos-e.com\/de\/wp-json\/wp\/v2\/product\/14993","targetHints":{"allow":["GET"]}}],"collection":[{"href":"https:\/\/goos-e.com\/de\/wp-json\/wp\/v2\/product"}],"about":[{"href":"https:\/\/goos-e.com\/de\/wp-json\/wp\/v2\/types\/product"}],"replies":[{"embeddable":true,"href":"https:\/\/goos-e.com\/de\/wp-json\/wp\/v2\/comments?post=14993"}],"wp:featuredmedia":[{"embeddable":true,"href":"https:\/\/goos-e.com\/de\/wp-json\/wp\/v2\/media\/15307"}],"wp:attachment":[{"href":"https:\/\/goos-e.com\/de\/wp-json\/wp\/v2\/media?parent=14993"}],"wp:term":[{"taxonomy":"product_brand","embeddable":true,"href":"https:\/\/goos-e.com\/de\/wp-json\/wp\/v2\/product_brand?post=14993"},{"taxonomy":"product_cat","embeddable":true,"href":"https:\/\/goos-e.com\/de\/wp-json\/wp\/v2\/product_cat?post=14993"},{"taxonomy":"product_tag","embeddable":true,"href":"https:\/\/goos-e.com\/de\/wp-json\/wp\/v2\/product_tag?post=14993"},{"taxonomy":"woo-feed-brand","embeddable":true,"href":"https:\/\/goos-e.com\/de\/wp-json\/wp\/v2\/woo-feed-brand?post=14993"}],"curies":[{"name":"wp","href":"https:\/\/api.w.org\/{rel}","templated":true}]}}