{"id":15274,"date":"2024-04-19T12:34:15","date_gmt":"2024-04-19T10:34:15","guid":{"rendered":"https:\/\/goos-e.com\/auto-bus-tablet-houder-telefoonhouder-pro-2-in-1-6-13-inch-75-cm\/"},"modified":"2026-04-09T12:46:12","modified_gmt":"2026-04-09T10:46:12","slug":"auto-tablet-handy-halterung-pro-75cm","status":"publish","type":"product","link":"https:\/\/goos-e.com\/de\/auto-tablet-handy-halterung-pro-75cm\/","title":{"rendered":"Tablet Halterung Auto Bus + Handyhalter PRO (2 in 1) 6-13 Zoll &#8211; 75 cm"},"content":{"rendered":"<h2>Tablet Halterung Auto Bus 75 cm<\/h2>\n<p>F\u00fcr h\u00f6chsten Komfort &amp; maximalen Fahrspa\u00df im Auto, Kfz oder Bus.<\/p>\n<h2>Die Teile<\/h2>\n<p>\u2705 <strong>Dieser extralange Schwanenhals ist 75 cm<\/strong> lang. Speziell f\u00fcr Autos oder Autobusse mit hohen Sitzen. F\u00fcr dich selbst oder einen Beifahrer. Aber \u00a0auch f\u00fcr die Kinder auf dem R\u00fccksitz.<\/p>\n<p><strong>Die ersten 20 cm des Halses sind fest (gerade)<\/strong>, die oberen 55 cm k\u00f6nnen flexibel gebogen werden. Du biegst ihn mit 2 H\u00e4nden in die optimale Position. Dann biegst du die Halter einfach in den richtigen Blickwinkel. Die Windschutzscheibe und das Armaturenbrett bleiben dabei v\u00f6llig frei.<\/p>\n<p>Der lange Hals bewegt sich w\u00e4hrend der Fahrt leicht. Um den Hals extra am Armaturenbrett oder der Mittelkonsole zu stabilisieren, ist ein Car Clip-Set im Lieferumfang enthalten. Pr\u00fcfe, ob dein Auto oder Bus diese Option ebenfalls bietet.<\/p>\n<p>\u2705 <strong>Der einzigartige Metall-Sitzklemme<\/strong> l\u00e4sst sich sicher in bzw. unter der Sitzschiene befestigen. Du m\u00fcsst sich also keine Sorgen machen, dass das iPad oder Tablet herunterf\u00e4llt. Dank der praktischen Fl\u00fcgelmutterbefestigung l\u00e4sst sich den \u00a0Schwanenhals einfach anbringen, aber bei Bedarf auch schnell wieder abnehmen.<\/p>\n<p>\u2705 <strong>Der PRO-Halter (2 in 1)<\/strong> wurde aktualisiert. Dank des intelligenten und kompakten 3-Punkt-Designs ist der Halter jetzt sowohl f\u00fcr Tablet als auch f\u00fcr Telefon geeignet. Von 6 bis sogar 13 Zoll. Das starke 4x Federsystem fixiert das iPad oder Smartphone einfach, schnell und sicher. Selbst eine d\u00fcnne H\u00fclle oder ein Cover stellt kein Problem dar (bis zu 16 mm dick). Wir empfehlen wohl ein <strong>maximales Gewicht von 750 Gramm<\/strong>.<\/p>\n<p><strong>Tipp: Jedes Fahrzeug, Auto und Bus ist anders. Pr\u00fcfe vor der Bestellung die richtige H\u00f6he zur Sitzschiene und ob sich deine Sitzschraube in der Schiene l\u00f6sen l\u00e4sst. Zum Beispiel mit einem Inbus- oder Torx-Schl\u00fcssel (Vielzahn).<\/strong><\/p>\n<p>&nbsp;<\/p>\n<p><strong>\ud83d\udca1 Profitiere von 25% Rabatt<\/strong><\/p>\n<p><strong>GOOS-E\u00ae ist ein einzigartiges modulares System.<\/strong> Du \u00a0kannst es also auch selbst zusammenstellen. Alle Teile findest du unter Zubeh\u00f6r. An der Kasse erh\u00e4ltst du \u00a0einen <strong>Rabatt von 25%.<\/strong> Zum Beispiel eine zus\u00e4tzliche <a href=\"https:\/\/goos-e.com\/de\/tablet-halterung-klemmvorrichting\/\" target=\"_blank\" rel=\"noopener\"><strong>Klemme<\/strong><\/a> f\u00fcr deinen Schreibtisch oder Bett, oder einen <a href=\"https:\/\/goos-e.com\/de\/tablet-halterung-standfuss\/\" target=\"_blank\" rel=\"noopener\"><strong>stabilen Standfu\u00df<\/strong><\/a>, um ihn \u00fcberall aufzustellen. Du kannst ganz einfach deine eigenen Kombinationen zusammenstellen.<\/p>\n<p><strong>Jetzt Bestellen<\/strong> \ud83d\udc49<\/p>\n","protected":false},"excerpt":{"rendered":"<p>Mit diesem extralangen <strong>Auto-Bus-Tablet-Halterung &amp; Handyhalter PRO 75 cm<\/strong> platzierst du deinen mobilen Bildschirm genau so, wie du willst. Geeignet f\u00fcr Autos oder Busse mit h\u00f6heren Sitzen. Das Armaturenbrett und die Windschutzscheibe bleiben frei. So behaltest du maximale Sicht.\u00a0 Sehr praktisch vorne oder auch hinten im Fahrzeug. Ein idealer Halter f\u00fcr deinen Fahrt oder Reise!<\/p>\n<h3>Vorteile Tablet Halterung Auto Bus<\/h3>\n<ul>\n<li><strong>Optimale Sicht &amp; Fahrspa\u00df<\/strong><\/li>\n<li><strong>\u00a0Tablet-Halter + Handyhalter (2 in1) 6-13&#8243;<\/strong><\/li>\n<li><strong>Langer Hals f\u00fcr hohes Auto oder Bus<\/strong><\/li>\n<li><strong>Starke Metall-Sitzklemme<\/strong><\/li>\n<li><strong>Vorne &amp; hinten einsetzbar<\/strong><\/li>\n<li><strong>Sicheres &amp; stilvolles NL-Design<\/strong><\/li>\n<\/ul>\n<p>&nbsp;<\/p>\n<p><strong>Kurzum, maximaler Komfort f\u00fcr Fahrer, Beifahrer und Mitfahrer!\u00a0<\/strong><\/p>\n<p><strong>TIPP:<\/strong> <strong>\u00dcberpr\u00fcfe vor der Bestellung, ob sich die Schraube deines Sitzes lockern l\u00e4sst<\/strong>. Zum Beispiel mit einem Inbus- oder Torx-Schl\u00fcssel. Wenn ja, bist du &#8220;ready to go&#8221;!<\/p>\n<p>&nbsp;<\/p>\n<p><strong>\ud83d\udc49 Wieder erwartet 21. April.\u00a0<\/strong><\/p>\n<p><strong>Jetzt bestellen und bald genie\u00dfen!<\/strong><\/p>\n","protected":false},"featured_media":15261,"comment_status":"open","ping_status":"closed","template":"","meta":[],"product_brand":[],"product_cat":[58,61,222,225],"product_tag":[511,394,379,371,420,512,441,443,440,510,508,509],"woo-feed-brand":[],"class_list":{"0":"post-15274","1":"product","2":"type-product","3":"status-publish","4":"has-post-thumbnail","6":"product_cat-tablet-halterungen-ipadhalter","7":"product_cat-tablet-halterungen-auto","8":"product_cat-ipad-halter","9":"product_cat-ipad-halterung-auto","10":"product_tag-auto-bus-tablet-halterung","11":"product_tag-auto-tablet-halterung","12":"product_tag-auto-tablet-halterung-handyhalter-pro","13":"product_tag-autohalterung-fur-tablet","14":"product_tag-ipad-halter-auto","15":"product_tag-ipad-houder-bus-de","16":"product_tag-tablet-halterung-auto","17":"product_tag-tablet-halterung-auto-flexible","18":"product_tag-tablet-halterung-pro-auto","19":"product_tag-tablet-houder-bus-de","20":"product_tag-telefoon-houder-auto-de","21":"product_tag-telefoonhouder-auto-de","23":"first","24":"onbackorder","25":"taxable","26":"shipping-taxable","27":"purchasable","28":"product-type-simple"},"_links":{"self":[{"href":"https:\/\/goos-e.com\/de\/wp-json\/wp\/v2\/product\/15274","targetHints":{"allow":["GET"]}}],"collection":[{"href":"https:\/\/goos-e.com\/de\/wp-json\/wp\/v2\/product"}],"about":[{"href":"https:\/\/goos-e.com\/de\/wp-json\/wp\/v2\/types\/product"}],"replies":[{"embeddable":true,"href":"https:\/\/goos-e.com\/de\/wp-json\/wp\/v2\/comments?post=15274"}],"wp:featuredmedia":[{"embeddable":true,"href":"https:\/\/goos-e.com\/de\/wp-json\/wp\/v2\/media\/15261"}],"wp:attachment":[{"href":"https:\/\/goos-e.com\/de\/wp-json\/wp\/v2\/media?parent=15274"}],"wp:term":[{"taxonomy":"product_brand","embeddable":true,"href":"https:\/\/goos-e.com\/de\/wp-json\/wp\/v2\/product_brand?post=15274"},{"taxonomy":"product_cat","embeddable":true,"href":"https:\/\/goos-e.com\/de\/wp-json\/wp\/v2\/product_cat?post=15274"},{"taxonomy":"product_tag","embeddable":true,"href":"https:\/\/goos-e.com\/de\/wp-json\/wp\/v2\/product_tag?post=15274"},{"taxonomy":"woo-feed-brand","embeddable":true,"href":"https:\/\/goos-e.com\/de\/wp-json\/wp\/v2\/woo-feed-brand?post=15274"}],"curies":[{"name":"wp","href":"https:\/\/api.w.org\/{rel}","templated":true}]}}