{"id":15564,"date":"2024-05-13T16:04:27","date_gmt":"2024-05-13T14:04:27","guid":{"rendered":"https:\/\/goos-e.com\/?post_type=product&#038;p=15564"},"modified":"2026-04-08T10:44:23","modified_gmt":"2026-04-08T08:44:23","slug":"tablet-halterung-rohr-stange-pro-2-in-1-xl","status":"publish","type":"product","link":"https:\/\/goos-e.com\/de\/tablet-halterung-rohr-stange-pro-2-in-1-xl\/","title":{"rendered":"Tablet Halterung + Handyhalter PRO &#8211; Rohr Stange XL"},"content":{"rendered":"<h2>Teile Tablet Halterung Rohrklemme XL<\/h2>\n<p>\u2705 Der sehr kr\u00e4ftige <strong>Rohrklemme XL<\/strong> h\u00e4lt jedes Rohr mit einem Durchmesser zwischen 25 und 50 mm problemlos fest. Dank der praktischen Kreuzverschraubung kannst du (mit Kreuzschraubendreher) die Rohrschelle in <strong>6 Positionen<\/strong> einstellen: sowohl horizontal, vertikal als auch schr\u00e4g. Passend zu deiner Situation und idealen Ausrichtung!<\/p>\n<p>\u2705 Der neue\u00a0<strong>PRO-Halter 2 in 1<\/strong>\u00a0hat ein kompaktes 3-Punkt-Design. Damit ist er sowohl f\u00fcr Tablet und Smartphone<strong>\u00a0von 6 bis 14 Zoll<\/strong> geeignet. Ein <strong>4-faches Federsystem<\/strong> fixiert dein Bildschirm stark und sicher. Es passt auch ein Cover oder eine H\u00fclle (bis zu 16 mm dick). Dank der einzigartigen 3-Ecken-Form l\u00e4sst sich der Bildschirm ganz einfach in die Halter einsetzen.<\/p>\n<p>\u2705 Der\u00a0<strong>flexible Schwanenhals<\/strong> ist stark und stabil. Die <strong>ersten 20 cm sind fest<\/strong> (von der Klemme) und dann 55 cm v\u00f6llig flexibel. Mit 2 H\u00e4nden biegst du ihn leicht und in jede erdenkliche Position und bringst du deinen Bildschirm auf die perfekte H\u00f6he. Und mit der 360-Grad-Kugel kannst du dein Ger\u00e4t in genau den richtigen Blickwinkel bringen. So erlebst du immer optimale Ergonomie.<\/p>\n<p>Auch mit kurzerem 35 cm Schwanenhals &amp; <strong><a href=\"https:\/\/goos-e.com\/de\/tablet-halterung-rohr-stange-pro-2-in-1-55-cm\/\" target=\"_blank\" rel=\"noopener\">55 cm Schwanenhals lieferbar.<\/a><\/strong><\/p>\n<p><strong>Tipp<\/strong>\u00a0\ud83d\udca1\u00a0<strong>GOOS-E\u00ae ist ein modulares System.<\/strong>\u00a0Du kannst also auch Zubeh\u00f6r hinzuf\u00fcgen. Zum Beispiel einen\u00a0<a href=\"https:\/\/goos-e.com\/de\/tablet-halterung-standfuss\/\"><strong>stabilen Strandfu\u00df\u00a0<\/strong><\/a>zum Aufstellen deines Bildschirms. Oder eine\u00a0<a href=\"https:\/\/goos-e.com\/de\/tablet-halterung-auto-klemmvorrichting\/\"><strong>Sitzklemme<\/strong><\/a>\u00a0f\u00fcr den Einsatz im Auto. Du erh\u00e4ltst\u00a0<strong>25%<\/strong>\u00a0<strong>Rabatt\u00a0<\/strong>an der Kasse.<\/p>\n<p>&nbsp;<\/p>\n<p><strong>\ud83d\udc49 W\u00e4hle deine ideale L\u00e4nge und bestelle jetzt\u00a0<\/strong><\/p>\n","protected":false},"excerpt":{"rendered":"<p><strong>NEU: Tablet Halterung &amp; Handyhalter PRO &#8211; Rohr Stange &#8211; 75 cm<\/strong><\/p>\n<p>Dieser sehr starke Halterung fixiert dein Tablet, iPad oder Handy sicher an jedem runden Rohr oder Stange. Zum Beispiel an deinem Bett, Schrank, Boot, Rollstuhl oder Heimtrainer. Die einzigartige GOOS-E\u00ae Rohrklemme XL macht dein Bildschirm \u00fcberall sicher fest.<\/p>\n<h2>Vorteile dieser Halterung<\/h2>\n<ul>\n<li><strong>Immer die perfekte Position &amp; Komfort<\/strong><\/li>\n<li><strong>XL Rohrklemme f\u00fcr Rundrohre \u2300 25-50 mm<\/strong><\/li>\n<li><strong>Langer flexibler Hals 75 cm<\/strong><\/li>\n<li><strong><strong>PRO Halter 2 in 1 (Tablet + Handy)<\/strong><\/strong><\/li>\n<\/ul>\n<p>&nbsp;<\/p>\n<p><strong>M\u00f6chtest du auch einfach maximales Genie\u00dfen?<\/strong><\/p>\n<p>\ud83d\udc49\u00a0 <strong>W\u00e4hle deine ideale L\u00e4nge und bestelle jetzt.\u00a0<\/strong><\/p>\n","protected":false},"featured_media":15560,"comment_status":"open","ping_status":"closed","template":"","meta":[],"product_brand":[],"product_cat":[60,224,58],"product_tag":[377,410,414,408,412,395,430,429,444,449,446,455,456,445,447,458,457,461,433,435],"woo-feed-brand":[],"class_list":{"0":"post-15564","1":"product","2":"type-product","3":"status-publish","4":"has-post-thumbnail","6":"product_cat-tablethalter-ipad-halterung-mit-klemmvorrichtung","7":"product_cat-ipad-halter-mit-klemme","8":"product_cat-tablet-halterungen-ipadhalter","9":"product_tag-handy-halterung","10":"product_tag-ipad-halter-heimtrainer","11":"product_tag-ipad-halter-hometrainer","12":"product_tag-ipad-halterung-rohr","13":"product_tag-ipad-halterung-rollstuhl","14":"product_tag-rohr-klemme-de","15":"product_tag-smartphone-halter","16":"product_tag-stange-klemme","17":"product_tag-tablet-halter-bett-rohr","18":"product_tag-tablet-halter-heimtrainer-hometrainer","19":"product_tag-tablet-halter-rohr","20":"product_tag-tablet-halter-rohr-de","21":"product_tag-tablet-halter-rollstuhl","22":"product_tag-tablet-halterung-boot","23":"product_tag-tablet-halterung-crosstrainer","24":"product_tag-tablet-halterung-runde-stange","25":"product_tag-tablet-halterung-rundes-rohr","26":"product_tag-tablet-rohr-stange-de","27":"product_tag-tablet-rohr-stange","28":"product_tag-tablet-halterung-de","30":"first","31":"instock","32":"taxable","33":"shipping-taxable","34":"purchasable","35":"product-type-variable"},"_links":{"self":[{"href":"https:\/\/goos-e.com\/de\/wp-json\/wp\/v2\/product\/15564","targetHints":{"allow":["GET"]}}],"collection":[{"href":"https:\/\/goos-e.com\/de\/wp-json\/wp\/v2\/product"}],"about":[{"href":"https:\/\/goos-e.com\/de\/wp-json\/wp\/v2\/types\/product"}],"replies":[{"embeddable":true,"href":"https:\/\/goos-e.com\/de\/wp-json\/wp\/v2\/comments?post=15564"}],"wp:featuredmedia":[{"embeddable":true,"href":"https:\/\/goos-e.com\/de\/wp-json\/wp\/v2\/media\/15560"}],"wp:attachment":[{"href":"https:\/\/goos-e.com\/de\/wp-json\/wp\/v2\/media?parent=15564"}],"wp:term":[{"taxonomy":"product_brand","embeddable":true,"href":"https:\/\/goos-e.com\/de\/wp-json\/wp\/v2\/product_brand?post=15564"},{"taxonomy":"product_cat","embeddable":true,"href":"https:\/\/goos-e.com\/de\/wp-json\/wp\/v2\/product_cat?post=15564"},{"taxonomy":"product_tag","embeddable":true,"href":"https:\/\/goos-e.com\/de\/wp-json\/wp\/v2\/product_tag?post=15564"},{"taxonomy":"woo-feed-brand","embeddable":true,"href":"https:\/\/goos-e.com\/de\/wp-json\/wp\/v2\/woo-feed-brand?post=15564"}],"curies":[{"name":"wp","href":"https:\/\/api.w.org\/{rel}","templated":true}]}}