{"id":16778,"date":"2024-11-29T17:31:58","date_gmt":"2024-11-29T16:31:58","guid":{"rendered":"https:\/\/goos-e.com\/tablet-houder-auto-telefoonhouder-auto-pro-2-in-1-6-13-inch-35-cm\/"},"modified":"2026-04-16T14:47:01","modified_gmt":"2026-04-16T12:47:01","slug":"tablet-halterung-auto-handy-halterung-auto-pro-35-cm","status":"publish","type":"product","link":"https:\/\/goos-e.com\/de\/tablet-halterung-auto-handy-halterung-auto-pro-35-cm\/","title":{"rendered":"Tablet Halterung Auto + Handy Halterung Auto PRO (2 in 1) 6-13 Zoll &#8211; 35 cm"},"content":{"rendered":"<p>Mit dieser <strong>Tablet Halterung Auto &amp; Handy Halterung Auto PRO<\/strong> platzierst du deinen mobilen Bildschirm genau so, wie du es m\u00f6chtest.<\/p>\n<p>Mehr Fahrspa\u00df garantiert!<\/p>\n<h2>Die Vorteile<\/h2>\n<ul>\n<li><strong>Frontscheibe &amp; Armaturenbrett v\u00f6llig frei<\/strong><\/li>\n<li><strong>iPad Halterung + Handyhalter (2 in 1) 6-13 Zoll<\/strong><\/li>\n<li><strong>Starker flexibler Schwanenhals 55 cm<\/strong><\/li>\n<li><strong>Einzigartige Metall-Sitzklemme<\/strong><\/li>\n<li><strong>Verwendung vorne &amp; hinten<\/strong><\/li>\n<li><strong>Sicheres und stilvolles NL-Design<\/strong><\/li>\n<\/ul>\n<p>&nbsp;<\/p>\n<h2>Die Teile<\/h2>\n<p>\u2705 Dieser <strong>Tablet Halterung Auto + Handy Halter Auto PRO (2 in1)<\/strong> wurde erneut. Dank des <strong>kompakten 3-Punkt-Designs<\/strong> ist der Halter jetzt sowohl f\u00fcr das Tablet als auch f\u00fcr das Telefon geeignet. Von 6 bis zu 13 Zoll. Das praktische Federsystem h\u00e4lt das iPad oder Smartphone einfach, schnell und sicher fest. Sowohl horizontal als vertikal. Auch <strong>eine H\u00fclle ist kein Problem (bis zu 16 mm dick)<\/strong>. Wir empfehlen im Auto wohl ein <strong>H\u00f6chstgewicht von 750 Gramm.<\/strong><\/p>\n<p>\u2705 Die einzigartige <strong>Metall-Sitzklemme<\/strong> wird sicher <strong>in \/ oder unter <\/strong>der Sitzschiene befestigt. Mach dir also keine Sorgen, dass das iPad herunterf\u00e4llt. Der Hals l\u00e4sst sich dank der Fl\u00fcgelmutter leicht befestigen. Und kann ggf. wieder abgenommen werden, wenn man einige Zeit nicht unterwegs ist.<\/p>\n<p>\ud83d\udc49\u00a0\u00a0<strong>Tipp:<\/strong> <strong>Jedes Auto ist anders. \u00dcberpr\u00fcfe vor der Bestellung, ob sich die Schraube deines Sitzes lockern l\u00e4sst<\/strong>. Zum Beispiel mit einem Inbus- oder Torx-Schl\u00fcssel.<\/p>\n<p>\u2705 Der<strong> 55 cm starke flexible Schwanenhals<\/strong> kann mit 2 H\u00e4nden in die optimale Position gebogen werden. So bleiben deine Windschutzscheibe und das Armaturenbrett v\u00f6llig frei. Ideal als zus\u00e4tzlicher Bildschirm f\u00fcr dich oder deinen Beifahrer. Aber auch f\u00fcr die Kinder auf dem R\u00fccksitz. Bei Kurven bewegt sich das Tablet leicht mit (aber das tun wir auch \ud83d\ude09 ). Mit dem mitgelieferten Clip kann der Hals bei Bedarf zus\u00e4tzlich gest\u00fctzt werden. Stundenlanger Fahrspa\u00df ist dir garantiert!<\/p>\n<p><strong>NEU :<\/strong> Du kannst jetzt zwischen 3 L\u00e4ngen w\u00e4hlen:<\/p>\n<ul>\n<li><a href=\"https:\/\/goos-e.com\/de\/tablet-halterung-auto-handy-halterung-auto-pro-35-cm\/\" target=\"_blank\" rel=\"noopener\"><strong>35 cm kurz<\/strong> <\/a>&#8211; Autos mit niedrigen Sitzen oder Fahrzeuge mit hoher Sitzschiene (Abstand Bildschirmmitte &#8211; Sitzschiene ca. 40 cm)<\/li>\n<li><strong>55 cm Standard<\/strong> &#8211; f\u00fcr die meisten Autos, Fahrzeuge (Abstand Bildschirmmitte &#8211; Sitzschiene ca. 60 cm)<\/li>\n<li><a href=\"https:\/\/goos-e.com\/de\/auto-tablet-handy-halterung-pro-75cm\/\" target=\"_blank\" rel=\"noopener\"><strong>75 cm<\/strong> <strong>extra lang<\/strong><\/a> &#8211; f\u00fcr Autos mit hohen Sitzen oder LKW\/ Busse (Abstand Bildschirmmitte &#8211; Sitzschiene ca. 80 cm)<\/li>\n<\/ul>\n<p>&nbsp;<\/p>\n<p><strong>\ud83d\udca1 25% Rabatt<\/strong><\/p>\n<p><strong>GOOS-E\u00ae<\/strong> ist ein <strong>modulares System<\/strong>. Alle Komponenten findest du unter <strong>Zubeh\u00f6r.<\/strong> \u00a0Zum Beispiel eine <a href=\"https:\/\/goos-e.com\/de\/tablet-halterung-klemmvorrichting\/\" target=\"_blank\" rel=\"noopener\"><strong>Klemme<\/strong><\/a><strong> f\u00fcr am Schreibtisch oder Bett,<\/strong> oder stabilen <a href=\"https:\/\/goos-e.com\/de\/tablet-halterung-standfuss\/\" target=\"_blank\" rel=\"noopener\"><strong>Standfuss<\/strong> <\/a>\u00a0<strong>um dein Tablet irgendwo hinzustellen<\/strong>, wenn du mal nicht unterwegs bist. Also sehr praktisch &amp; smart!<\/p>\n<p>F\u00fcge ein Accessoire hinzu und du erh\u00e4ltst <strong>25% Rabatt<\/strong> an der Kasse.<\/p>\n<p>Einfach noch mehr genie\u00dfen.\u00a0\ud83d\ude03<\/p>\n<p><strong>\ud83d\udc49 Jetzt bestellen.\u00a0<\/strong><\/p>\n","protected":false},"excerpt":{"rendered":"<p>Mit dieser <strong>Tablet Halterung Auto &amp; Handy Halterung Auto PRO<\/strong> &#8211; <strong>35 cm<\/strong> platzierst du deinen mobilen Bildschirm genau so, wie du es m\u00f6chtest.<\/p>\n<p>Diese <strong>neue kurze Version 35 cm<\/strong> ist ideal f\u00fcr (sportliche) Autos mit einem niedrigen Sitz. Oder Fahrzeuge oder Transporter mit hohen Sitzschienen. Vorne &amp; hinten einsetzbar, f\u00fcr Fahrer, Beifahrer und Mitfahrer.<\/p>\n<p><strong>Einfach mehr Fahrspa\u00df garantiert!<\/strong><\/p>\n<h2>Die Vorteile<\/h2>\n<ul>\n<li><strong>Frontscheibe &amp; Armaturenbrett v\u00f6llig frei<\/strong><\/li>\n<li><strong>Tablet-Halter + Handyhalter (2 in 1) 6-13&#8243;<\/strong><\/li>\n<li><strong>Flexibler Schwanenhals 35 cm<\/strong><\/li>\n<li><strong>Starke Metall-Sitzklemme<\/strong><\/li>\n<li><strong>Verwendung vorne &amp; hinten<\/strong><\/li>\n<li><strong>Sicheres und stilvolles NL-Design<\/strong><\/li>\n<\/ul>\n<p>&nbsp;<\/p>\n","protected":false},"featured_media":16751,"comment_status":"open","ping_status":"closed","template":"","meta":[],"product_brand":[],"product_cat":[58,61,222,225],"product_tag":[394,379,371,420,441,443,440,508,509],"woo-feed-brand":[],"class_list":{"0":"post-16778","1":"product","2":"type-product","3":"status-publish","4":"has-post-thumbnail","6":"product_cat-tablet-halterungen-ipadhalter","7":"product_cat-tablet-halterungen-auto","8":"product_cat-ipad-halter","9":"product_cat-ipad-halterung-auto","10":"product_tag-auto-tablet-halterung","11":"product_tag-auto-tablet-halterung-handyhalter-pro","12":"product_tag-autohalterung-fur-tablet","13":"product_tag-ipad-halter-auto","14":"product_tag-tablet-halterung-auto","15":"product_tag-tablet-halterung-auto-flexible","16":"product_tag-tablet-halterung-pro-auto","17":"product_tag-telefoon-houder-auto-de","18":"product_tag-telefoonhouder-auto-de","20":"first","21":"outofstock","22":"taxable","23":"shipping-taxable","24":"purchasable","25":"product-type-simple"},"_links":{"self":[{"href":"https:\/\/goos-e.com\/de\/wp-json\/wp\/v2\/product\/16778","targetHints":{"allow":["GET"]}}],"collection":[{"href":"https:\/\/goos-e.com\/de\/wp-json\/wp\/v2\/product"}],"about":[{"href":"https:\/\/goos-e.com\/de\/wp-json\/wp\/v2\/types\/product"}],"replies":[{"embeddable":true,"href":"https:\/\/goos-e.com\/de\/wp-json\/wp\/v2\/comments?post=16778"}],"wp:featuredmedia":[{"embeddable":true,"href":"https:\/\/goos-e.com\/de\/wp-json\/wp\/v2\/media\/16751"}],"wp:attachment":[{"href":"https:\/\/goos-e.com\/de\/wp-json\/wp\/v2\/media?parent=16778"}],"wp:term":[{"taxonomy":"product_brand","embeddable":true,"href":"https:\/\/goos-e.com\/de\/wp-json\/wp\/v2\/product_brand?post=16778"},{"taxonomy":"product_cat","embeddable":true,"href":"https:\/\/goos-e.com\/de\/wp-json\/wp\/v2\/product_cat?post=16778"},{"taxonomy":"product_tag","embeddable":true,"href":"https:\/\/goos-e.com\/de\/wp-json\/wp\/v2\/product_tag?post=16778"},{"taxonomy":"woo-feed-brand","embeddable":true,"href":"https:\/\/goos-e.com\/de\/wp-json\/wp\/v2\/woo-feed-brand?post=16778"}],"curies":[{"name":"wp","href":"https:\/\/api.w.org\/{rel}","templated":true}]}}