{"id":17563,"date":"2025-02-10T15:37:59","date_gmt":"2025-02-10T14:37:59","guid":{"rendered":"https:\/\/goos-e.com\/tablet-houder-telefoonhouder-pro-licht-geveerd\/"},"modified":"2026-03-07T21:44:03","modified_gmt":"2026-03-07T20:44:03","slug":"tablet-halterung-handyhalter-pro-leicht-gefedert","status":"publish","type":"product","link":"https:\/\/goos-e.com\/de\/tablet-halterung-handyhalter-pro-leicht-gefedert\/","title":{"rendered":"Tablet Halterung + Handyhalter PRO (2 in 1) 6-14 zoll &#8211; leicht gefedert"},"content":{"rendered":"<p><strong>Unser beliebter Tablet- und Telefonhalter PRO (2 in 1) \u2013 jetzt auch in einer leicht gefederten Variante!<\/strong><\/p>\n<p>Das gleiche smartes Design, geeignet f\u00fcr <strong>Tablets und Handys von 6 bis 14 Zoll<\/strong> \u2013 aber mit einer etwas weicheren Federung. Dadurch ben\u00f6tigst du weniger Kraft, um dein Schirm zu installieren.<\/p>\n<h2><strong>Der ideale Halter, wenn du<\/strong><\/h2>\n<p>\u2714 \u00dcberwiegend ein gro\u00dfes Tablet oder ein gro\u00dfes iPad<strong> ab 12 Zoll<\/strong> benutzt.<br \/>\n\u2714 Dein <strong>iPad mini oder kleines Tablet lieber vertikal<\/strong> in der Halterung platzieren m\u00f6chtest (an den Seiten geklemmt).<br \/>\n\u2714 Etwas weniger Kraft in deinen Armen oder H\u00e4nden hast.<\/p>\n<p>&nbsp;<\/p>\n<h2>Einzigartiges Konzept<\/h2>\n<p>\u2705 <strong>Stilvolles und kompaktes 3-Punkt-Design<\/strong> \u2013 So kannst du dein Tablet noch einfacher in die Halterung einsetzen.<\/p>\n<p>\u2705 <strong>360\u00b0 drehen und knicken<\/strong>\u00a0\u2013 Finde immer die optimale und bequemste Betrachtungsposition.<\/p>\n<p>\u2705 <strong>4-fach Federsystem<\/strong> \u2013 Dein Bildschirm wird schnell, einfach und sicher fixiert.<\/p>\n<p>&nbsp;<\/p>\n<p><strong>HINWEIS:<\/strong> Diese Federung ist etwas weicher als bei unserer regul\u00e4ren <strong>PRO-Halterung<\/strong>.<br \/>\nWir empfehlen, diese Halterung <strong>NICHT<\/strong> in einem fahrenden Fahrzeug zu verwenden, da die Vibrationen zu stark sein k\u00f6nnen. M\u00f6chtest du lieber eine Halterung mit st\u00e4rkerer Federung? <strong>Schau auch unsere regul\u00e4re <a href=\"https:\/\/goos-e.com\/de\/tablet-halterung-handyhalter-pro-schwarz\/\" target=\"_blank\" rel=\"noopener\">PRO-Halterung.<\/a>\u00a0<\/strong><\/p>\n<p><strong>Kurz gesagt: Suchst du eine vielseitige Halterung mit stilvollem Design?<\/strong><\/p>\n<p>\ud83d\udc49 Dann bestelle jetzt die <strong>GOOS-E PRO Halterung \u2013 leicht gefedert!<\/strong><\/p>\n","protected":false},"excerpt":{"rendered":"<p><strong>Unser beliebter Tablet- und Telefonhalter PRO (2 in 1) \u2013 jetzt auch in einer leicht gefederten Variante!<\/strong><\/p>\n<p>Das gleiche smartes Design, geeignet f\u00fcr <strong>Tablets und Handys von 6 bis 14 Zoll<\/strong> \u2013 aber mit einer etwas weicheren Federung. Dadurch ben\u00f6tigst du weniger Kraft, um dein Schirm zu installieren.<\/p>\n<h2><strong>Der ideale Halter, wenn du<\/strong><\/h2>\n<p>\u2714 \u00dcberwiegend ein gro\u00dfes Tablet oder ein gro\u00dfes iPad<strong> ab 12 Zoll<\/strong> benutzt.<br \/>\n\u2714 Dein <strong>iPad mini oder kleines Tablet lieber vertikal<\/strong> in der Halterung festklemmen m\u00f6chtest.<br \/>\n\u2714 Etwas weniger Kraft in deinen Armen oder H\u00e4nden hast.<\/p>\n<p>&nbsp;<\/p>\n<h2>Einzigartiges Konzept<\/h2>\n<p>\u2705 <strong>Stilvolles und kompaktes 3-Punkt-Design<\/strong> \u2013 So kannst du dein Tablet noch einfacher in die Halterung einsetzen.<\/p>\n<p>\u2705 <strong>360\u00b0 drehen und knicken<\/strong>\u00a0\u2013 Finde immer die optimale und bequemste Betrachtungsposition.<\/p>\n<p>\u2705 <strong>4-fach Federsystem<\/strong> \u2013 Dein Bildschirm wird schnell, einfach und sicher fixiert.<\/p>\n<p>&nbsp;<\/p>\n<p><strong>HINWEIS:<\/strong> Diese Federung ist etwas weicher als bei unserer regul\u00e4ren <strong>PRO-Halterung<\/strong>.<br \/>\nWir empfehlen, diese Halterung <strong>NICHT<\/strong> in einem fahrenden Fahrzeug zu verwenden, da die Vibrationen zu stark sein k\u00f6nnen. M\u00f6chtest du lieber eine Halterung mit st\u00e4rkerer Federung? <strong>Schau auch unsere regul\u00e4re <a href=\"https:\/\/goos-e.com\/de\/tablet-halterung-handyhalter-pro-schwarz\/\" target=\"_blank\" rel=\"noopener\">PRO-Halterung.<\/a>\u00a0<\/strong><\/p>\n<p><strong>Kurz gesagt: Suchst du eine vielseitige Halterung mit stilvollem Design?<\/strong><\/p>\n<p>\ud83d\udc49 Dann bestelle jetzt die <strong>GOOS-E PRO Halterung \u2013 leicht gefedert!<\/strong><\/p>\n","protected":false},"featured_media":17565,"comment_status":"open","ping_status":"closed","template":"","meta":[],"product_brand":[],"product_cat":[63],"product_tag":[407,574,439,575],"woo-feed-brand":[],"class_list":{"0":"post-17563","1":"product","2":"type-product","3":"status-publish","4":"has-post-thumbnail","6":"product_cat-zubehoer","7":"product_tag-ipad-halter-pro","8":"product_tag-pro-houder-goos-e-de","9":"product_tag-tablet-halter-pro","10":"product_tag-tablet-houder-telefoonhouder-de","12":"first","13":"instock","14":"taxable","15":"shipping-taxable","16":"purchasable","17":"product-type-simple"},"_links":{"self":[{"href":"https:\/\/goos-e.com\/de\/wp-json\/wp\/v2\/product\/17563","targetHints":{"allow":["GET"]}}],"collection":[{"href":"https:\/\/goos-e.com\/de\/wp-json\/wp\/v2\/product"}],"about":[{"href":"https:\/\/goos-e.com\/de\/wp-json\/wp\/v2\/types\/product"}],"replies":[{"embeddable":true,"href":"https:\/\/goos-e.com\/de\/wp-json\/wp\/v2\/comments?post=17563"}],"wp:featuredmedia":[{"embeddable":true,"href":"https:\/\/goos-e.com\/de\/wp-json\/wp\/v2\/media\/17565"}],"wp:attachment":[{"href":"https:\/\/goos-e.com\/de\/wp-json\/wp\/v2\/media?parent=17563"}],"wp:term":[{"taxonomy":"product_brand","embeddable":true,"href":"https:\/\/goos-e.com\/de\/wp-json\/wp\/v2\/product_brand?post=17563"},{"taxonomy":"product_cat","embeddable":true,"href":"https:\/\/goos-e.com\/de\/wp-json\/wp\/v2\/product_cat?post=17563"},{"taxonomy":"product_tag","embeddable":true,"href":"https:\/\/goos-e.com\/de\/wp-json\/wp\/v2\/product_tag?post=17563"},{"taxonomy":"woo-feed-brand","embeddable":true,"href":"https:\/\/goos-e.com\/de\/wp-json\/wp\/v2\/woo-feed-brand?post=17563"}],"curies":[{"name":"wp","href":"https:\/\/api.w.org\/{rel}","templated":true}]}}