{"id":18386,"date":"2025-05-08T12:28:50","date_gmt":"2025-05-08T10:28:50","guid":{"rendered":"https:\/\/goos-e.com\/tablet-houder-telefoonhouder-pro-2-in-1-55-cm-super-sterk\/"},"modified":"2026-03-28T21:44:41","modified_gmt":"2026-03-28T20:44:41","slug":"tablet-halterung-handyhalter-pro-2-in-1-55-cm-super-stark","status":"publish","type":"product","link":"https:\/\/goos-e.com\/de\/tablet-halterung-handyhalter-pro-2-in-1-55-cm-super-stark\/","title":{"rendered":"Tablet Halterung &#038; Handyhalter PRO (2 in 1) 55 cm SUPER STARK"},"content":{"rendered":"<h3><strong>Tablet Halterung und Smartphone-Halter PRO 55 cm<\/strong><\/h3>\n<p>Stilvoll und vielseitig einsetzbar. Jetzt auch Super Stark &amp; stabil!<\/p>\n<p>M\u00f6chtest du dein Tablet- oder Handyschirm immer perfekt stabil positionieren, auch wenn was gr\u00f6\u00dfer oder schwerer? Der GOOS-E\u00ae PRO 55 cm Halter ist der kraftvolle Allesk\u00f6nner. Ob du entspannt im Bett liegst, am Schreibtisch arbeitest oder auf dem Sofa Content anschaust, mit diesem Tablet- und Smartphone-Halter sitzt du immer genau richtig!<\/p>\n<h3><\/h3>\n<h3><strong>Die Teile<\/strong><\/h3>\n<h4><strong>1) PRO 2-in-1-Halter. F\u00fcr Tablet und Smartphone.<\/strong><\/h4>\n<p>Dieser universelle Halter eignet sich f\u00fcr Schirmen von 6 bis 14 Zoll. Auch mit H\u00fcllen bis zu 16 mm Dicke.<br \/>\n\u2714 Kompaktes und stilvolles Design<br \/>\n\u2714 Tablet &amp; Handy einfach einsetzbar<br \/>\n\u2714 Starkes 4-fach-Federsystem h\u00e4lt dein Ger\u00e4t sicher fest<br \/>\n\u2714 360\u00b0 drehbar und in jede Position verstellbar<br \/>\n\u2714 Geeignet f\u00fcr Tablet, iPad und Smartphone<\/p>\n<h4><strong>2) Fix &amp; Flex Hals 55 cm. Extra stark &amp; stabil. <\/strong><\/h4>\n<p>Ein superstarker Schwanenhals mit 55 cm, der dennoch flexibel bleibt.<\/p>\n<p>Hinweis, erfordert etwas Kraft \ud83d\ude09<br \/>\n\u2714 Fester Teil (20 cm) + flexibler Teil (35 cm)<br \/>\n\u2714 Bleibt selbst in horizontaler Position stabil<br \/>\n\u2714 Tr\u00e4gt m\u00fchelos auch schwere Tablets<br \/>\n\u2714 Mit weicher Silikonbeschichtung: stilvoll und angenehm zu greifen<br \/>\n\u2714 Ideal f\u00fcr Bett, Tisch, Schreibtisch oder sogar Caravan\/Boot<\/p>\n<p>\u27eb Sieh dir auch andere L\u00e4ngen der <strong>GOOS-E\u00ae <\/strong><a href=\"https:\/\/goos-e.com\/de\/schwanenhals-tablet-handy-halter\/\" target=\"_blank\" rel=\"noopener\"><strong>Schwanenh\u00e4ls<\/strong>e<\/a> an \u2013 f\u00fcr noch mehr Auswahl.<\/p>\n<h4><strong>3) Metall 2-Wege-Klemme. Flexibel befestigen<\/strong><\/h4>\n<p>Eine robuste Klemme, die du fast \u00fcberall anbringen kannst.<br \/>\n\u2714 Geeignet f\u00fcr Oberfl\u00e4chen bis zu 5 cm Dicke<\/p>\n<p>\u2714 Einzigartiges 2-Wege-System f\u00fcr maximale Flexibilit\u00e4t<br \/>\n\u2714 Befestigung horizontal (z.\u202fB. am Tisch) oder vertikal (z.\u202fB. am Bettrahmen)<br \/>\n\u2714 Schnell versetzbar und einfach zu bedienen<\/p>\n<p>\u00bb F\u00fcr Rohre oder runde Oberfl\u00e4chen: schau dir die GOOS-E\u00ae mit Rohrklemme an.<\/p>\n<p><strong>\u00a0<\/strong><\/p>\n<h3><strong>Modular &amp; mit 25\u202f% Bundle-Rabatt<\/strong><\/h3>\n<p>Erweitere dein Setup mit <strong><a href=\"https:\/\/goos-e.com\/de\/zubehoer\/\" target=\"_blank\" rel=\"noopener\">Zubeh\u00f6r<\/a><\/strong> wie z.B. einem stabilen <strong>Standfu\u00df<\/strong> oder einer <strong>Auto-Sitzklemme<\/strong>. Dank des modularen Designs stellst du deinen Halter ganz individuell zusammen.<br \/>\n\u2714 Zubeh\u00f6r hinzuf\u00fcgen und 25\u202f% Rabatt sichern<br \/>\n\u2714 Perfekt, wenn du deinen Halter noch flexibler einsetzen m\u00f6chtest. Zu Hause, unterwegs oder auf Reisen.<\/p>\n<p>&nbsp;<\/p>\n<p><strong>Kurz gesagt: Suchst du ultimativen Komfort und stilvolles Design in einer starken L\u00f6sung?<\/strong><br \/>\nDann w\u00e4hle den GOOS-E\u00ae PRO 55 cm Tablet Halterung und Smartphone-Halter.<\/p>\n<p><strong>Dein Schirm genau so, wie du es willst. Immer. \u00dcberall.<\/strong><\/p>\n<p><strong>Bestelle jetzt und erlebe den Unterschied!<\/strong><\/p>\n","protected":false},"excerpt":{"rendered":"<p><strong>NEU: Suchst du einen Halter, der dein Schirm super fest h\u00e4lt? <\/strong>Oder hast du ein iPad oder Tablet, das etwas schwerer ist? Dann ist dieses <strong>Kraftpaket<\/strong> genau die richtige Wahl f\u00fcr dich!<\/p>\n<p>Mit diesem stilvollen Tablet Halterung und Smartphone-Halter bringst du dein mobiles Display genau in die Position, die du brauchst. Der ultra-starke Hals ist 20 cm fest + 35 cm flexibel biegsam. Also fix &amp; flex. Das macht ihn besonders stabil und standfest. Kleiner Hinweis, erfordert leichte Kraft zum Biegen ..;) \ud83d\udcaa<\/p>\n<p>Perfekt und extrem komfortabel zum Beispiel bei Online-Meetings, Videoanrufen, beim Lesen oder Filme schauen. Auch wenn du \u00f6fter auf deinem Ger\u00e4t tippst, bleibt dein Display stabil positioniert!<\/p>\n<h2><strong>Vorteile Tablet Halterung PRO<\/strong><\/h2>\n<p>\u2714<strong> Geeignet f\u00fcr Tablet + Smartphone (2-in-1)<\/strong><br \/>\n<strong>\u2714 Super starker Hals: 20 cm fix + 35 cm flex<\/strong><br \/>\n<strong>\u2714 Einzigartige metall 2-Wege-Klemme<\/strong><br \/>\n<strong>\u2714 Optimale Sicht &amp; Ergonomie<\/strong><br \/>\n<strong>\u2714 Starkes &amp; stilvolles Dutch Design<\/strong><\/p>\n<p>&nbsp;<\/p>\n<p>Kurzum: Das ist der robusteste und st\u00e4rkste iPad- und Handyhalter, den es gibt!<\/p>\n<p><strong>\ud83d\udc49 Jetzt bestellen.\u00a0<\/strong><\/p>\n<p>&nbsp;<\/p>\n<p>&nbsp;<\/p>\n","protected":false},"featured_media":18388,"comment_status":"open","ping_status":"closed","template":"","meta":[],"product_brand":[],"product_cat":[58,222,224,60],"product_tag":[404,423,409,434,387,459,598,448,595,596,597],"woo-feed-brand":[],"class_list":{"0":"post-18386","1":"product","2":"type-product","3":"status-publish","4":"has-post-thumbnail","6":"product_cat-tablet-halterungen-ipadhalter","7":"product_cat-ipad-halter","8":"product_cat-ipad-halter-mit-klemme","9":"product_cat-tablethalter-ipad-halterung-mit-klemmvorrichtung","10":"product_tag-ipad-halter","11":"product_tag-ipad-halter-tisch","12":"product_tag-ipad-halterung-schreibtisch","13":"product_tag-tablet-halter","14":"product_tag-tablet-halter-schreibtisch","15":"product_tag-tablet-halterung-tisch","16":"product_tag-tablet-houder-super-sterk-de","17":"product_tag-tablet-halter-flexible","18":"product_tag-telefoonhouder-de","19":"product_tag-telefoonhouder-bureau-de","20":"product_tag-telefoonhouder-tafel-de","22":"first","23":"instock","24":"sale","25":"taxable","26":"shipping-taxable","27":"purchasable","28":"product-type-simple"},"_links":{"self":[{"href":"https:\/\/goos-e.com\/de\/wp-json\/wp\/v2\/product\/18386","targetHints":{"allow":["GET"]}}],"collection":[{"href":"https:\/\/goos-e.com\/de\/wp-json\/wp\/v2\/product"}],"about":[{"href":"https:\/\/goos-e.com\/de\/wp-json\/wp\/v2\/types\/product"}],"replies":[{"embeddable":true,"href":"https:\/\/goos-e.com\/de\/wp-json\/wp\/v2\/comments?post=18386"}],"wp:featuredmedia":[{"embeddable":true,"href":"https:\/\/goos-e.com\/de\/wp-json\/wp\/v2\/media\/18388"}],"wp:attachment":[{"href":"https:\/\/goos-e.com\/de\/wp-json\/wp\/v2\/media?parent=18386"}],"wp:term":[{"taxonomy":"product_brand","embeddable":true,"href":"https:\/\/goos-e.com\/de\/wp-json\/wp\/v2\/product_brand?post=18386"},{"taxonomy":"product_cat","embeddable":true,"href":"https:\/\/goos-e.com\/de\/wp-json\/wp\/v2\/product_cat?post=18386"},{"taxonomy":"product_tag","embeddable":true,"href":"https:\/\/goos-e.com\/de\/wp-json\/wp\/v2\/product_tag?post=18386"},{"taxonomy":"woo-feed-brand","embeddable":true,"href":"https:\/\/goos-e.com\/de\/wp-json\/wp\/v2\/woo-feed-brand?post=18386"}],"curies":[{"name":"wp","href":"https:\/\/api.w.org\/{rel}","templated":true}]}}