{"id":20712,"date":"2025-11-21T10:59:23","date_gmt":"2025-11-21T09:59:23","guid":{"rendered":"https:\/\/goos-e.com\/flexibele-zwanenhals-55-cm-super-sterk\/"},"modified":"2025-11-26T12:13:34","modified_gmt":"2025-11-26T11:13:34","slug":"flexibler-schwanenhals-55-cm-super-stark","status":"publish","type":"product","link":"https:\/\/goos-e.com\/de\/flexibler-schwanenhals-55-cm-super-stark\/","title":{"rendered":"Flexibler schwanenhals 55 cm &#8211; super stark"},"content":{"rendered":"<p>Mit diesem flexiblen Schwanenhals <strong>Super Stark (XS)<\/strong> bringst du deinen Bildschirm in die perfekte Position. Ideal f\u00fcr leichte Tablets, aber auch f\u00fcr das schwerere iPad. Der Bildschirm bleibt stabil stehen und ist besonders geeignet, wenn du \u00f6fter auf dem Display tippst \u2013 zum Beispiel am Schreibtisch, am Tisch oder im Auto.<\/p>\n<h2><\/h2>\n<h2><strong>Dieser Schwanenhals ist fix &amp; flex<\/strong>.<\/h2>\n<p>Das bedeutet: Die unteren 20 cm sind fest \u2013 also nicht biegsam.<\/p>\n<p>Die oberen 35 cm sind flexibel und biegbar.<\/p>\n<p>Dadurch ist dieser Hals noch st\u00e4rker und stabiler \ud83d\ude09<\/p>\n<p>&nbsp;<\/p>\n<h2><strong>Verwendung des Schwanenhalses<\/strong><\/h2>\n<p>Du biegst den Hals mit beiden H\u00e4nden und leichtem Kraft, um den Bildschirm auf die richtige H\u00f6he zu bringen.<\/p>\n<p>Anschlie\u00dfend kippst und drehst du dein Display in den angenehmsten Blickwinkel (mit wenig Kraft) \u2013 f\u00fcr maximalen Komfort.<\/p>\n<p><strong>Mit anderen Worten: einmal einstellen, danach feinjustieren und genie\u00dfen!<\/strong><\/p>\n<p>Dieser 55 cm lange Schwanenhals eignet sich hervorragend f\u00fcr deinen Schreibtisch oder Tisch, aber auch zum Beispiel im Auto.<\/p>\n<p>Sieh dir auch unsere <a href=\"https:\/\/goos-e.com\/de\/schwanenhals-tablet-handy-halter\/\" target=\"_blank\" rel=\"noopener\"><strong>\u00dcbersicht der Schwanenhals<\/strong><\/a>-Halterungen f\u00fcr Tablet und Handy an.<\/p>\n<p>&nbsp;<\/p>\n<h2><strong>Eigenschaften des Schwanenhalses<\/strong><\/h2>\n<ul>\n<li><strong>GOOS-E\u00ae \u201eGoosenecks\u201c<\/strong> sind <strong>gut biegbar<\/strong> (mit leichtem Kraft) und zugleich stabil.<\/li>\n<li>Geeignet sowohl f\u00fcr Smartphones als auch f\u00fcr (schwerere) Tablets.<\/li>\n<li>Dieser Hals wird <strong>nicht durchh\u00e4ngen<\/strong> \u2013 auch nicht nach vielen Biegungen. Das macht den flexiblen GOOS-E-Schwanenhals so einzigartig.<\/li>\n<li>Er ist mit einer weichen <strong>Silikon-Gummi-Beschichtung<\/strong> versehen. Das verleiht ihm nicht nur ein besonders hochwertiges Aussehen, sondern sorgt auch daf\u00fcr, dass er angenehm in der Hand liegt und \u2013 nicht unwichtig \u2013 leicht zu reinigen ist \ud83d\ude09<\/li>\n<\/ul>\n<h2><strong>Im Paket<\/strong><\/h2>\n<ul>\n<li>Dieser Hals wird <strong>inklusive Fl\u00fcgelmutter<\/strong> geliefert. Damit kannst du ihn auf dem stabilen Standfu\u00df, der Tischklemme oder der zB. Autositzklemme befestigen.<\/li>\n<li>Der drehbare <a href=\"https:\/\/goos-e.com\/de\/tablet-halterung-kugel-clip\/\" target=\"_blank\" rel=\"noopener\"><strong>Kugelclip<\/strong><\/a> <strong>360\u00ba <\/strong>(der die Halterung mit dem Hals verbindet)<strong> ist nicht enthalten<\/strong> und kann bei Bedarf dazu bestellt werden.<\/li>\n<\/ul>\n<p>&nbsp;<\/p>\n<p><strong>\ud83d\udc49Bestelle hier deinen extra starken 55 cm Schwanenhals.<\/strong><\/p>\n<p>&nbsp;<\/p>\n","protected":false},"excerpt":{"rendered":"<p>Mit diesem <strong>super starken (XS) Schwanenhals<\/strong> bringst du deinen Bildschirm in die perfekte Position. Ideal f\u00fcr leichte Tablets, aber auch f\u00fcr das schwerere iPad. Zum Beispiel f\u00fcr deinen Schreibtisch, Tisch oder f\u00fcrs Auto. Der Bildschirm bleibt dabei fest und stabil stehen.<\/p>\n<h2><\/h2>\n<h2><strong>Schwanenhals Vorteile<\/strong><\/h2>\n<ul>\n<li><strong>Extra stark \u2013 dadurch noch stabiler und robuster<\/strong><\/li>\n<li><strong>Sehr geeignet f\u00fcr Smartphones, Tablets und auch schwerere Displays<\/strong><\/li>\n<li><strong>Besonders angenehm, wenn du viel auf dem Bildschirm tippst<\/strong><\/li>\n<\/ul>\n<p>&nbsp;<\/p>\n<p><strong>Hinweis<\/strong><\/p>\n<p><strong>Dieser Schwanenhals ist teilweise fest (nicht biegbar) und teilweise flexibel biegbar, also fix &amp; flex.<\/strong><\/p>\n<p><strong>Das macht ihn besonders stark \ud83d\ude09\u00a0<\/strong><\/p>\n","protected":false},"featured_media":20678,"comment_status":"open","ping_status":"closed","template":"","meta":[],"product_brand":[],"product_cat":[63],"product_tag":[635,636,631,633,632,634],"woo-feed-brand":[],"class_list":{"0":"post-20712","1":"product","2":"type-product","3":"status-publish","4":"has-post-thumbnail","6":"product_cat-zubehoer","7":"product_tag-gooseneck","8":"product_tag-gooseneck-goos-e","9":"product_tag-zwanenhals","10":"product_tag-zwanenhals-ipad","11":"product_tag-zwanenhals-tablet","12":"product_tag-zwanenhals-telefoon","14":"first","15":"instock","16":"taxable","17":"shipping-taxable","18":"purchasable","19":"product-type-simple"},"_links":{"self":[{"href":"https:\/\/goos-e.com\/de\/wp-json\/wp\/v2\/product\/20712","targetHints":{"allow":["GET"]}}],"collection":[{"href":"https:\/\/goos-e.com\/de\/wp-json\/wp\/v2\/product"}],"about":[{"href":"https:\/\/goos-e.com\/de\/wp-json\/wp\/v2\/types\/product"}],"replies":[{"embeddable":true,"href":"https:\/\/goos-e.com\/de\/wp-json\/wp\/v2\/comments?post=20712"}],"wp:featuredmedia":[{"embeddable":true,"href":"https:\/\/goos-e.com\/de\/wp-json\/wp\/v2\/media\/20678"}],"wp:attachment":[{"href":"https:\/\/goos-e.com\/de\/wp-json\/wp\/v2\/media?parent=20712"}],"wp:term":[{"taxonomy":"product_brand","embeddable":true,"href":"https:\/\/goos-e.com\/de\/wp-json\/wp\/v2\/product_brand?post=20712"},{"taxonomy":"product_cat","embeddable":true,"href":"https:\/\/goos-e.com\/de\/wp-json\/wp\/v2\/product_cat?post=20712"},{"taxonomy":"product_tag","embeddable":true,"href":"https:\/\/goos-e.com\/de\/wp-json\/wp\/v2\/product_tag?post=20712"},{"taxonomy":"woo-feed-brand","embeddable":true,"href":"https:\/\/goos-e.com\/de\/wp-json\/wp\/v2\/woo-feed-brand?post=20712"}],"curies":[{"name":"wp","href":"https:\/\/api.w.org\/{rel}","templated":true}]}}