{"id":20722,"date":"2025-02-26T17:52:08","date_gmt":"2025-02-26T16:52:08","guid":{"rendered":"https:\/\/goos-e.com\/buisklem-xl-los\/"},"modified":"2026-03-24T21:44:09","modified_gmt":"2026-03-24T20:44:09","slug":"rohr-stange-klemme-xl","status":"publish","type":"product","link":"https:\/\/goos-e.com\/de\/rohr-stange-klemme-xl\/","title":{"rendered":"Rohr Stange Klemme XL"},"content":{"rendered":"<p>Runde Rohre und Stangen sind oft glatt und bieten wenig Grip. F\u00fcr diese extrastarke Rohrklemme XL ist das kein Problem. Sie h\u00e4lt \u00fcberall zuverl\u00e4ssig fest. Jeder GOOS-E Schwanenhals bleibt damit stabil befestigt.<\/p>\n<p>Du steckst den GOOS-E Hals einfach in die Klemme. Danach bringst du dein Tablet- oder Handydisplay genau in die richtige Position.<\/p>\n<p>So erlebst du garantiert maximalen Sehkomfort!<\/p>\n<p>&nbsp;<\/p>\n<h2><strong>Verstellbar in 6 Positionen<\/strong><\/h2>\n<p>Diese runde Rohrklemme l\u00e4sst sich ganz einfach in sechs verschiedene Positionen einstellen: horizontal, vertikal und schr\u00e4g. Das macht sie besonders einzigartig!<\/p>\n<p>Dank der cleveren Kreuzschraub-Verbindung kannst du die Klemme <strong>mit einem Kreuzschraubendreher<\/strong> drehen. So kannst du den Schwanenhals an einem horizontalen oder vertikalen Rohr befestigen \u2013 zum Beispiel am Fahrradlenker, Heimtrainer oder einer abgerundeten Bettkante. Aber auch an einem schr\u00e4gen Rollstuhlrohr \u2013 alles ist m\u00f6glich!<\/p>\n<p>&nbsp;<\/p>\n<h2><strong>Tipp: GOOS-E\u00ae ist ein einzigartiges modulares System.<\/strong><\/h2>\n<p>Das bedeutet, dass du dir deine ideale Halterung selbst zusammenstellen kannst. Praktisch, oder?<\/p>\n<p>Bist du auf der Suche nach einem <strong>kompletten Set mit Hals und Halter<\/strong>? Dann schau dir zum Beispiel den <a href=\"https:\/\/goos-e.com\/de\/tablet-halterung-rohr-stange-pro-2-in-1-xl\/\" target=\"_blank\" rel=\"noopener\"><strong>GOOS-E PRO Halter XL <\/strong><\/a>an.<\/p>\n<p><strong>Bestelle jetzt diese Rohrklemme-XL und genie\u00dfe noch mehr Sehkomfort!<\/strong><\/p>\n","protected":false},"excerpt":{"rendered":"<p><strong>Neu:<\/strong> Mit dieser einzigartigen <strong>Tablet-Halterung mit Rohrklemme-XL<\/strong> befestigst du dein Tablet, iPad oder Smartphone \u00fcberall ganz stabil \u2013 genau dort, wo du es brauchst.<\/p>\n<p>Diese Klemme greift jedes runde Rohr, jede Stange oder andere Rundung superfest. Zum Beispiel an deinem Bett, Schrank, Boot, Rollstuhl, Galgen, Klimmzugstange, Heimtrainer oder Crosstrainer. Kein Ort ist zu verr\u00fcckt!<\/p>\n<h2><strong>Vorteile der Rohrklemme-XL<\/strong><\/h2>\n<ul>\n<li><strong>Geeignet f\u00fcr jedes runde Rohr <\/strong><strong>\u2300<\/strong><strong> 25\u201350 mm<\/strong><\/li>\n<li><strong>In 6 Positionen verstellbar<\/strong><\/li>\n<li><strong>Ultrafeste und sichere Befestigung<\/strong><\/li>\n<li><strong>F\u00fcr unvergleichlichen Sehkomfort!<\/strong><\/li>\n<\/ul>\n<p>&nbsp;<\/p>\n<p>Suchst du ein komplettes Set? Dann schau dir den <a href=\"https:\/\/goos-e.com\/de\/tablet-halterung-rohr-stange-pro-2-in-1-xl\/\" target=\"_blank\" rel=\"noopener\"><strong>GOOS-E PRO Halter mit Rohrklemme<\/strong> <strong>XL<\/strong><\/a> an.<\/p>\n<p>\ud83d\udc49\u00a0 <strong>Bestelle jetzt<\/strong> diese Rohrklemme-XL und genie\u00dfe noch mehr Komfort!<\/p>\n","protected":false},"featured_media":17680,"comment_status":"open","ping_status":"closed","template":"","meta":[],"product_brand":[],"product_cat":[63],"product_tag":[427,428,639,640,413,408,395,375,376,383,378,446,386,389,385,637,638],"woo-feed-brand":[],"class_list":{"0":"post-20722","1":"product","2":"type-product","3":"status-publish","4":"has-post-thumbnail","6":"product_cat-zubehoer","7":"product_tag-aufzugstange-klemme","8":"product_tag-bettgalgen-klemme","9":"product_tag-buisklem-tablet","10":"product_tag-buisklem-telefoon","11":"product_tag-ipad-halter-stange","12":"product_tag-ipad-halterung-rohr","13":"product_tag-rohr-klemme-de","14":"product_tag-rohr-klemme","15":"product_tag-rohr-klemme-tablet","16":"product_tag-rohr-klemme-tablet-de","17":"product_tag-rohr-stange-klemme-ipad","18":"product_tag-tablet-halter-rohr","19":"product_tag-tablet-halter-stange","20":"product_tag-tablet-halter-stange-de","21":"product_tag-tablet-halterung-rohr-stange","22":"product_tag-telefoonhouder-buis","23":"product_tag-telefoonhouder-stang","25":"first","26":"instock","27":"taxable","28":"shipping-taxable","29":"purchasable","30":"product-type-simple"},"_links":{"self":[{"href":"https:\/\/goos-e.com\/de\/wp-json\/wp\/v2\/product\/20722","targetHints":{"allow":["GET"]}}],"collection":[{"href":"https:\/\/goos-e.com\/de\/wp-json\/wp\/v2\/product"}],"about":[{"href":"https:\/\/goos-e.com\/de\/wp-json\/wp\/v2\/types\/product"}],"replies":[{"embeddable":true,"href":"https:\/\/goos-e.com\/de\/wp-json\/wp\/v2\/comments?post=20722"}],"wp:featuredmedia":[{"embeddable":true,"href":"https:\/\/goos-e.com\/de\/wp-json\/wp\/v2\/media\/17680"}],"wp:attachment":[{"href":"https:\/\/goos-e.com\/de\/wp-json\/wp\/v2\/media?parent=20722"}],"wp:term":[{"taxonomy":"product_brand","embeddable":true,"href":"https:\/\/goos-e.com\/de\/wp-json\/wp\/v2\/product_brand?post=20722"},{"taxonomy":"product_cat","embeddable":true,"href":"https:\/\/goos-e.com\/de\/wp-json\/wp\/v2\/product_cat?post=20722"},{"taxonomy":"product_tag","embeddable":true,"href":"https:\/\/goos-e.com\/de\/wp-json\/wp\/v2\/product_tag?post=20722"},{"taxonomy":"woo-feed-brand","embeddable":true,"href":"https:\/\/goos-e.com\/de\/wp-json\/wp\/v2\/woo-feed-brand?post=20722"}],"curies":[{"name":"wp","href":"https:\/\/api.w.org\/{rel}","templated":true}]}}