{"id":6042,"date":"2021-03-11T15:48:57","date_gmt":"2021-06-15T09:28:32","guid":{"rendered":"https:\/\/goose.nanowp.com\/halterung-mit-klemmvorrichtung-fuers-auto\/"},"modified":"2025-08-25T10:44:06","modified_gmt":"2025-08-25T08:44:06","slug":"tablet-halterung-auto-klemmvorrichting","status":"publish","type":"product","link":"https:\/\/goos-e.com\/de\/tablet-halterung-auto-klemmvorrichting\/","title":{"rendered":"Klemmvorrichtung Auto"},"content":{"rendered":"<p>Diese einzigartige <strong>Auto Klemmvorrichtung<\/strong> f\u00fcr ein Tablet halterung wird<strong> in<\/strong> \/ oder <strong>unten<\/strong> der Schiene des Beifahrersitzes angebracht.<\/p>\n<p>Sie ist passend f\u00fcr jeden GOOS-E Schwanenhals und Halterung. Mit dieser Klemmvorrichtung f\u00fcrs Auto befestigst du das Tablet oder iPad quasi an der Bodenplatte des Autos. Stabil und sicher. Sowohl das Armaturenbrett als auch die Windschutzscheibe bleiben komplett frei. Ideal als zus\u00e4tzlicher Bildschirm f\u00fcr den Fahrer oder Beifahrer. Aber auch f\u00fcr die Kinder hinten im Fond des Autos. Von nun an ist ein Tablet oder iPad alles, was du brauchst.<\/p>\n<p><strong>HINWEIS: Pr\u00fcfe vor Bestellung, ob sich die Sitzschraube der Schiene leicht l\u00f6sen l\u00e4sst.\u00a0<\/strong><\/p>\n<p>Zum Beispiel mit einem Inbus- oder Torxschl\u00fcssel.<\/p>\n<p>&nbsp;<\/p>\n<p>&nbsp;<\/p>\n","protected":false},"excerpt":{"rendered":"<p>Diese einzigartige <strong>Auto Sitzklemme Klemmvorrichtung<\/strong> f\u00fcr ein Tablet Halterung wird<strong> in<\/strong> \/ oder <strong>unten<\/strong> der Schiene des Beifahrersitzes angebracht.<\/p>\n<p>Sie ist passend f\u00fcr jeden GOOS-E Schwanenhals und Halterung. Mit dieser Klemmvorrichtung f\u00fcrs Auto befestigst du das Tablet oder iPad quasi an der Bodenplatte des Autos. Stabil und sicher. Sowohl das Armaturenbrett als auch die Windschutzscheibe bleiben komplett frei. Ideal als zus\u00e4tzlicher Bildschirm f\u00fcr den Fahrer oder Beifahrer. Aber auch f\u00fcr die Kinder hinten im Fond des Autos. Von nun an ist ein Tablet oder iPad alles, was du brauchst.<\/p>\n<p><strong>HINWEIS: Pr\u00fcfe vor Bestellung, ob sich die Sitzschraube der Schiene leicht l\u00f6sen l\u00e4sst.\u00a0<\/strong><\/p>\n<p>Zum Beispiel mit einem Inbus- oder Torxschl\u00fcssel.<\/p>\n","protected":false},"featured_media":11998,"comment_status":"open","ping_status":"closed","template":"","meta":[],"product_brand":[],"product_cat":[63],"product_tag":[],"woo-feed-brand":[],"class_list":{"0":"post-6042","1":"product","2":"type-product","3":"status-publish","4":"has-post-thumbnail","6":"product_cat-zubehoer","8":"first","9":"instock","10":"taxable","11":"shipping-taxable","12":"purchasable","13":"product-type-simple"},"_links":{"self":[{"href":"https:\/\/goos-e.com\/de\/wp-json\/wp\/v2\/product\/6042","targetHints":{"allow":["GET"]}}],"collection":[{"href":"https:\/\/goos-e.com\/de\/wp-json\/wp\/v2\/product"}],"about":[{"href":"https:\/\/goos-e.com\/de\/wp-json\/wp\/v2\/types\/product"}],"replies":[{"embeddable":true,"href":"https:\/\/goos-e.com\/de\/wp-json\/wp\/v2\/comments?post=6042"}],"wp:featuredmedia":[{"embeddable":true,"href":"https:\/\/goos-e.com\/de\/wp-json\/wp\/v2\/media\/11998"}],"wp:attachment":[{"href":"https:\/\/goos-e.com\/de\/wp-json\/wp\/v2\/media?parent=6042"}],"wp:term":[{"taxonomy":"product_brand","embeddable":true,"href":"https:\/\/goos-e.com\/de\/wp-json\/wp\/v2\/product_brand?post=6042"},{"taxonomy":"product_cat","embeddable":true,"href":"https:\/\/goos-e.com\/de\/wp-json\/wp\/v2\/product_cat?post=6042"},{"taxonomy":"product_tag","embeddable":true,"href":"https:\/\/goos-e.com\/de\/wp-json\/wp\/v2\/product_tag?post=6042"},{"taxonomy":"woo-feed-brand","embeddable":true,"href":"https:\/\/goos-e.com\/de\/wp-json\/wp\/v2\/woo-feed-brand?post=6042"}],"curies":[{"name":"wp","href":"https:\/\/api.w.org\/{rel}","templated":true}]}}