{"id":6043,"date":"2021-03-11T13:39:38","date_gmt":"2021-03-11T12:39:38","guid":{"rendered":"https:\/\/goose.nanowp.com\/schwanenhals-75-cm\/"},"modified":"2026-01-31T21:44:19","modified_gmt":"2026-01-31T20:44:19","slug":"schwanenhals-75-cm-schwarz","status":"publish","type":"product","link":"https:\/\/goos-e.com\/de\/schwanenhals-75-cm-schwarz\/","title":{"rendered":"Schwanenhals 75 cm schwarz"},"content":{"rendered":"<p>Mit diesem extra langen flexiblen <strong>Schwanenhals 75 cm<\/strong> kannst du deinen Bildschirm in die ideale Position bringen. Die ersten 20 cm ist der Hals gerade, die anderen 55 cm (bis zum Bildschirm) sind mit 2 H\u00e4nden vollst\u00e4ndig biegbar. Ideal zum Aufstellen auf dem Boden, zum Beispiel neben dem Bett, dem Sofa oder herrlich neben der Badewanne.<\/p>\n<p>Sowohl f\u00fcr Telefon als auch f\u00fcr Tablet geeignet. Und keine Sorge, dieser Schwanenhals wird nicht durchh\u00e4ngen. Das ist es, was den GOOS-E Schwanenhals so einzigartig macht. Er ist mit einer Silikongummibeschichtung versehen, sodass du diesen Hals leicht anfassen kannst. Siehe auch die <a href=\"https:\/\/goos-e.com\/de\/schwanenhals-tablet-handy-halter\/\">\u00dcbersicht der verschiedenen Schwanenh\u00e4lse<\/a>.<\/p>\n<p>&nbsp;<\/p>\n","protected":false},"excerpt":{"rendered":"<p>Mit diesem extra langen flexiblen <strong>Schwanenhals 75 cm<\/strong> kannst du deinen Bildschirm in die ideale Position bringen.<\/p>\n<p><strong>Die Vorteile<\/strong><\/p>\n<ul>\n<li><strong>Starker extra langer <\/strong><strong>Schwanenhals 75 cm\u00a0<\/strong><\/li>\n<li><strong>F\u00fcr jede denkbare Bildschirmposition<\/strong><\/li>\n<li><strong>Mit stilvoller Silikonbeschichtung<\/strong><\/li>\n<\/ul>\n<p>&nbsp;<\/p>\n<p>Die ersten 20 cm ist der Hals gerade, die anderen 55 cm (bis zum Bildschirm) sind mit 2 H\u00e4nden vollst\u00e4ndig biegbar. Ideal zum Aufstellen auf dem Boden, zum Beispiel neben dem Bett, dem Sofa oder herrlich neben der Badewanne.<\/p>\n<p>Sowohl f\u00fcr Telefon als auch f\u00fcr Tablet geeignet. Und keine Sorge, dieser Schwanenhals wird nicht durchh\u00e4ngen. Das ist es, was den GOOS-E Schwanenhals so einzigartig macht. Siehe auch die <a href=\"https:\/\/goos-e.com\/de\/schwanenhals-tablet-handy-halter\/\">\u00dcbersicht der verschiedenen Schwanenh\u00e4lse<\/a>.<\/p>\n<p>Er ist mit einer Silikongummibeschichtung versehen, sodass du diesen Hals leicht anfassen kannst.<\/p>\n<p>Den Hals wird geliefert mit Fl\u00fcgelmutter, ohne\u00a0<strong><a href=\"https:\/\/goos-e.com\/de\/tablet-halterung-kugel-clip\/\">Kugelclip<\/a><\/strong>. F\u00fcge diesen Clip ggf. zu und du kannst deine Handyhalter oder Tablet Halter sofort festmachen und benutzen.<\/p>\n<p>&nbsp;<\/p>\n<p><strong>\ud83d\udc49 Jetzt bestellen und bald genie\u00dfen!<\/strong><\/p>\n","protected":false},"featured_media":3558,"comment_status":"open","ping_status":"closed","template":"","meta":[],"product_brand":[],"product_cat":[63],"product_tag":[],"woo-feed-brand":[],"class_list":{"0":"post-6043","1":"product","2":"type-product","3":"status-publish","4":"has-post-thumbnail","6":"product_cat-zubehoer","8":"first","9":"instock","10":"taxable","11":"shipping-taxable","12":"purchasable","13":"product-type-simple"},"_links":{"self":[{"href":"https:\/\/goos-e.com\/de\/wp-json\/wp\/v2\/product\/6043","targetHints":{"allow":["GET"]}}],"collection":[{"href":"https:\/\/goos-e.com\/de\/wp-json\/wp\/v2\/product"}],"about":[{"href":"https:\/\/goos-e.com\/de\/wp-json\/wp\/v2\/types\/product"}],"replies":[{"embeddable":true,"href":"https:\/\/goos-e.com\/de\/wp-json\/wp\/v2\/comments?post=6043"}],"wp:featuredmedia":[{"embeddable":true,"href":"https:\/\/goos-e.com\/de\/wp-json\/wp\/v2\/media\/3558"}],"wp:attachment":[{"href":"https:\/\/goos-e.com\/de\/wp-json\/wp\/v2\/media?parent=6043"}],"wp:term":[{"taxonomy":"product_brand","embeddable":true,"href":"https:\/\/goos-e.com\/de\/wp-json\/wp\/v2\/product_brand?post=6043"},{"taxonomy":"product_cat","embeddable":true,"href":"https:\/\/goos-e.com\/de\/wp-json\/wp\/v2\/product_cat?post=6043"},{"taxonomy":"product_tag","embeddable":true,"href":"https:\/\/goos-e.com\/de\/wp-json\/wp\/v2\/product_tag?post=6043"},{"taxonomy":"woo-feed-brand","embeddable":true,"href":"https:\/\/goos-e.com\/de\/wp-json\/wp\/v2\/woo-feed-brand?post=6043"}],"curies":[{"name":"wp","href":"https:\/\/api.w.org\/{rel}","templated":true}]}}