{"id":6044,"date":"2021-03-18T14:18:54","date_gmt":"2021-03-18T13:18:54","guid":{"rendered":"https:\/\/goose.nanowp.com\/schwanenhals-55-cm-grau\/"},"modified":"2025-08-25T12:53:20","modified_gmt":"2025-08-25T10:53:20","slug":"schwanenhals-55-cm-grau","status":"publish","type":"product","link":"https:\/\/goos-e.com\/de\/schwanenhals-55-cm-grau\/","title":{"rendered":"Schwanenhals 55 cm grau"},"content":{"rendered":"<p>Mit diesem flexiblen Schwanenhals kannst du deinen Tablet &amp; Handy Bildschirm einfach in die ideale Position bringen.<\/p>\n<p><strong>Die Vorteile<\/strong><\/p>\n<ul>\n<li><strong>Starker stabiler Schwanenhals 55 cm\u00a0<\/strong><\/li>\n<li><strong>F\u00fcr jede denkbare Bildschirmposition<\/strong><\/li>\n<li><strong>Mit stilvoller Silikonbeschichtung<\/strong><\/li>\n<\/ul>\n<p>&nbsp;<\/p>\n<p>Biege den Schwanenhals mit zwei H\u00e4nden. Neige dann den Bildschirm f\u00fcr den Winkel mit maximalem Komfort. Dieser 55 cm lange Schwanenhals eignet sich f\u00fcr deinen Schreibtisch (Tisch), aber auch um ihn neben dein Sofa oder Bett zu stellen.<\/p>\n<p>GOOS-E Schwanenhalsen sind einfach biegbar (mit leichter Kraft) und gleichzeitig kr\u00e4ftig und stabil. Sowohl f\u00fcr Telefon als auch f\u00fcr Tablet geeignet. Und keine Sorge, dieser Hals wird nicht durchh\u00e4ngen. Das ist es, was den GOOS-E Schwanenhals so einzigartig macht.<\/p>\n<p>Er ist mit einer Silikongummibeschichtung versehen, sodass du diesen Hals leicht anfassen kannst. Siehe auch die \u00dcbersicht der verschiedenen GOOS-E Schwanenh\u00e4lse.<\/p>\n<p>Wird geliefert mit Fl\u00fcgelmutter, ohne Kugelclip. F\u00fcge diesen Clip ggf. hinzu und du kannst deine Halter direkt festmachen und verwenden.<\/p>\n<p>&nbsp;<\/p>\n<p><strong>\u00a0\ud83d\udc49 Versand innerhalb von 1 Werktag.<\/strong><\/p>\n","protected":false},"excerpt":{"rendered":"<p>Mit diesem flexiblen Schwanenhals kannst du deinen Tablet &amp; Handy Bildschirm einfach in die ideale Position bringen.<\/p>\n<p><strong>Die Vorteile<\/strong><\/p>\n<ul>\n<li><strong>Starker stabiler Schwanenhals 55 cm\u00a0<\/strong><\/li>\n<li><strong>F\u00fcr jede denkbare Bildschirmposition<\/strong><\/li>\n<li><strong>Mit stilvoller Silikonbeschichtung<\/strong><\/li>\n<\/ul>\n<p>&nbsp;<\/p>\n<p>Biege den Schwanenhals mit zwei H\u00e4nden. Neige dann den Bildschirm f\u00fcr den Winkel mit maximalem Komfort. Dieser 55 cm lange Schwanenhals eignet sich f\u00fcr deinen Schreibtisch (Tisch), aber auch um ihn neben dein Sofa oder Bett zu stellen.<\/p>\n<p>GOOS-E Schwanenhalsen sind einfach biegbar (mit leichter Kraft) und gleichzeitig kr\u00e4ftig und stabil. Sowohl f\u00fcr Telefon als auch f\u00fcr Tablet geeignet. Und keine Sorge, dieser Hals wird nicht durchh\u00e4ngen. Das ist es, was den GOOS-E Schwanenhals so einzigartig macht. Siehe auch die \u00dcbersicht der verschiedenen <strong><a href=\"https:\/\/goos-e.com\/de\/schwanenhals-tablet-handy-halter\/\">GOOS-E Schwanenh\u00e4lse.<\/a><\/strong><\/p>\n<p>Er ist mit einer eleganten Silikongummibeschichtung versehen, sodass du diesen Hals leicht anfassen kannst.<\/p>\n<p>Wird geliefert mit Fl\u00fcgelmutter, ohne Kugelclip. F\u00fcge diesen Clip ggf. hinzu und du kannst deine Halter direkt festmachen und verwenden.<\/p>\n","protected":false},"featured_media":3567,"comment_status":"open","ping_status":"closed","template":"","meta":[],"product_brand":[],"product_cat":[63],"product_tag":[],"woo-feed-brand":[],"class_list":{"0":"post-6044","1":"product","2":"type-product","3":"status-publish","4":"has-post-thumbnail","6":"product_cat-zubehoer","8":"first","9":"outofstock","10":"taxable","11":"shipping-taxable","12":"purchasable","13":"product-type-simple"},"_links":{"self":[{"href":"https:\/\/goos-e.com\/de\/wp-json\/wp\/v2\/product\/6044","targetHints":{"allow":["GET"]}}],"collection":[{"href":"https:\/\/goos-e.com\/de\/wp-json\/wp\/v2\/product"}],"about":[{"href":"https:\/\/goos-e.com\/de\/wp-json\/wp\/v2\/types\/product"}],"replies":[{"embeddable":true,"href":"https:\/\/goos-e.com\/de\/wp-json\/wp\/v2\/comments?post=6044"}],"wp:featuredmedia":[{"embeddable":true,"href":"https:\/\/goos-e.com\/de\/wp-json\/wp\/v2\/media\/3567"}],"wp:attachment":[{"href":"https:\/\/goos-e.com\/de\/wp-json\/wp\/v2\/media?parent=6044"}],"wp:term":[{"taxonomy":"product_brand","embeddable":true,"href":"https:\/\/goos-e.com\/de\/wp-json\/wp\/v2\/product_brand?post=6044"},{"taxonomy":"product_cat","embeddable":true,"href":"https:\/\/goos-e.com\/de\/wp-json\/wp\/v2\/product_cat?post=6044"},{"taxonomy":"product_tag","embeddable":true,"href":"https:\/\/goos-e.com\/de\/wp-json\/wp\/v2\/product_tag?post=6044"},{"taxonomy":"woo-feed-brand","embeddable":true,"href":"https:\/\/goos-e.com\/de\/wp-json\/wp\/v2\/woo-feed-brand?post=6044"}],"curies":[{"name":"wp","href":"https:\/\/api.w.org\/{rel}","templated":true}]}}