{"id":6045,"date":"2021-03-18T14:20:35","date_gmt":"2021-03-18T13:20:35","guid":{"rendered":"https:\/\/goose.nanowp.com\/schwanenhals-55-cm-schwarz\/"},"modified":"2026-01-27T10:06:47","modified_gmt":"2026-01-27T09:06:47","slug":"schwanenhals-55-cm-schwarz","status":"publish","type":"product","link":"https:\/\/goos-e.com\/de\/schwanenhals-55-cm-schwarz\/","title":{"rendered":"Schwanenhals 55 cm schwarz"},"content":{"rendered":"<p>Mit diesem <strong>flexible Schwanenhals<\/strong> kannst du deinen Bildschirm in die ideale Position bringen. Biege dazu den Schwanenhals mit zwei H\u00e4nden. Neige dann den Bildschirm f\u00fcr den Winkel mit maximalem Komfort. Der 55 cm lange Schwanenhals eignet sich f\u00fcr deinen Schreibtisch (Tisch), aber auch um ihn neben dein Sofa oder Bett zu stellen. Siehe auch unsere \u00dcbersicht <a href=\"https:\/\/goos-e.com\/de\/schwanenhals-tablet-handy-halter\/\">Schwanenhals Tablet Handy Halter.<\/a><\/p>\n<p>GOOS-E Schwanenhalsen sind leicht biegbar (mit leichter Kraft) und gleichzeitig kr\u00e4ftig und stabil. Sowohl f\u00fcr Telefon als auch f\u00fcr Tablet geeignet. Und keine Sorge, dieser Hals wird nicht durchh\u00e4ngen. Das ist es, was den GOOS-E flexible Schwanenhals so einzigartig macht.<\/p>\n<p>Er ist mit einer Silikon-Gummibeschichtung versehen, sodass du diesen Hals leicht anfassen kannst.<\/p>\n","protected":false},"excerpt":{"rendered":"<p>Mit diesem <strong>flexible Schwanenhals<\/strong> kannst du deinen Bildschirm in die ideale Position bringen.<\/p>\n<p><strong>Die Vorteile<\/strong><\/p>\n<ul>\n<li><strong>Starker stabiler Schwanenhals 55 cm\u00a0<\/strong><\/li>\n<li><strong>F\u00fcr jede denkbare Bildschirmposition<\/strong><\/li>\n<li><strong>Mit stilvoller Silikonbeschichtung<\/strong><\/li>\n<\/ul>\n<p>&nbsp;<\/p>\n<p>Biege den Schwanenhals mit zwei H\u00e4nden. Neige dann den Bildschirm f\u00fcr den Winkel mit maximalem Komfort. Der 55 cm lange Schwanenhals eignet sich f\u00fcr deinen Schreibtisch (Tisch), aber auch um ihn neben dein Sofa oder Bett zu stellen. Siehe auch unsere \u00dcbersicht<strong> <a href=\"https:\/\/goos-e.com\/de\/schwanenhals-tablet-handy-halter\/\">Schwanenhals Tablet Handy Halter.<\/a><\/strong><\/p>\n<p>GOOS-E Schwanenhalsen sind einfach biegbar (mit leichter Kraft) und gleichzeitig kr\u00e4ftig und stabil. Sowohl f\u00fcr Telefon als auch f\u00fcr Tablet geeignet. Und keine Sorge, dieser Hals wird nicht durchh\u00e4ngen. Das ist es, was den GOOS-E flexible Schwanenhals so einzigartig macht.<\/p>\n<p>Er ist mit einer Silikon-Gummibeschichtung versehen, sodass du diesen Hals leicht anfassen kannst. Den Hals wird geliefert mit Fl\u00fcgelmutter, ohne <strong><a href=\"https:\/\/goos-e.com\/de\/tablet-halterung-kugel-clip\/\">Kugelclip<\/a><\/strong>. F\u00fcge diesen Clip ggf. zu und du kannst deine Handyhalter oder Tablet Halter sofort festmachen und benutzen.<\/p>\n<p>&nbsp;<\/p>\n<p><strong>\ud83d\udc49 Jetzt bestellen<\/strong><\/p>\n<p>&nbsp;<\/p>\n","protected":false},"featured_media":3564,"comment_status":"open","ping_status":"closed","template":"","meta":[],"product_brand":[],"product_cat":[63],"product_tag":[],"woo-feed-brand":[],"class_list":{"0":"post-6045","1":"product","2":"type-product","3":"status-publish","4":"has-post-thumbnail","6":"product_cat-zubehoer","8":"first","9":"outofstock","10":"taxable","11":"shipping-taxable","12":"purchasable","13":"product-type-simple"},"_links":{"self":[{"href":"https:\/\/goos-e.com\/de\/wp-json\/wp\/v2\/product\/6045","targetHints":{"allow":["GET"]}}],"collection":[{"href":"https:\/\/goos-e.com\/de\/wp-json\/wp\/v2\/product"}],"about":[{"href":"https:\/\/goos-e.com\/de\/wp-json\/wp\/v2\/types\/product"}],"replies":[{"embeddable":true,"href":"https:\/\/goos-e.com\/de\/wp-json\/wp\/v2\/comments?post=6045"}],"wp:featuredmedia":[{"embeddable":true,"href":"https:\/\/goos-e.com\/de\/wp-json\/wp\/v2\/media\/3564"}],"wp:attachment":[{"href":"https:\/\/goos-e.com\/de\/wp-json\/wp\/v2\/media?parent=6045"}],"wp:term":[{"taxonomy":"product_brand","embeddable":true,"href":"https:\/\/goos-e.com\/de\/wp-json\/wp\/v2\/product_brand?post=6045"},{"taxonomy":"product_cat","embeddable":true,"href":"https:\/\/goos-e.com\/de\/wp-json\/wp\/v2\/product_cat?post=6045"},{"taxonomy":"product_tag","embeddable":true,"href":"https:\/\/goos-e.com\/de\/wp-json\/wp\/v2\/product_tag?post=6045"},{"taxonomy":"woo-feed-brand","embeddable":true,"href":"https:\/\/goos-e.com\/de\/wp-json\/wp\/v2\/woo-feed-brand?post=6045"}],"curies":[{"name":"wp","href":"https:\/\/api.w.org\/{rel}","templated":true}]}}