{"id":6046,"date":"2021-03-11T13:38:46","date_gmt":"2021-03-11T13:38:46","guid":{"rendered":"https:\/\/goose.nanowp.com\/schwanenhals-35-cm-schwarz\/"},"modified":"2025-09-03T22:44:04","modified_gmt":"2025-09-03T20:44:04","slug":"schwanenhals-35-cm-schwarz","status":"publish","type":"product","link":"https:\/\/goos-e.com\/de\/schwanenhals-35-cm-schwarz\/","title":{"rendered":"Schwanenhals 35 cm schwarz"},"content":{"rendered":"<p>Mit diesem flexiblen <strong>Tablet Halterung<\/strong> <strong>Schwanenhals<\/strong> 35 cm kannst du deinen Bildschirm in die ideale Position bringen. Biege dazu den Schwanenhals mit zwei H\u00e4nden. Neige dann den Bildschirm f\u00fcr den Winkel mit maximalem Komfort. Dieser kurze 35 cm Schwanenhals ist extra steif und daher perfekt f\u00fcr den Einsatz auf dem Schreibtisch (Tisch) oder wenn du viel auf den Bildschirm tippen musst.<\/p>\n<p>GOOS-E Schwanenhalsen sind leicht biegbar (mit leichter Kraft) und gleichzeitig kr\u00e4ftig und stabil. Sowohl f\u00fcr Telefon als auch f\u00fcr Tablet geeignet. Und keine Sorge, dieser Hals wird nicht durchh\u00e4ngen. Das ist es, was den GOOS-E Schwanenhals so einzigartig macht. Er ist mit einer Silikongummibeschichtung versehen, sodass du diesen Hals leicht anfassen kannst. Siehe auch die \u00dcbersicht der <a href=\"https:\/\/goos-e.com\/de\/schwanenhals-tablet-handy-halter\/\">verschiedenen Schwanenh\u00e4lse.<\/a><\/p>\n<p>&nbsp;<\/p>\n<p><strong>\ud83d\udc49 Wieder sofort lieferbar. Bestelle jetzt.\u00a0<\/strong><\/p>\n","protected":false},"excerpt":{"rendered":"<p>Mit diesem flexiblen <strong>Tablet Halterung<\/strong> <strong>Schwanenhals<\/strong> 35 cm kannst du deinen Bildschirm in die ideale Position bringen.<\/p>\n<p><strong>Die Vorteile<\/strong><\/p>\n<ul>\n<li><strong>Starker stabiler Schwanenhals 35 cm\u00a0<\/strong><\/li>\n<li><strong>F\u00fcr viele denkbare Bildschirmpositionen<\/strong><\/li>\n<li><strong>Mit stilvoller Silikonbeschichtung<\/strong><\/li>\n<\/ul>\n<p>&nbsp;<\/p>\n<p>Biege den Schwanenhals mit zwei H\u00e4nden. Neige dann den Bildschirm f\u00fcr den Winkel mit maximalem Komfort. Dieser kurze 35 cm Schwanenhals ist extra steif und daher perfekt f\u00fcr den Einsatz auf dem Schreibtisch (Tisch) oder wenn du viel auf den Bildschirm tippen musst.<\/p>\n<p>GOOS-E Schwanenhalsen sind leicht biegbar (mit leichter Kraft) und gleichzeitig kr\u00e4ftig und stabil. Sowohl f\u00fcr Telefon als auch f\u00fcr Tablet geeignet. Und keine Sorge, dieser Hals wird nicht durchh\u00e4ngen. Das ist es, was den GOOS-E Schwanenhals so einzigartig macht.<\/p>\n<p>Siehe auch die \u00dcbersicht der <strong><a href=\"https:\/\/goos-e.com\/de\/schwanenhals-tablet-handy-halter\/\">verschiedenen Schwanenh\u00e4lse.<\/a><\/strong><\/p>\n<p>Er ist mit einer Silikongummibeschichtung versehen, sodass du diesen Hals leicht anfassen kannst.<\/p>\n<p>Wird geliefert mit Fl\u00fcgelmutter, ohne <strong><a href=\"https:\/\/goos-e.com\/de\/tablet-halterung-kugel-clip\/\">Kugelclip<\/a><\/strong>. Bestelle diesen Clip ggf. hinzu und du kannst deine Halter direkt festmachen und einsetzen.<\/p>\n","protected":false},"featured_media":3561,"comment_status":"open","ping_status":"closed","template":"","meta":[],"product_brand":[],"product_cat":[63],"product_tag":[],"woo-feed-brand":[],"class_list":{"0":"post-6046","1":"product","2":"type-product","3":"status-publish","4":"has-post-thumbnail","6":"product_cat-zubehoer","8":"first","9":"instock","10":"taxable","11":"shipping-taxable","12":"purchasable","13":"product-type-simple"},"_links":{"self":[{"href":"https:\/\/goos-e.com\/de\/wp-json\/wp\/v2\/product\/6046","targetHints":{"allow":["GET"]}}],"collection":[{"href":"https:\/\/goos-e.com\/de\/wp-json\/wp\/v2\/product"}],"about":[{"href":"https:\/\/goos-e.com\/de\/wp-json\/wp\/v2\/types\/product"}],"replies":[{"embeddable":true,"href":"https:\/\/goos-e.com\/de\/wp-json\/wp\/v2\/comments?post=6046"}],"wp:featuredmedia":[{"embeddable":true,"href":"https:\/\/goos-e.com\/de\/wp-json\/wp\/v2\/media\/3561"}],"wp:attachment":[{"href":"https:\/\/goos-e.com\/de\/wp-json\/wp\/v2\/media?parent=6046"}],"wp:term":[{"taxonomy":"product_brand","embeddable":true,"href":"https:\/\/goos-e.com\/de\/wp-json\/wp\/v2\/product_brand?post=6046"},{"taxonomy":"product_cat","embeddable":true,"href":"https:\/\/goos-e.com\/de\/wp-json\/wp\/v2\/product_cat?post=6046"},{"taxonomy":"product_tag","embeddable":true,"href":"https:\/\/goos-e.com\/de\/wp-json\/wp\/v2\/product_tag?post=6046"},{"taxonomy":"woo-feed-brand","embeddable":true,"href":"https:\/\/goos-e.com\/de\/wp-json\/wp\/v2\/woo-feed-brand?post=6046"}],"curies":[{"name":"wp","href":"https:\/\/api.w.org\/{rel}","templated":true}]}}