{"id":6052,"date":"2021-03-13T07:54:31","date_gmt":"2021-06-15T09:55:39","guid":{"rendered":"https:\/\/goose.nanowp.com\/tablet-halterung-9-11-zoll-schwarz\/"},"modified":"2025-10-12T10:44:05","modified_gmt":"2025-10-12T08:44:05","slug":"tablet-halterung-9-11-zoll-schwarz","status":"publish","type":"product","link":"https:\/\/goos-e.com\/de\/tablet-halterung-9-11-zoll-schwarz\/","title":{"rendered":"Tablet Halter 9-11 Zoll schwarz"},"content":{"rendered":"","protected":false},"excerpt":{"rendered":"<p>Dieser separate Halter ist f\u00fcr 9 bis 11 Zoll gro\u00dfe iPads und Tablets geeignet (ohne H\u00fclle, siehe auch Spezifikationen). Dank der 3 ausziehbaren Federbeine ist dein Tablet oder iPad schnell und fest eingespannt.<\/p>\n","protected":false},"featured_media":2404,"comment_status":"open","ping_status":"closed","template":"","meta":[],"product_brand":[],"product_cat":[63],"product_tag":[],"woo-feed-brand":[],"class_list":{"0":"post-6052","1":"product","2":"type-product","3":"status-publish","4":"has-post-thumbnail","6":"product_cat-zubehoer","8":"first","9":"instock","10":"taxable","11":"shipping-taxable","12":"purchasable","13":"product-type-simple"},"_links":{"self":[{"href":"https:\/\/goos-e.com\/de\/wp-json\/wp\/v2\/product\/6052","targetHints":{"allow":["GET"]}}],"collection":[{"href":"https:\/\/goos-e.com\/de\/wp-json\/wp\/v2\/product"}],"about":[{"href":"https:\/\/goos-e.com\/de\/wp-json\/wp\/v2\/types\/product"}],"replies":[{"embeddable":true,"href":"https:\/\/goos-e.com\/de\/wp-json\/wp\/v2\/comments?post=6052"}],"wp:featuredmedia":[{"embeddable":true,"href":"https:\/\/goos-e.com\/de\/wp-json\/wp\/v2\/media\/2404"}],"wp:attachment":[{"href":"https:\/\/goos-e.com\/de\/wp-json\/wp\/v2\/media?parent=6052"}],"wp:term":[{"taxonomy":"product_brand","embeddable":true,"href":"https:\/\/goos-e.com\/de\/wp-json\/wp\/v2\/product_brand?post=6052"},{"taxonomy":"product_cat","embeddable":true,"href":"https:\/\/goos-e.com\/de\/wp-json\/wp\/v2\/product_cat?post=6052"},{"taxonomy":"product_tag","embeddable":true,"href":"https:\/\/goos-e.com\/de\/wp-json\/wp\/v2\/product_tag?post=6052"},{"taxonomy":"woo-feed-brand","embeddable":true,"href":"https:\/\/goos-e.com\/de\/wp-json\/wp\/v2\/woo-feed-brand?post=6052"}],"curies":[{"name":"wp","href":"https:\/\/api.w.org\/{rel}","templated":true}]}}