{"id":6056,"date":"2021-03-10T13:15:39","date_gmt":"2021-03-10T13:15:39","guid":{"rendered":"https:\/\/goose.nanowp.com\/tablet-halterung-auto-pro-xl\/"},"modified":"2026-04-19T22:44:14","modified_gmt":"2026-04-19T20:44:14","slug":"tablet-halterung-auto-pro-xl","status":"publish","type":"product","link":"https:\/\/goos-e.com\/de\/tablet-halterung-auto-pro-xl\/","title":{"rendered":"Tablet Halterung Auto + Handy Halterung  Auto PRO (2 in 1) 6-13 Zoll &#8211; 55 cm"},"content":{"rendered":"<h2>Tablet Halter Auto- Kfz Halterung 55 cm<\/h2>\n<p>Mit dieser <strong>Auto Tablet Halterung + Handyhalter PRO<\/strong> platzierst du deinen mobilen Bildschirm genau so, wie du es m\u00f6chtest. Ideal als zus\u00e4tzlicher Bildschirm f\u00fcr dich oder deinen Beifahrer. Aber auch f\u00fcr die Kinder auf dem R\u00fccksitz.<\/p>\n<h2>Die Teile<\/h2>\n<p>\u2705 Dieser <strong>Tablet Halterung Auto + Handy Halter Auto PRO (2 in1)<\/strong> wurde erneut. Dank des <strong>kompakten 3-Punkt-Designs<\/strong> ist der Halter jetzt sowohl f\u00fcr das Tablet als auch f\u00fcr das Telefon geeignet. Von 6 bis zu 13 Zoll. Das starke 4x Federsystem h\u00e4lt das iPad oder Smartphone einfach, schnell und sicher fest. Sowohl horizontal als vertikal.<\/p>\n<ul>\n<li><strong>Tablets + Handys von 6 bis zu 13 Zoll.<\/strong><\/li>\n<li>Auch <strong>eine H\u00fclle ist kein Problem (bis zu 16 mm dick)<\/strong>.<\/li>\n<li>Wir empfehlen im Auto wohl ein <strong>H\u00f6chstgewicht von 750 Gramm.<\/strong><\/li>\n<\/ul>\n<p>&nbsp;<\/p>\n<p>\u2705 Die einzigartige <strong>Metall-Sitzklemme<\/strong> wird sicher <strong>in \/ oder unter <\/strong>der Sitzschiene befestigt. Mach dir also keine Sorgen, dass das iPad herunterf\u00e4llt. Der Hals l\u00e4sst sich dank der Fl\u00fcgelmutter leicht befestigen. Und kann ggf. wieder abgenommen werden, wenn man einige Zeit nicht unterwegs ist.<\/p>\n<p>&nbsp;<\/p>\n<p>\u2705 Der<strong> 55 cm flexible Schwanenhals ist unten 20 cm fest<\/strong> <strong>+ oben 35 cm biegbar (fix &amp; flex).<\/strong> Das macht ihn extra stark und robust.\u00a0Er kann mit 2 H\u00e4nden in die optimale Position gebogen werden. So bleiben deine Windschutzscheibe und das Armaturenbrett v\u00f6llig frei.<\/p>\n<p>Bei Kurven bewegt sich das Tablet leicht mit (das tun wir auch \ud83d\ude09 ). Mit dem mitgelieferten Clip kann der Hals bei Bedarf zus\u00e4tzlich gest\u00fctzt werden. Stundenlanger Fahrspa\u00df ist dir garantiert!<\/p>\n<p><strong>NEU :<\/strong> Du kannst jetzt zwischen 3 L\u00e4ngen w\u00e4hlen:<\/p>\n<ul>\n<li><a href=\"https:\/\/goos-e.com\/de\/tablet-halterung-auto-handy-halterung-auto-pro-35-cm\/\" target=\"_blank\" rel=\"noopener\"><strong>35 cm kurz<\/strong> <\/a>&#8211; Autos mit niedrigen Sitzen oder Fahrzeuge mit hoher Sitzschiene (Abstand Bildschirmmitte &#8211; Sitzschiene ca. 40 cm)<\/li>\n<li><strong>55 cm Standard<\/strong> \/<strong> Favorit<\/strong> &#8211; f\u00fcr die meisten Autos, Fahrzeuge (Abstand Bildschirmmitte &#8211; Sitzschiene ca. 60 cm)<\/li>\n<li><a href=\"https:\/\/goos-e.com\/de\/auto-tablet-handy-halterung-pro-75cm\/\" target=\"_blank\" rel=\"noopener\"><strong>75 cm<\/strong> <strong>extra lang<\/strong><\/a> &#8211; f\u00fcr Autos mit hohen Sitzen oder LKW\/ Busse (Abstand Bildschirmmitte &#8211; Sitzschiene ca. 80 cm)<\/li>\n<\/ul>\n<p>&nbsp;<\/p>\n<p>M\u00f6chtest du gerne einen <strong>55 cm komplett flexiblen Hals (full-flex)<\/strong> f\u00fcr noch mehr Biegem\u00f6glichkeiten verwenden, dann schick uns einfach eine kurze Mail oder Whatsapp. Sieh dir auch die \u00dcbersicht der GOOS-E\u00ae <a href=\"https:\/\/goos-e.com\/de\/schwanenhals-tablet-handy-halter\/\" target=\"_blank\" rel=\"noopener\">Schwanenh\u00e4lse<\/a> an.<\/p>\n<p>&nbsp;<\/p>\n<p>\ud83d\udc49\u00a0\u00a0<strong>Tipp:<\/strong> <strong>Jedes Auto ist anders. \u00dcberpr\u00fcfe vor der Bestellung, ob sich die Schraube deines Sitzes lockern l\u00e4sst<\/strong>. Zum Beispiel mit einem Inbus- oder Torx-Schl\u00fcssel.<\/p>\n<p><strong>\ud83d\udca1 25% Rabatt<\/strong><\/p>\n<p><strong>GOOS-E\u00ae<\/strong> ist ein <strong>modulares System<\/strong>. Alle extra Teile findest du unter <strong>Zubeh\u00f6r.<\/strong> \u00a0Zum Beispiel eine <a href=\"https:\/\/goos-e.com\/de\/tablet-halterung-klemmvorrichting\/\" target=\"_blank\" rel=\"noopener\"><strong>Klemme<\/strong><\/a><strong> f\u00fcr am Schreibtisch oder Bett,<\/strong> oder stabilen <a href=\"https:\/\/goos-e.com\/de\/tablet-halterung-standfuss\/\" target=\"_blank\" rel=\"noopener\"><strong>Standfuss<\/strong> <\/a>\u00a0<strong>um dein Tablet irgendwo hinzustellen<\/strong>, wenn du mal nicht unterwegs bist. Also sehr praktisch &amp; smart!<\/p>\n<p>F\u00fcge ein Accessoire hinzu und du erh\u00e4ltst <strong>25% Rabatt<\/strong> an der Kasse.<\/p>\n<p><strong>Einfach noch mehr genie\u00dfen.<\/strong>\u00a0\ud83d\ude03<\/p>\n<p>&nbsp;<\/p>\n","protected":false},"excerpt":{"rendered":"<p>Mit dieser <strong>Tablet Halterung Auto &amp; Handy Halterung Auto PRO<\/strong> platzierst du deinen mobilen Bildschirm genau so, wie du es m\u00f6chtest. Gro\u00df oder klein. Sicher und fest. Vorne oder auch hinten im Fahrzeug. F\u00fcr Fahrer, Beifahrer oder Mitfahrer. Dieser Halter ist inzwischen bei vielen sehr beliebt. Mehr Fahrfreude f\u00fcr alle garantiert!<\/p>\n<h2>Die Vorteile<\/h2>\n<ul>\n<li><strong>Frontscheibe &amp; Armaturenbrett v\u00f6llig frei<\/strong><\/li>\n<li><strong>Tablet-Halter + Handyhalter (2 in 1) 6-13&#8243;<\/strong><\/li>\n<li><strong>Flexibler Schwanenhals 55 cm<\/strong><\/li>\n<li><strong>Starke Metall-Sitzklemme<\/strong><\/li>\n<li><strong>Vorne &amp; hinten einsetzbar<\/strong><\/li>\n<li><strong>Sicheres und stilvolles NL-Design<\/strong><\/li>\n<\/ul>\n<p>&nbsp;<\/p>\n<p><strong>\ud83d\udc49 \u00a0TIPP: \u00dcberpr\u00fcfe vor der Bestellung, ob sich die Schraube deines Sitzes lockern l\u00e4sst. <\/strong>Zum\u00a0Beispiel mit einem Inbus- oder Torx-Schl\u00fcssel. Wenn ja bist du &#8220;ready to go!&#8221;<\/p>\n<p>&nbsp;<\/p>\n","protected":false},"featured_media":15278,"comment_status":"open","ping_status":"closed","template":"","meta":[],"product_brand":[],"product_cat":[58,61,222,225],"product_tag":[394,379,371,420,441,443,440,508,509],"woo-feed-brand":[],"class_list":{"0":"post-6056","1":"product","2":"type-product","3":"status-publish","4":"has-post-thumbnail","6":"product_cat-tablet-halterungen-ipadhalter","7":"product_cat-tablet-halterungen-auto","8":"product_cat-ipad-halter","9":"product_cat-ipad-halterung-auto","10":"product_tag-auto-tablet-halterung","11":"product_tag-auto-tablet-halterung-handyhalter-pro","12":"product_tag-autohalterung-fur-tablet","13":"product_tag-ipad-halter-auto","14":"product_tag-tablet-halterung-auto","15":"product_tag-tablet-halterung-auto-flexible","16":"product_tag-tablet-halterung-pro-auto","17":"product_tag-telefoon-houder-auto-de","18":"product_tag-telefoonhouder-auto-de","20":"first","21":"instock","22":"sale","23":"taxable","24":"shipping-taxable","25":"purchasable","26":"product-type-simple"},"_links":{"self":[{"href":"https:\/\/goos-e.com\/de\/wp-json\/wp\/v2\/product\/6056","targetHints":{"allow":["GET"]}}],"collection":[{"href":"https:\/\/goos-e.com\/de\/wp-json\/wp\/v2\/product"}],"about":[{"href":"https:\/\/goos-e.com\/de\/wp-json\/wp\/v2\/types\/product"}],"replies":[{"embeddable":true,"href":"https:\/\/goos-e.com\/de\/wp-json\/wp\/v2\/comments?post=6056"}],"wp:featuredmedia":[{"embeddable":true,"href":"https:\/\/goos-e.com\/de\/wp-json\/wp\/v2\/media\/15278"}],"wp:attachment":[{"href":"https:\/\/goos-e.com\/de\/wp-json\/wp\/v2\/media?parent=6056"}],"wp:term":[{"taxonomy":"product_brand","embeddable":true,"href":"https:\/\/goos-e.com\/de\/wp-json\/wp\/v2\/product_brand?post=6056"},{"taxonomy":"product_cat","embeddable":true,"href":"https:\/\/goos-e.com\/de\/wp-json\/wp\/v2\/product_cat?post=6056"},{"taxonomy":"product_tag","embeddable":true,"href":"https:\/\/goos-e.com\/de\/wp-json\/wp\/v2\/product_tag?post=6056"},{"taxonomy":"woo-feed-brand","embeddable":true,"href":"https:\/\/goos-e.com\/de\/wp-json\/wp\/v2\/woo-feed-brand?post=6056"}],"curies":[{"name":"wp","href":"https:\/\/api.w.org\/{rel}","templated":true}]}}