{"id":6061,"date":"2021-03-10T13:11:30","date_gmt":"2021-03-10T13:11:30","guid":{"rendered":"https:\/\/goose.nanowp.com\/tablet-halterung-mit-klemmvorrichtung-9-bis-11-zoll-schwanenhals-35-cm\/"},"modified":"2026-04-18T10:31:15","modified_gmt":"2026-04-18T08:31:15","slug":"tablethalter-ipad-halterung-schwanenhals-35-cm","status":"publish","type":"product","link":"https:\/\/goos-e.com\/de\/tablethalter-ipad-halterung-schwanenhals-35-cm\/","title":{"rendered":"Tablet Halterung + Handyhalter PRO (2 in 1) 35 cm"},"content":{"rendered":"<p><strong>Mit diesem Tablet-Halterung &amp; Handyhalter PRO 35 cm kannst du deinen Schirm immer platzieren, genau wie du willst.<\/strong><\/p>\n<h3>Die Teile<\/h3>\n<p>\u2705 Der <strong>PRO Halter<\/strong> wurde erneuert.\u00a0Dank des einzigartigen 3-Punkt-Designs ist dieser Halter jetzt sowohl f\u00fcr das Handy als auch f\u00fcr das Tablet geeignet. <strong>Von 6 bis zum 14 Zoll. <\/strong>Auch eine H\u00fclle past (bis zu 16 mm dick). Ein Federsystem fixiert dein iPad oder Smartphone einfach, schnell und sicher. Kurzum, ein intelligenter und kompakter Halter!<\/p>\n<p>&nbsp;<\/p>\n<p>\u2705 Mit der praktischen <strong>2-Wege-Klemme<\/strong> aus Metall kannst du dein iPad, Tablet oder Telefon fast \u00fcberall befestigen. Sowohl waagerecht, zum Beispiel an deinem Schreibtisch. Oder senkrecht stehend, z. B. auf deinem Bettkannte.<\/p>\n<p>&nbsp;<\/p>\n<p>\u2705 Der starke <strong>Schwanenhals<\/strong> ist stabil und dennoch flexibel. Mit 2 H\u00e4nden und leichte Kraft kann man es in jede erdenkliche Position biegen. So erf\u00e4hrst du optimale Ergonomie und Komfort. Und keine Sorge. Dieser Schwanenhals ist robust und h\u00e4ngt nicht durch. Nicht einmal nach vielen Biegungen. Wir haben dass getestet \ud83e\udd13.<\/p>\n<p>&nbsp;<\/p>\n<p><strong>\ud83d\udca1 Tipp :\u00a0 25% Bundle-Rabatt.<\/strong><\/p>\n<p>Willst du deinen Bildschirm auch mal hinstellen auf dein Schreibtisch? Dann f\u00fcge einen <strong><a href=\"https:\/\/goos-e.com\/de\/tablet-halterung-standfuss\/\">stabilen Fuss<\/a><\/strong> unter Zubeh\u00f6r hinzu. GOOS-E\u00ae ist ein modulares System. Du erh\u00e4ltst <strong>25% Rabatt<\/strong> an der Kasse auf alle Zubeh\u00f6r.<\/p>\n<p>F\u00fcr maximalen Komfort und stilvolles, funktionales Design w\u00e4hle diesen Tablet-Halter Telefonhalter PRO.<\/p>\n<p>\ud83d\udc49<strong> Jetzt bestellen.\u00a0<\/strong><\/p>\n","protected":false},"excerpt":{"rendered":"<p><strong>Mit diesem Tablet-Halterung &amp; Handyhalter PRO 35 cm kannst du deinen Schirm immer platzieren, genau wie du willst.<\/strong> Ideal am (Schreib)Tisch, am Bett oder unterwegs im Camper oder Wohnmobil \ud83d\ude09 \ud83d\ude0a Sch\u00f6n kr\u00e4ftig stark &amp; sehr stabil<strong>.\u00a0<\/strong>Du wirst dein iPad, Tablet oder Handy maximal genie\u00dfen.<\/p>\n<h3>Die Vorteile<\/h3>\n<ul>\n<li><strong>Tablet Halterung + Handyhalter 6-14 Zoll<\/strong><\/li>\n<li><strong>Starker flexibler Schwanenhals 35 cm<\/strong><\/li>\n<li><strong>Optimale Bildschirmposition 360 Grad<\/strong><\/li>\n<li><strong>Maximaler ergonomischer Komfort<\/strong><\/li>\n<li><strong>Sicheres und stilvolles NL-Design<\/strong><\/li>\n<\/ul>\n<p>&nbsp;<\/p>\n","protected":false},"featured_media":13178,"comment_status":"open","ping_status":"closed","template":"","meta":[],"product_brand":[],"product_cat":[58,222,224,60],"product_tag":[404,434,445,448,435,595],"woo-feed-brand":[],"class_list":{"0":"post-6061","1":"product","2":"type-product","3":"status-publish","4":"has-post-thumbnail","6":"product_cat-tablet-halterungen-ipadhalter","7":"product_cat-ipad-halter","8":"product_cat-ipad-halter-mit-klemme","9":"product_cat-tablethalter-ipad-halterung-mit-klemmvorrichtung","10":"product_tag-ipad-halter","11":"product_tag-tablet-halter","12":"product_tag-tablet-halterung-boot","13":"product_tag-tablet-halter-flexible","14":"product_tag-tablet-halterung-de","15":"product_tag-telefoonhouder-de","17":"first","18":"instock","19":"taxable","20":"shipping-taxable","21":"purchasable","22":"product-type-simple"},"_links":{"self":[{"href":"https:\/\/goos-e.com\/de\/wp-json\/wp\/v2\/product\/6061","targetHints":{"allow":["GET"]}}],"collection":[{"href":"https:\/\/goos-e.com\/de\/wp-json\/wp\/v2\/product"}],"about":[{"href":"https:\/\/goos-e.com\/de\/wp-json\/wp\/v2\/types\/product"}],"replies":[{"embeddable":true,"href":"https:\/\/goos-e.com\/de\/wp-json\/wp\/v2\/comments?post=6061"}],"wp:featuredmedia":[{"embeddable":true,"href":"https:\/\/goos-e.com\/de\/wp-json\/wp\/v2\/media\/13178"}],"wp:attachment":[{"href":"https:\/\/goos-e.com\/de\/wp-json\/wp\/v2\/media?parent=6061"}],"wp:term":[{"taxonomy":"product_brand","embeddable":true,"href":"https:\/\/goos-e.com\/de\/wp-json\/wp\/v2\/product_brand?post=6061"},{"taxonomy":"product_cat","embeddable":true,"href":"https:\/\/goos-e.com\/de\/wp-json\/wp\/v2\/product_cat?post=6061"},{"taxonomy":"product_tag","embeddable":true,"href":"https:\/\/goos-e.com\/de\/wp-json\/wp\/v2\/product_tag?post=6061"},{"taxonomy":"woo-feed-brand","embeddable":true,"href":"https:\/\/goos-e.com\/de\/wp-json\/wp\/v2\/woo-feed-brand?post=6061"}],"curies":[{"name":"wp","href":"https:\/\/api.w.org\/{rel}","templated":true}]}}