{"id":6062,"date":"2021-03-10T13:10:51","date_gmt":"2021-03-10T12:10:51","guid":{"rendered":"https:\/\/goose.nanowp.com\/tablet-halterung-mit-klemmvorrichtung-9-bis-11-zoll\/"},"modified":"2026-01-26T18:37:52","modified_gmt":"2026-01-26T17:37:52","slug":"tablethalter-ipad-halterung","status":"publish","type":"product","link":"https:\/\/goos-e.com\/de\/tablethalter-ipad-halterung\/","title":{"rendered":"Tablet Halterung 9-11 Zoll mit Schwanenhals 55cm und Klemme"},"content":{"rendered":"<p>Mit dieser <strong>Tablethalter iPad-Halterung <\/strong>kannst du deinen Bildschirm genauso platzieren, wie du es dir w\u00fcnschst.<\/p>\n<h2>Teile Tablet Halterung iPad<\/h2>\n<p>\u2705 Mit der praktischen <strong>2-Wege-Klemmvorrichtung<\/strong> kannst du dein iPad fast \u00fcberall befestigen. Sowohl waagerecht, zum Beispiel am Schreibtisch &#8230; als auch senkrecht stehend, zum Beispiel an deiner Bettkante. Damit du schnell und einfach den (Arbeits-)Standort wechseln kannst.<\/p>\n<p>\u2705 Der <strong>extrem flexible Schwanenhals<\/strong> ist stark und kann mit zwei H\u00e4nden in jede Position gebogen werden. Du wirst optimale Ergonomie und Komfort erleben.<\/p>\n<p>\u2705 Die <strong>Halterung ist f\u00fcr iPads von 9 bis 11 Zoll<\/strong> geeignet (ohne H\u00fclle, siehe auch Spezifikationen).<\/p>\n<p>Kurzum, ein intelligentes und komfortables Paket!<\/p>\n<p>M\u00f6chtest du dein Tablet irgendwo abstellen oder hinstellen? W\u00e4hle dann ein Paket mit stabilen Standfu\u00df, oder f\u00fcge einen <a href=\"https:\/\/goos-e.com\/de\/tablet-halterung-standfuss\/\">Standfu\u00df<\/a> unter Zubeh\u00f6r zu. Du bekommst dabei 25% Rabatt.<\/p>\n","protected":false},"excerpt":{"rendered":"<p>Mit dieser <strong>Tablethalter iPad-Halterung <\/strong>kannst du deinen Bildschirm genauso platzieren, wie du es dir w\u00fcnschst.<\/p>\n<p>&nbsp;<\/p>\n<p>\ud83d\udc49 <strong>Momentan ausverkauft.\u00a0 Wohl<\/strong> <b>direkt lieferbar <a href=\"https:\/\/goos-e.com\/de\/tablet-halterung-handyhalter-pro-2-in-1-55-cm-super-stark\/\">GOOS-E 55 cm PRO extra stark.\u00a0<\/a><\/b><\/p>\n<p>&nbsp;<\/p>\n<p>&nbsp;<\/p>\n","protected":false},"featured_media":2660,"comment_status":"open","ping_status":"closed","template":"","meta":[],"product_brand":[],"product_cat":[58,224,60],"product_tag":[401,404,421,434],"woo-feed-brand":[],"class_list":{"0":"post-6062","1":"product","2":"type-product","3":"status-publish","4":"has-post-thumbnail","6":"product_cat-tablet-halterungen-ipadhalter","7":"product_cat-ipad-halter-mit-klemme","8":"product_cat-tablethalter-ipad-halterung-mit-klemmvorrichtung","9":"product_tag-flexible-tablet-halterung","10":"product_tag-ipad-halter","11":"product_tag-ipad-halter-flexible","12":"product_tag-tablet-halter","14":"first","15":"outofstock","16":"taxable","17":"shipping-taxable","18":"purchasable","19":"product-type-simple"},"_links":{"self":[{"href":"https:\/\/goos-e.com\/de\/wp-json\/wp\/v2\/product\/6062","targetHints":{"allow":["GET"]}}],"collection":[{"href":"https:\/\/goos-e.com\/de\/wp-json\/wp\/v2\/product"}],"about":[{"href":"https:\/\/goos-e.com\/de\/wp-json\/wp\/v2\/types\/product"}],"replies":[{"embeddable":true,"href":"https:\/\/goos-e.com\/de\/wp-json\/wp\/v2\/comments?post=6062"}],"wp:featuredmedia":[{"embeddable":true,"href":"https:\/\/goos-e.com\/de\/wp-json\/wp\/v2\/media\/2660"}],"wp:attachment":[{"href":"https:\/\/goos-e.com\/de\/wp-json\/wp\/v2\/media?parent=6062"}],"wp:term":[{"taxonomy":"product_brand","embeddable":true,"href":"https:\/\/goos-e.com\/de\/wp-json\/wp\/v2\/product_brand?post=6062"},{"taxonomy":"product_cat","embeddable":true,"href":"https:\/\/goos-e.com\/de\/wp-json\/wp\/v2\/product_cat?post=6062"},{"taxonomy":"product_tag","embeddable":true,"href":"https:\/\/goos-e.com\/de\/wp-json\/wp\/v2\/product_tag?post=6062"},{"taxonomy":"woo-feed-brand","embeddable":true,"href":"https:\/\/goos-e.com\/de\/wp-json\/wp\/v2\/woo-feed-brand?post=6062"}],"curies":[{"name":"wp","href":"https:\/\/api.w.org\/{rel}","templated":true}]}}