{"id":6064,"date":"2021-03-10T13:13:45","date_gmt":"2021-03-10T12:13:45","guid":{"rendered":"https:\/\/goose.nanowp.com\/tablet-halterung-mit-klemmvorrichtung-pro-xl-9-bis-14-zoll-schwanenhals-75-cm\/"},"modified":"2026-04-13T10:13:49","modified_gmt":"2026-04-13T08:13:49","slug":"tablethalter-ipad-halterung-pro-xl-schwanenhals-75-cm","status":"publish","type":"product","link":"https:\/\/goos-e.com\/de\/tablethalter-ipad-halterung-pro-xl-schwanenhals-75-cm\/","title":{"rendered":"Tablet Halterung + Handyhalter PRO (2 in 1) 75 cm"},"content":{"rendered":"<h2>Teile Tablet Halterung + Handyhalter PRO 75 cm<\/h2>\n<p>\u2705 Der <strong>PRO Halter<\/strong> wurde erneuert.\u00a0Dank des einzigartigen 3-Punkt-Designs ist dieser Halter jetzt sowohl f\u00fcr das Handy als auch f\u00fcr das Tablet geeignet. <strong>Von 6 bis zum 14 Zoll. <\/strong>Auch eine H\u00fclle past (bis zu 16 mm dick). Ein Federsystem fixiert dein iPad oder Smartphone einfach, schnell und sicher. Kurzum, ein intelligenter und kompakter Halter!<\/p>\n<p>\u2705 Mit der praktischen <strong>2-Wege-Klemme<\/strong> aus Metall kannst du dein iPad, Tablet oder Telefon fast \u00fcberall befestigen. Sowohl waagerecht, zum Beispiel an deinem Schreibtisch. Oder senkrecht stehend, z. B. auf deinem Bettkannte.<\/p>\n<p>\u2705 Der biegsame <strong>lange\u00a0Schwanenhals 75 cm<\/strong> ist leistungsstark und dennoch flexibel. Mit 2 H\u00e4nden kann man es in jede erdenkliche Position biegen. So erf\u00e4hrst du optimale Ergonomie und Komfort. Und keine Sorge. Dieser flexible Schwanenhals ist robust und h\u00e4ngt nicht durch. Nicht einmal nach vielen Biegungen. Wir haben dass getestet \ud83e\udd13.<\/p>\n<p>Tipp : Wenn du deinen Bildschirm lieber hinstellen willst, w\u00e4hle ein Paket mit einem stabilen Standfu\u00df oder f\u00fcge einen Fuss unter <strong><a href=\"https:\/\/goos-e.com\/de\/zubehoer\/\">Zubeh\u00f6r<\/a> <\/strong>hinzu (und erhalte <strong>25% Rabatt<\/strong> an der Kasse).<\/p>\n<p>F\u00fcr maximalen Komfort und stilvolles, funktionales Design w\u00e4hlst du diesen GOOS-E Tablet Halterung + Handyhalter PRO 75 cm.<\/p>\n<p>&nbsp;<\/p>\n","protected":false},"excerpt":{"rendered":"<p>Mit diesem Tablet-Halterung &amp; Handyhalter PRO 75 cm kannst du deinen Bildschirm immer genau so platzieren, wie du willst. Keine schweren Arme oder Nacken mehr. Einfach optimale Sicht &amp; Freude an deinem iPad, Tablet und Handy.<\/p>\n<h2>Die vorteile<\/h2>\n<ul>\n<li><strong>Tablet Halterung + Handyhalter 6-14 Zoll<\/strong><\/li>\n<li><strong>Starker flexibler Schwanenhals 75 cm<\/strong><\/li>\n<li><strong>Optimale Bildschirmposition &#8211; <\/strong><strong>360\u00ba<\/strong><\/li>\n<li><strong>Maximaler ergonomischer Komfort<\/strong><\/li>\n<li><strong>Sicheres und stilvolles NL-Design<\/strong><\/li>\n<\/ul>\n<p>&nbsp;<\/p>\n<p><strong>\ud83d\udc49\u00a0<\/strong><strong>Jetzt bestellen und bald genie\u00dfen!<\/strong><\/p>\n","protected":false},"featured_media":13824,"comment_status":"open","ping_status":"closed","template":"","meta":[],"product_brand":[],"product_cat":[58,222,224,60],"product_tag":[],"woo-feed-brand":[],"class_list":{"0":"post-6064","1":"product","2":"type-product","3":"status-publish","4":"has-post-thumbnail","6":"product_cat-tablet-halterungen-ipadhalter","7":"product_cat-ipad-halter","8":"product_cat-ipad-halter-mit-klemme","9":"product_cat-tablethalter-ipad-halterung-mit-klemmvorrichtung","11":"first","12":"instock","13":"taxable","14":"shipping-taxable","15":"purchasable","16":"product-type-simple"},"_links":{"self":[{"href":"https:\/\/goos-e.com\/de\/wp-json\/wp\/v2\/product\/6064","targetHints":{"allow":["GET"]}}],"collection":[{"href":"https:\/\/goos-e.com\/de\/wp-json\/wp\/v2\/product"}],"about":[{"href":"https:\/\/goos-e.com\/de\/wp-json\/wp\/v2\/types\/product"}],"replies":[{"embeddable":true,"href":"https:\/\/goos-e.com\/de\/wp-json\/wp\/v2\/comments?post=6064"}],"wp:featuredmedia":[{"embeddable":true,"href":"https:\/\/goos-e.com\/de\/wp-json\/wp\/v2\/media\/13824"}],"wp:attachment":[{"href":"https:\/\/goos-e.com\/de\/wp-json\/wp\/v2\/media?parent=6064"}],"wp:term":[{"taxonomy":"product_brand","embeddable":true,"href":"https:\/\/goos-e.com\/de\/wp-json\/wp\/v2\/product_brand?post=6064"},{"taxonomy":"product_cat","embeddable":true,"href":"https:\/\/goos-e.com\/de\/wp-json\/wp\/v2\/product_cat?post=6064"},{"taxonomy":"product_tag","embeddable":true,"href":"https:\/\/goos-e.com\/de\/wp-json\/wp\/v2\/product_tag?post=6064"},{"taxonomy":"woo-feed-brand","embeddable":true,"href":"https:\/\/goos-e.com\/de\/wp-json\/wp\/v2\/woo-feed-brand?post=6064"}],"curies":[{"name":"wp","href":"https:\/\/api.w.org\/{rel}","templated":true}]}}