{"id":6069,"date":"2021-03-10T13:22:37","date_gmt":"2021-06-15T13:33:28","guid":{"rendered":"https:\/\/goose.nanowp.com\/tablet-halterung-mit-standfuss-klemmvorrichtung-pro-xl-9-bis-14-zoll\/"},"modified":"2026-02-17T21:44:09","modified_gmt":"2026-02-17T20:44:09","slug":"tablet-halterung-ipadhalter-pro-xl","status":"publish","type":"product","link":"https:\/\/goos-e.com\/de\/tablet-halterung-ipadhalter-pro-xl\/","title":{"rendered":"Tablet Halterung + Handyhalter PRO (2 in 1) mit Schwanenhals 55 cm"},"content":{"rendered":"<p><strong>Mit diesem Tablet-Halterung &amp; Handyhalter PRO 55 cm kannst du deinen Bildschirm immer genau so platzieren, wie du willst.<\/strong><\/p>\n<p>&nbsp;<\/p>\n<h3>Die Teile<\/h3>\n<p>\u2705 Der <strong>PRO Halter<\/strong> wurde erneuert.\u00a0Dank des einzigartigen 3-Punkt-Designs ist dieser Halter jetzt sowohl f\u00fcr das Handy als auch f\u00fcr das Tablet geeignet. <strong>Von 6 bis zum 14 Zoll. <\/strong>Auch eine H\u00fclle past (bis zu 16 mm dick). Ein Federsystem fixiert dein iPad oder Smartphone einfach, schnell und sicher. Kurzum, ein intelligenter und kompakter Halter!<\/p>\n<p>\u2705 Der extrem <strong>stabile Standfu\u00df<\/strong> von rund 4,8 kg steht sehr fest. Also keine Sorge, dass es umfallen k\u00f6nnte.<\/p>\n<p>\u2705 Der kr\u00e4ftige <a href=\"https:\/\/goos-e.com\/de\/schwanenhals-tablet-handy-halter\/\"><strong>Schwanenhals<\/strong><\/a> ist leistungsstark. Mit 2 H\u00e4nden kann man es in jede erdenkliche Position biegen. So erf\u00e4hrst du optimale Ergonomie und Komfort. Und keine Sorge. Dieser flexible Schwanenhals ist robust und h\u00e4ngt nicht durch. Nicht einmal nach vielen Biegungen. Wir haben dass getestet \ud83e\udd13.<\/p>\n<p>&nbsp;<\/p>\n<h3>25% Zubeh\u00f6r-Rabatt<\/h3>\n<p>M\u00f6chtest du dein Tablet oder Telefon auch irgendwo festklemmen k\u00f6nnen? Dann f\u00fcge eine <strong><a href=\"https:\/\/goos-e.com\/de\/tablet-halterung-klemmvorrichting\/\" target=\"_blank\" rel=\"noopener\">Klemme<\/a> <\/strong>unter <a href=\"https:\/\/goos-e.com\/de\/zubehoer\/\"><strong>Zubeh\u00f6r<\/strong><\/a> hinzu. Du erh\u00e4ltst <strong>25% Accessoire-Rabatt<\/strong> an der Kasse.<\/p>\n<p>&nbsp;<\/p>\n<p><strong>\ud83d\udc49 Kurzum, f\u00fcr maximalen Komfort und stilvolles, funktionales Design w\u00e4hlst du diesen GOOS-E Tablet-Halter + Handyhalter PRO 55 cm.<\/strong><\/p>\n","protected":false},"excerpt":{"rendered":"<p><strong>Mit diesem Tablet-Halterung &amp; Handyhalter PRO 55 cm kannst du deinen Bildschirm immer genau so platzieren, wie du willst. <\/strong>Mit seiner vielseitigen L\u00e4nge von 55 cm eignet er sich f\u00fcr viele Pl\u00e4tze. Zum Beispiel auf deinem Tisch, Schreibtisch, Nachttisch usw. \ud83d\ude03<\/p>\n<h3>Die Vorteile<\/h3>\n<ul>\n<li><strong>Tablet Halterung + Handyhalter (2 in 1) 6-14 Zoll<\/strong><\/li>\n<li><strong>Flexiblen Schwanenhals 55 cm<\/strong><\/li>\n<li><strong>Stabilen Standfuss 4,8 kg<\/strong><\/li>\n<li><strong>Optimale Bildschirmposition &#8211; 360\u00ba<\/strong><\/li>\n<li><strong>Maximaler ergonomischer Komfort<\/strong><\/li>\n<li><strong>Sicheres und stilvolles Dutch-Design<\/strong><\/li>\n<\/ul>\n<p>&nbsp;<\/p>\n<p>F\u00fcr maximalen Komfort und stilvolles, funktionales Design w\u00e4hle diesen Tablet-Halter Telefonhalter PRO.<\/p>\n<p>&nbsp;<\/p>\n<p><strong>\ud83d\udc49 Jetzt bestellen und bald genie\u00dfen!<\/strong><\/p>\n","protected":false},"featured_media":12864,"comment_status":"open","ping_status":"closed","template":"","meta":[],"product_brand":[],"product_cat":[223,58,59],"product_tag":[404,407,423,434,439,387,459,435,595],"woo-feed-brand":[],"class_list":{"0":"post-6069","1":"product","2":"type-product","3":"status-publish","4":"has-post-thumbnail","6":"product_cat-ipad-halter-mit-stabiler-basis","7":"product_cat-tablet-halterungen-ipadhalter","8":"product_cat-tablet-halterung-ipadhalter-standfuss","9":"product_tag-ipad-halter","10":"product_tag-ipad-halter-pro","11":"product_tag-ipad-halter-tisch","12":"product_tag-tablet-halter","13":"product_tag-tablet-halter-pro","14":"product_tag-tablet-halter-schreibtisch","15":"product_tag-tablet-halterung-tisch","16":"product_tag-tablet-halterung-de","17":"product_tag-telefoonhouder-de","19":"first","20":"instock","21":"taxable","22":"shipping-taxable","23":"purchasable","24":"product-type-simple"},"_links":{"self":[{"href":"https:\/\/goos-e.com\/de\/wp-json\/wp\/v2\/product\/6069","targetHints":{"allow":["GET"]}}],"collection":[{"href":"https:\/\/goos-e.com\/de\/wp-json\/wp\/v2\/product"}],"about":[{"href":"https:\/\/goos-e.com\/de\/wp-json\/wp\/v2\/types\/product"}],"replies":[{"embeddable":true,"href":"https:\/\/goos-e.com\/de\/wp-json\/wp\/v2\/comments?post=6069"}],"wp:featuredmedia":[{"embeddable":true,"href":"https:\/\/goos-e.com\/de\/wp-json\/wp\/v2\/media\/12864"}],"wp:attachment":[{"href":"https:\/\/goos-e.com\/de\/wp-json\/wp\/v2\/media?parent=6069"}],"wp:term":[{"taxonomy":"product_brand","embeddable":true,"href":"https:\/\/goos-e.com\/de\/wp-json\/wp\/v2\/product_brand?post=6069"},{"taxonomy":"product_cat","embeddable":true,"href":"https:\/\/goos-e.com\/de\/wp-json\/wp\/v2\/product_cat?post=6069"},{"taxonomy":"product_tag","embeddable":true,"href":"https:\/\/goos-e.com\/de\/wp-json\/wp\/v2\/product_tag?post=6069"},{"taxonomy":"woo-feed-brand","embeddable":true,"href":"https:\/\/goos-e.com\/de\/wp-json\/wp\/v2\/woo-feed-brand?post=6069"}],"curies":[{"name":"wp","href":"https:\/\/api.w.org\/{rel}","templated":true}]}}