{"id":6073,"date":"2021-03-10T13:08:03","date_gmt":"2021-03-10T13:08:03","guid":{"rendered":"https:\/\/goose.nanowp.com\/tablet-halterung-mit-standfuss-klemmvorrichtung-9-bis-11-zoll-langer-schwanenhals-75-cm\/"},"modified":"2026-04-13T10:14:37","modified_gmt":"2026-04-13T08:14:37","slug":"tablet-halterung-ipadhalter-schwanenhals-75-cm","status":"publish","type":"product","link":"https:\/\/goos-e.com\/de\/tablet-halterung-ipadhalter-schwanenhals-75-cm\/","title":{"rendered":"Tablet Halterung + Handyhalter PRO (2 in  1) mit Schwanenhals 75cm"},"content":{"rendered":"<h2><strong>Teile Tablet Halterung &#8211;\u00a0 iPad St\u00e4nder PRO 75 cm\u00a0<\/strong><\/h2>\n<p>\u2705 Der <strong>PRO Halter<\/strong> wurde erneuert.\u00a0Dank des einzigartigen 3-Punkt-Designs ist dieser Halter jetzt sowohl f\u00fcr das Handy als auch f\u00fcr das Tablet geeignet. <strong>Von 6 bis zum 14 Zoll. <\/strong>Auch eine H\u00fclle past (bis zu 16 mm dick). Ein Federsystem fixiert dein iPad oder Smartphone einfach, schnell und sicher. Kurzum, ein intelligenter und kompakter Halter!<\/p>\n<p>\u2705 Der extrem <strong>stabile Standfu\u00df<\/strong> von rund 4,8 kg steht sehr fest.\u00a0 Also keine Sorge, dass es umfallen k\u00f6nnte.<\/p>\n<p>\u2705 Der biegsame <strong>Schwanenhals<\/strong> ist leistungsstark und dennoch flexibel. Mit 2 H\u00e4nden kann man es in jede erdenkliche Position biegen. So erf\u00e4hrst du optimale Ergonomie und Komfort. Und keine Sorge. Dieser flexible Schwanenhals ist robust und h\u00e4ngt nicht durch. Nicht einmal nach vielen Biegungen. Wir haben dass getestet \ud83e\udd13.<\/p>\n<p>M\u00f6chtest du dein Tablet oder Telefon auch irgendwo festklemmen k\u00f6nnen? Dann f\u00fcge eine Klemme unter <a href=\"https:\/\/goos-e.com\/de\/zubehoer\/\"><strong>Zubeh\u00f6r<\/strong><\/a> hinzu (du erh\u00e4ltst <strong>25% Rabatt<\/strong> an der Kasse).<\/p>\n<p><strong>Tipp:<\/strong> Stell diesen Halter auch auf einen (Pflanzen-)Roller und er rollt \u00fcberall mit dir hin.<\/p>\n<p>F\u00fcr maximalen Komfort und stilvolles, funktionales Design w\u00e4hlst du diesen GOOS-E Tablet Halterung &#8211; iPad St\u00e4nder PRO 75 cm.<\/p>\n","protected":false},"excerpt":{"rendered":"<p><strong>Mit diesem Tablet Halterung &#8211; iPad St\u00e4nder PRO 75 cm kannst du deinen Bildschirm immer genau so platzieren, wie du willst. \u00a0<\/strong>Stell es vor deinen Stuhl, dein Sofa, dein Bett oder dein sch\u00f6nes Bad &#8230; und du wirst es stundenlang genie\u00dfen k\u00f6nnen !\ud83d\ude03<\/p>\n<p>&nbsp;<\/p>\n<h2>Vorteile Tablet Halterung PRO 75 cm<\/h2>\n<ul>\n<li><strong>Tablet Halterung + Handyhalter 6-14 Zoll<\/strong><\/li>\n<li><strong>Langer starker Schwanenhals 75 cm<\/strong><\/li>\n<li><strong>Stabilen Standfuss 4,8 kg<\/strong><\/li>\n<li><strong>Optimale Schirmposition &#8211; 360\u00ba<\/strong><\/li>\n<li><strong>Maximaler ergonomischer Komfort<\/strong><\/li>\n<li><strong>Sicheres &amp; stilvolles NL-Design<\/strong><\/li>\n<\/ul>\n<p>&nbsp;<\/p>\n<p><strong>\ud83d\udc49\u00a0<\/strong><strong>Jetzt bestellen und bald genie\u00dfen!<\/strong><\/p>\n","protected":false},"featured_media":13809,"comment_status":"open","ping_status":"closed","template":"","meta":[],"product_brand":[],"product_cat":[58,223,59],"product_tag":[397,400,402,405,417,415,438,462,595],"woo-feed-brand":[],"class_list":{"0":"post-6073","1":"product","2":"type-product","3":"status-publish","4":"has-post-thumbnail","6":"product_cat-tablet-halterungen-ipadhalter","7":"product_cat-ipad-halter-mit-stabiler-basis","8":"product_cat-tablet-halterung-ipadhalter-standfuss","9":"product_tag-dutch-design-de","10":"product_tag-flexible-ipad-staender","11":"product_tag-flexible-tablet-staender","12":"product_tag-ipad-halterung-75-cm","13":"product_tag-ipad-staender-75-cm","14":"product_tag-ipad-staender","15":"product_tag-tablet-halterung-75-cm","16":"product_tag-tablet-staender","17":"product_tag-telefoonhouder-de","19":"first","20":"instock","21":"taxable","22":"shipping-taxable","23":"purchasable","24":"product-type-simple"},"_links":{"self":[{"href":"https:\/\/goos-e.com\/de\/wp-json\/wp\/v2\/product\/6073","targetHints":{"allow":["GET"]}}],"collection":[{"href":"https:\/\/goos-e.com\/de\/wp-json\/wp\/v2\/product"}],"about":[{"href":"https:\/\/goos-e.com\/de\/wp-json\/wp\/v2\/types\/product"}],"replies":[{"embeddable":true,"href":"https:\/\/goos-e.com\/de\/wp-json\/wp\/v2\/comments?post=6073"}],"wp:featuredmedia":[{"embeddable":true,"href":"https:\/\/goos-e.com\/de\/wp-json\/wp\/v2\/media\/13809"}],"wp:attachment":[{"href":"https:\/\/goos-e.com\/de\/wp-json\/wp\/v2\/media?parent=6073"}],"wp:term":[{"taxonomy":"product_brand","embeddable":true,"href":"https:\/\/goos-e.com\/de\/wp-json\/wp\/v2\/product_brand?post=6073"},{"taxonomy":"product_cat","embeddable":true,"href":"https:\/\/goos-e.com\/de\/wp-json\/wp\/v2\/product_cat?post=6073"},{"taxonomy":"product_tag","embeddable":true,"href":"https:\/\/goos-e.com\/de\/wp-json\/wp\/v2\/product_tag?post=6073"},{"taxonomy":"woo-feed-brand","embeddable":true,"href":"https:\/\/goos-e.com\/de\/wp-json\/wp\/v2\/woo-feed-brand?post=6073"}],"curies":[{"name":"wp","href":"https:\/\/api.w.org\/{rel}","templated":true}]}}