{"id":6075,"date":"2021-03-10T13:07:21","date_gmt":"2021-06-15T16:00:23","guid":{"rendered":"https:\/\/goose.nanowp.com\/tablet-halterung-komplettpaket-pro-xl-9-bis-14-zoll-35-cm\/"},"modified":"2025-09-29T22:44:32","modified_gmt":"2025-09-29T20:44:32","slug":"tablet-halterung-komplettpaket-pro-xl-9-bis-14-zoll-35-cm","status":"publish","type":"product","link":"https:\/\/goos-e.com\/de\/tablet-halterung-komplettpaket-pro-xl-9-bis-14-zoll-35-cm\/","title":{"rendered":"Tablet Halterung + Handyhalter PRO (2 in 1) mit Schwanenhals 35 cm"},"content":{"rendered":"<ul>\n<li><strong>Tablet Halterung + Handyhalter 6-14 Zoll<\/strong><\/li>\n<li><strong>Kurzen starker Schwanenhals 35 cm<\/strong><\/li>\n<li><strong>Stabilen Standfuss 4,8 kg<\/strong><\/li>\n<li><strong>Optimale Bildschirmeinstellung &#8211; 360 Grad<\/strong><\/li>\n<li><strong>Maximaler ergonomischer Komfort<\/strong><\/li>\n<li><strong>Sicheres und stilvolles NL-Design<\/strong><\/li>\n<\/ul>\n<p>&nbsp;<\/p>\n<p><strong>Mit diesem Tablet Halterung + Handyhalter PRO 35 cm kannst du deinen Bildschirm immer genau so platzieren, wie du willst. \u00a0<\/strong>Stell es auf deinen Tisch oder Schriebtisch w\u00e4hrend eines Online-Meetings oder als zus\u00e4tzlichen Bildschirm. Du wirst es stundenlang genie\u00dfen k\u00f6nnen !\ud83d\ude03<\/p>\n<p>\u2705 Der <strong>PRO Halter<\/strong> wurde erneuert.\u00a0Dank des einzigartigen 3-Punkt-Designs ist dieser Halter jetzt sowohl f\u00fcr das Handy als auch f\u00fcr das Tablet geeignet. <strong>Von 6 bis zum 14 Zoll. <\/strong>Auch eine H\u00fclle past (bis zu 16 mm dick). Ein Federsystem fixiert dein iPad oder Smartphone einfach, schnell und sicher. Kurzum, ein intelligenter und kompakter Halter!<\/p>\n<p>\u2705 Der extrem <strong>stabile Standfu\u00df<\/strong> von rund 4,8 kg steht sehr fest.\u00a0 Also keine Sorge, dass es umfallen k\u00f6nnte.<\/p>\n<p>\u2705 Der kr\u00e4ftige <strong>Schwanenhals<\/strong> ist leistungsstark. Mit 2 H\u00e4nden kann man es in jede erdenkliche Position biegen. So erf\u00e4hrst du optimale Ergonomie und Komfort.<\/p>\n<p>M\u00f6chtest du dein Tablet oder Telefon auch irgendwo festklemmen k\u00f6nnen? Dann f\u00fcge eine Klemme unter <a href=\"https:\/\/goos-e.com\/de\/zubehoer\/\"><strong>Zubeh\u00f6r<\/strong><\/a> hinzu (du erh\u00e4ltst 25% Rabatt an der Kasse).<\/p>\n<p>F\u00fcr maximalen Komfort und stilvolles, funktionales Design w\u00e4hlst du diesen GOOS-E Tablet Halterung + Handyhalter PRO 35 cm.<\/p>\n<p>&nbsp;<\/p>\n","protected":false},"excerpt":{"rendered":"<ul>\n<li><strong>\u00a0<\/strong><strong>Tablet Halterung + Handyhalter 6-14 Zoll<\/strong><\/li>\n<li><strong>Kurzen starker Schwanenhals 35 cm<\/strong><\/li>\n<li><strong>Stabilen Standfuss 4,8 kg<\/strong><\/li>\n<li><strong>Optimale Bildschirmposition &#8211; 360\u00ba<\/strong><\/li>\n<li><strong>Maximaler ergonomischer Komfort<\/strong><\/li>\n<li><strong>Sicheres und stilvolles NL-Design<\/strong><\/li>\n<\/ul>\n<p>&nbsp;<\/p>\n<p><strong>Mit diesem Tablet Halterung + Handyhalter PRO 35 cm kannst du deinen Bildschirm immer genau so platzieren, wie du willst. \u00a0<\/strong>Stell es auf deinen Tisch oder Schriebtisch w\u00e4hrend eines Online-Meetings oder als zus\u00e4tzlichen Bildschirm. Du wirst es stundenlang genie\u00dfen k\u00f6nnen !\ud83d\ude03<\/p>\n<p>\u2705 Der <strong>PRO Halter<\/strong> wurde erneuert.\u00a0Dank des einzigartigen 3-Punkt-Designs ist dieser Halter jetzt sowohl f\u00fcr das Handy als auch f\u00fcr das Tablet geeignet. <strong>Von 6 bis zum 14 Zoll. <\/strong>Auch eine H\u00fclle past (bis zu 16 mm dick). Ein Federsystem fixiert dein iPad oder Smartphone einfach, schnell und sicher. Kurzum, ein intelligenter und kompakter Halter!<\/p>\n<p>\u2705 Der extrem <strong>stabile Standfu\u00df<\/strong> von rund 4,8 kg steht sehr fest. Also keine Sorge, dass es umfallen k\u00f6nnte. Es hat ein elegantes rundes Design.<\/p>\n<p>\u2705 Der kr\u00e4ftige <a href=\"https:\/\/goos-e.com\/de\/schwanenhals-tablet-handy-halter\/\"><strong>Schwanenhals<\/strong><\/a> ist leistungsstark und sehr stabil. Mit 2 H\u00e4nden und leichte Kraft kann man es in jede erdenkliche Position biegen. So erf\u00e4hrst du optimale Ergonomie und Komfort.<\/p>\n<p>&nbsp;<\/p>\n<p><strong>\ud83d\udca1 Tipp :\u00a0 25% Bundle-Rabatt.<\/strong><\/p>\n<p>Willst du deinen Bildschirm auch mal festklemmen am Schreibtisch oder Schrank? Dann f\u00fcge einen <strong><a href=\"https:\/\/goos-e.com\/de\/tablet-halterung-klemmvorrichting\/\">2-Wege Klemme<\/a> <\/strong>der Rohrklemme unter Zubeh\u00f6r hinzu. GOOS-E\u00ae ist ein modulares System. Du erh\u00e4ltst <strong>25% Rabatt<\/strong> an der Kasse auf alle Zubeh\u00f6r.<\/p>\n<p>F\u00fcr maximalen Komfort und stilvolles, funktionales Design w\u00e4hle diesen Tablet-Halter Telefonhalter PRO.<\/p>\n<p><strong>\ud83d\udc49 J<\/strong><strong>etzt bestellen.<\/strong><\/p>\n","protected":false},"featured_media":13603,"comment_status":"open","ping_status":"closed","template":"","meta":[],"product_brand":[],"product_cat":[58,223,59],"product_tag":[404,407,409,439,387,432,448,435,595,596],"woo-feed-brand":[],"class_list":{"0":"post-6075","1":"product","2":"type-product","3":"status-publish","4":"has-post-thumbnail","6":"product_cat-tablet-halterungen-ipadhalter","7":"product_cat-ipad-halter-mit-stabiler-basis","8":"product_cat-tablet-halterung-ipadhalter-standfuss","9":"product_tag-ipad-halter","10":"product_tag-ipad-halter-pro","11":"product_tag-ipad-halterung-schreibtisch","12":"product_tag-tablet-halter-pro","13":"product_tag-tablet-halter-schreibtisch","14":"product_tag-tablet-halterung","15":"product_tag-tablet-halter-flexible","16":"product_tag-tablet-halterung-de","17":"product_tag-telefoonhouder-de","18":"product_tag-telefoonhouder-bureau-de","20":"first","21":"instock","22":"taxable","23":"shipping-taxable","24":"purchasable","25":"product-type-simple"},"_links":{"self":[{"href":"https:\/\/goos-e.com\/de\/wp-json\/wp\/v2\/product\/6075","targetHints":{"allow":["GET"]}}],"collection":[{"href":"https:\/\/goos-e.com\/de\/wp-json\/wp\/v2\/product"}],"about":[{"href":"https:\/\/goos-e.com\/de\/wp-json\/wp\/v2\/types\/product"}],"replies":[{"embeddable":true,"href":"https:\/\/goos-e.com\/de\/wp-json\/wp\/v2\/comments?post=6075"}],"wp:featuredmedia":[{"embeddable":true,"href":"https:\/\/goos-e.com\/de\/wp-json\/wp\/v2\/media\/13603"}],"wp:attachment":[{"href":"https:\/\/goos-e.com\/de\/wp-json\/wp\/v2\/media?parent=6075"}],"wp:term":[{"taxonomy":"product_brand","embeddable":true,"href":"https:\/\/goos-e.com\/de\/wp-json\/wp\/v2\/product_brand?post=6075"},{"taxonomy":"product_cat","embeddable":true,"href":"https:\/\/goos-e.com\/de\/wp-json\/wp\/v2\/product_cat?post=6075"},{"taxonomy":"product_tag","embeddable":true,"href":"https:\/\/goos-e.com\/de\/wp-json\/wp\/v2\/product_tag?post=6075"},{"taxonomy":"woo-feed-brand","embeddable":true,"href":"https:\/\/goos-e.com\/de\/wp-json\/wp\/v2\/woo-feed-brand?post=6075"}],"curies":[{"name":"wp","href":"https:\/\/api.w.org\/{rel}","templated":true}]}}